{"id":101,"date":"2016-11-16T18:02:27","date_gmt":"2016-11-16T17:02:27","guid":{"rendered":"http:\/\/www.espace-bbta.com\/sophieshop\/?page_id=101"},"modified":"2023-07-13T11:37:31","modified_gmt":"2023-07-13T15:37:31","slug":"endermologie","status":"publish","type":"page","link":"http:\/\/www.formlab.ca\/A23\/endermologie\/","title":{"rendered":"Endermologie"},"content":{"rendered":"<div class=\"wpb-content-wrapper\"><p>[vc_row][vc_column][vc_column_text]<\/p>\n<h2><strong>Endermologie corps<\/strong><\/h2>\n<p>[\/vc_column_text][\/vc_column][\/vc_row][vc_row][vc_column][vc_column_text]<\/p>\n<h3><strong>Qu\u2019est ce que l\u2019Endermologie\u2122?<\/strong><\/h3>\n<p>Valid\u00e9e par plus de 105 \u00e9tudes scientifiques, l\u2019ENDERMOLOGIE\u2122 est la science de stimulation cellulaire mise au point par LPG. Elle permet de r\u00e9activer en profondeur l\u2019activit\u00e9 cellulaire endormie par une stimulation m\u00e9canique de la peau (m\u00e9cano-stimulation) de mani\u00e8re indolore et non invasive.<\/p>\n<p><em>Ses nombreux champs d\u2019applications regroupent<\/em> la sant\u00e9, la beaut\u00e9, et le bien-\u00eatre.<br \/>\nL\u2019ENDERMOLOGIE\u2122 permet de traiter diff\u00e9rentes cibles tissulaires avec un champs d\u2019application tr\u00e8s large. Les t\u00eates de traitement \u00e9quip\u00e9es de Roll (rouleaux) ou de Lift (clapets) saisissent d\u00e9licatement le tissu cutan\u00e9 et permettent ainsi de traiter de mani\u00e8re 100 % naturelle et parfaitement cibl\u00e9e les diff\u00e9rentes zones du corps et du visage selon le principe de m\u00e9cano-stimulation.<\/p>\n<p><strong>Qu\u2019est ce que la M\u00e9cano-Stimulation?<\/strong><br \/>\nLa m\u00e9cano-stimulation est un principe d\u2019action reconnu et valid\u00e9 par la communaut\u00e9 scientifique mondiale : une stimulation m\u00e9canique r\u00e9alis\u00e9e en surface de la peau adresse un signal en profondeur aux cellules (ex : adipocytes et fibroblastes) afin de provoquer une r\u00e9ponse physiologique (ex : activation de la production de collag\u00e8ne et d\u2019\u00e9lastine, ou activation de la lipolyse).<br \/>\nFine pointe de la technologie !<\/p>\n<p><strong>FormLab<\/strong> a beaucoup investi en formation et en \u00e9quipements \u00e0 la fine pointe de la technologie, afin d\u2019offrir \u00e0 ses patients le meilleur service d\u2019endermologie \u00e0 st-bruno. Notamment, l\u2019utilisation de la nouvelle machine Cellu M6 Integral permet des traitements 2 fois plus efficace, comparativement au Cellu M6 Keymodule 2!<\/p>\n<p><strong>Application pour le visage<\/strong><\/p>\n<ul>\n<li><a href=\"http:\/\/www.formlab.ca\/A23\/lifting-du-visage-sans-chirurgie\/\">Lifting du visage sans chirurgie<\/a><\/li>\n<li><a href=\"http:\/\/www.formlab.ca\/A23\/eclaircir-le-visage-et-la-peau\/\">\u00c9claircir le visage et la peau<\/a><\/li>\n<li><a href=\"http:\/\/www.formlab.ca\/A23\/raffermir-le-visage\/\">Raffermir le visage<\/a><\/li>\n<li><a href=\"http:\/\/www.formlab.ca\/A23\/traitement-anti-rides\/\">Traitement anti-rides<\/a><\/li>\n<li><a href=\"http:\/\/www.formlab.ca\/A23\/rajeunissement-du-visage\/\">Rajeunissement du visage<\/a><\/li>\n<\/ul>\n<p><strong>Application pour le corps<\/strong><\/p>\n<ul>\n<li><a href=\"http:\/\/www.formlab.ca\/A23\/traitement-anti-cellulite\/\">Traitement anti-cellulite<\/a><\/li>\n<li><a href=\"http:\/\/www.formlab.ca\/A23\/raffermissement-des-cuisses\/\">Raffermissement des cuisses<\/a><\/li>\n<li><a href=\"http:\/\/www.formlab.ca\/A23\/reduction-de-la-culotte-de-cheval\/\">R\u00e9duction de la culotte de cheval<\/a><\/li>\n<li><a href=\"http:\/\/www.formlab.ca\/A23\/raffermissement-des-fesses\/\">Raffermissement des fesses<\/a><\/li>\n<li><a href=\"http:\/\/www.formlab.ca\/A23\/elimination-des-graisses-localisees\/\">\u00c9limination des graisses localis\u00e9es<\/a><\/li>\n<li><a href=\"http:\/\/www.formlab.ca\/A23\/affiner-les-hanches\/\">Affiner les hanches<\/a><\/li>\n<li><a href=\"http:\/\/www.formlab.ca\/A23\/eliminer-les-poignees-damour\/\">\u00c9liminer les \u00ab\u00a0poign\u00e9es d&rsquo;amour\u00a0\u00bb<\/a><\/li>\n<li><a href=\"http:\/\/www.formlab.ca\/A23\/raffermir-la-peau\/\">Raffermir la peau<\/a><\/li>\n<li><a href=\"http:\/\/www.formlab.ca\/A23\/bruler-les-graisses-du-ventre\/\">Br\u00fbler les graisses du ventre<\/a><\/li>\n<\/ul>\n<p>[\/vc_column_text][\/vc_column][\/vc_row][vc_row][vc_column][vc_column_text]<strong>PRENDRE VOTRE RENDEZ-VOUS EN CLIQUANT ICI<\/strong> :<\/p>\n<div class=\"gorendezvous-button\" data-professionalpagename=\"formlab\" data-bookingwidgeturlparams=\"companyId=101752\" data-language=\"fr\" data-label=\"Prendre un rendez-vous\" data-url=\"https:\/\/www.gorendezvous.com\/\" data-buttoncolor=\"GOrendezvous\" data-width=\"undefined\" data-height=\"undefined\"><a href=\"https:\/\/www.gorendezvous.com\/formlab?companyId=101752\" target=\"GOrendezvous\" rel=\"noopener\">Prendre un rendez-vous<\/a><\/div>\n<p><script>!function (d, s) { var js, sid = \"gorendezvous-bookingwidget-script\"; var sEl = d.getElementById(sid); if(sEl) { sEl.parentNode.removeChild(sEl); } js = d.createElement(s); js.id = sid; js.src = \"https:\/\/www.gorendezvous.com\/Scripts\/gorendezvous.bookingWidgetV2.min.js?v=\" + (Math.floor(new Date().getTime()\/(1000*60*30))*(1000*60*30)).toString(); d.body.appendChild(js); } (document, \"script\");<\/script>[\/vc_column_text][\/vc_column][\/vc_row][vc_row][vc_column][vc_column_text]<\/p>\n<h3 style=\"text-align: center;\"><strong>Endermologie pour le corps<\/strong><\/h3>\n<p>[\/vc_column_text][vc_single_image image=\u00a0\u00bb1194&Prime; img_size=\u00a0\u00bb650&#215;850&Prime;][\/vc_column][\/vc_row]<\/p>\n<\/div>","protected":false},"excerpt":{"rendered":"<p>[vc_row][vc_column][vc_column_text] Endermologie corps [\/vc_column_text][\/vc_column][\/vc_row][vc_row][vc_column][vc_column_text] Qu\u2019est ce que l\u2019Endermologie\u2122? Valid\u00e9e par plus de 105 \u00e9tudes scientifiques, l\u2019ENDERMOLOGIE\u2122 est la science de stimulation cellulaire mise au point par LPG. Elle permet de r\u00e9activer en profondeur l\u2019activit\u00e9 cellulaire endormie par une stimulation m\u00e9canique de la peau (m\u00e9cano-stimulation) de mani\u00e8re indolore et non invasive. Ses nombreux champs d\u2019applications regroupent&hellip;<\/p>\n","protected":false},"author":1,"featured_media":0,"parent":0,"menu_order":0,"comment_status":"closed","ping_status":"closed","template":"","meta":[],"_links":{"self":[{"href":"http:\/\/www.formlab.ca\/A23\/wp-json\/wp\/v2\/pages\/101"}],"collection":[{"href":"http:\/\/www.formlab.ca\/A23\/wp-json\/wp\/v2\/pages"}],"about":[{"href":"http:\/\/www.formlab.ca\/A23\/wp-json\/wp\/v2\/types\/page"}],"author":[{"embeddable":true,"href":"http:\/\/www.formlab.ca\/A23\/wp-json\/wp\/v2\/users\/1"}],"replies":[{"embeddable":true,"href":"http:\/\/www.formlab.ca\/A23\/wp-json\/wp\/v2\/comments?post=101"}],"version-history":[{"count":11,"href":"http:\/\/www.formlab.ca\/A23\/wp-json\/wp\/v2\/pages\/101\/revisions"}],"predecessor-version":[{"id":1216,"href":"http:\/\/www.formlab.ca\/A23\/wp-json\/wp\/v2\/pages\/101\/revisions\/1216"}],"wp:attachment":[{"href":"http:\/\/www.formlab.ca\/A23\/wp-json\/wp\/v2\/media?parent=101"}],"curies":[{"name":"wp","href":"https:\/\/api.w.org\/{rel}","templated":true}]}}