{"id":106,"date":"2016-11-16T18:06:11","date_gmt":"2016-11-16T17:06:11","guid":{"rendered":"http:\/\/www.espace-bbta.com\/sophieshop\/?page_id=106"},"modified":"2023-07-13T12:58:21","modified_gmt":"2023-07-13T16:58:21","slug":"endermolift-visage","status":"publish","type":"page","link":"http:\/\/www.formlab.ca\/A23\/endermolift-visage\/","title":{"rendered":"Endermolift : visage"},"content":{"rendered":"<div class=\"wpb-content-wrapper\"><p>[vc_row][vc_column][vc_column_text]<\/p>\n<h2><strong>Endermologie visage<\/strong><\/h2>\n<p>[\/vc_column_text][\/vc_column][\/vc_row][vc_row][vc_column][vc_column_text]<\/p>\n<h3 style=\"text-align: left;\">Endermologie pour le visage<\/h3>\n<p>L&rsquo;Endermolift\u2122 est une technique th\u00e9rapeutique anti-\u00e2ge <strong>100% naturelle<\/strong> \u00e9prouv\u00e9e qui peut aider \u00e0 am\u00e9liorer plusieurs probl\u00e9matiques li\u00e9es au vieillissement de la peau. <strong>L&rsquo;endermologie du visage peut aider \u00e0<\/strong> :<\/p>\n<ul>\n<li>R\u00e9duire l&rsquo;apparence des rides et des ridules<\/li>\n<li>Raffermir les contours du visage<\/li>\n<li>\u00c9claircir le teint et \u00e0 d\u00e9stocker le double menton<\/li>\n<li>Aider \u00e0 am\u00e9liorer la texture de la peau<\/li>\n<li>R\u00e9duire l&rsquo;apparence des pores dilat\u00e9s.<\/li>\n<\/ul>\n<p>Cette technique non-invasive utilise un massage de m\u00e9cano-stimulation pour stimuler les tissus de la peau, relancer la production naturelle de collag\u00e8ne et d&rsquo;\u00e9lastine, et restructurer la peau pour un lifting facial naturel et sans douleur. En stimulant les fibroblastes, l\u2019endermolift va offrir un effet liftant et permet de mieux d\u00e9finir l&rsquo;ovale du visage, de rehausser les pommettes et de retrouver un teint lumineux. Avec les ann\u00e9es, les fibroblastes, les cellules jeunesse, produisent moins de collag\u00e8ne et d\u2019\u00e9lastine. Petit \u00e0 petit, la peau mincit et perd de sa densit\u00e9 et de sa structure. C\u2019est \u00e0 ce moment que les rides commencent \u00e0 apparaitre. En r\u00e9activant le m\u00e9tabolisme cellulaire et la production de collag\u00e8ne et d\u2019\u00e9lastine, les tissus cutan\u00e9s se reconstruisent et les rides du front, des yeux, du cou et de la bouche sont combl\u00e9es naturellement de l\u2019int\u00e9rieur. L\u2019Endermolift masse en profondeur le derme et stimule la r\u00e9organisation des fibres de collag\u00e8ne qui viennent r\u00e9parer le tissu cutan\u00e9 et r\u00e9duire l\u2019apparence des rides et des ridules de fa\u00e7on durable. Des \u00e9tudes ont d\u00e9montr\u00e9es une diminution de 43% du sillon nasog\u00e9nien, le pli qui relie le nez \u00e0 la bouche et qui se creuse avec les ann\u00e9es. Cette technique non-invasive est id\u00e9ale pour obtenir des r\u00e9sultats visibles d\u00e8s les premi\u00e8res s\u00e9ances. Aussi, gr\u00e2ce \u00e0 la stimulation m\u00e9canique, la technique active le drainage des toxines et la vasculatisation et va permettre d&rsquo;\u00e9claircir la peau et le teint naturellement.<\/p>\n<p>Les s\u00e9ances durent environ 30 minutes et les r\u00e9sultats sont visibles d\u00e8s les premi\u00e8res s\u00e9ances. Cette technique non-invasive offre de <strong>nombreux avantages<\/strong> :<\/p>\n<ul>\n<li>R\u00e9duction des rides et des ridules<\/li>\n<li>Raffermissement des contours du visage<\/li>\n<li>\u00c9claircissement du teint et la r\u00e9duction du double menton.<\/li>\n<\/ul>\n<h3>Les b\u00e9n\u00e9fices :<\/h3>\n<ol>\n<li>Lisse la peau du visage<\/li>\n<li>Raffermit et affine l\u2019ovale du visage<\/li>\n<li>Des pommettes rehauss\u00e9es<\/li>\n<li>Raffermit la peau du cou<\/li>\n<li>\u00c9claircit la peau sans douleur<\/li>\n<li>Un teint \u00e9clatant, une peau velout\u00e9e<\/li>\n<li>Une technique non-invasive et sans anesth\u00e9sie<\/li>\n<li>Sans injection et sans douleur<\/li>\n<li>R\u00e9sultats durables<\/li>\n<\/ol>\n<h4>Probl\u00e9matiques qui peuvent \u00eatre trait\u00e9es avec l\u2019Endermologie :<\/h4>\n<ol>\n<li>Rides et ridules<\/li>\n<li>R\u00e9duction du double menton<\/li>\n<li>Rel\u00e2chement et perte de tonus visage et cou<\/li>\n<li>\u00c9claircissement du teint<\/li>\n<\/ol>\n<p>N&rsquo;h\u00e9sitez pas \u00e0 essayer l&rsquo;Endermologie du Visage pour une apparence plus jeune et plus radieuse![\/vc_column_text][\/vc_column][\/vc_row][vc_row][vc_column][vc_column_text]<strong>PRENDRE VOTRE RENDEZ-VOUS EN CLIQUANT ICI<\/strong> :<\/p>\n<div class=\"gorendezvous-button\" data-professionalpagename=\"formlab\" data-bookingwidgeturlparams=\"companyId=101752\" data-language=\"fr\" data-label=\"Prendre un rendez-vous\" data-url=\"https:\/\/www.gorendezvous.com\/\" data-buttoncolor=\"GOrendezvous\" data-width=\"undefined\" data-height=\"undefined\"><a href=\"https:\/\/www.gorendezvous.com\/formlab?companyId=101752\" target=\"GOrendezvous\" rel=\"noopener\">Prendre un rendez-vous<\/a><\/div>\n<p><script>!function (d, s) { var js, sid = \"gorendezvous-bookingwidget-script\"; var sEl = d.getElementById(sid); if(sEl) { sEl.parentNode.removeChild(sEl); } js = d.createElement(s); js.id = sid; js.src = \"https:\/\/www.gorendezvous.com\/Scripts\/gorendezvous.bookingWidgetV2.min.js?v=\" + (Math.floor(new Date().getTime()\/(1000*60*30))*(1000*60*30)).toString(); d.body.appendChild(js); } (document, \"script\");<\/script>[\/vc_column_text][\/vc_column][\/vc_row][vc_row][vc_column][vc_column_text]<\/p>\n<h3 style=\"text-align: center;\"><strong>Endermologie pour le visage<\/strong><\/h3>\n<p>[\/vc_column_text][vc_single_image image=\u00a0\u00bb1227&Prime; img_size=\u00a0\u00bb650&#215;450&Prime;][\/vc_column][\/vc_row]<\/p>\n<\/div>","protected":false},"excerpt":{"rendered":"<p>[vc_row][vc_column][vc_column_text] Endermologie visage [\/vc_column_text][\/vc_column][\/vc_row][vc_row][vc_column][vc_column_text] Endermologie pour le visage L&rsquo;Endermolift\u2122 est une technique th\u00e9rapeutique anti-\u00e2ge 100% naturelle \u00e9prouv\u00e9e qui peut aider \u00e0 am\u00e9liorer plusieurs probl\u00e9matiques li\u00e9es au vieillissement de la peau. L&rsquo;endermologie du visage peut aider \u00e0 : R\u00e9duire l&rsquo;apparence des rides et des ridules Raffermir les contours du visage \u00c9claircir le teint et \u00e0 d\u00e9stocker&hellip;<\/p>\n","protected":false},"author":1,"featured_media":0,"parent":0,"menu_order":0,"comment_status":"closed","ping_status":"closed","template":"","meta":[],"_links":{"self":[{"href":"http:\/\/www.formlab.ca\/A23\/wp-json\/wp\/v2\/pages\/106"}],"collection":[{"href":"http:\/\/www.formlab.ca\/A23\/wp-json\/wp\/v2\/pages"}],"about":[{"href":"http:\/\/www.formlab.ca\/A23\/wp-json\/wp\/v2\/types\/page"}],"author":[{"embeddable":true,"href":"http:\/\/www.formlab.ca\/A23\/wp-json\/wp\/v2\/users\/1"}],"replies":[{"embeddable":true,"href":"http:\/\/www.formlab.ca\/A23\/wp-json\/wp\/v2\/comments?post=106"}],"version-history":[{"count":11,"href":"http:\/\/www.formlab.ca\/A23\/wp-json\/wp\/v2\/pages\/106\/revisions"}],"predecessor-version":[{"id":1228,"href":"http:\/\/www.formlab.ca\/A23\/wp-json\/wp\/v2\/pages\/106\/revisions\/1228"}],"wp:attachment":[{"href":"http:\/\/www.formlab.ca\/A23\/wp-json\/wp\/v2\/media?parent=106"}],"curies":[{"name":"wp","href":"https:\/\/api.w.org\/{rel}","templated":true}]}}