{"id":1072,"date":"2023-07-10T15:43:41","date_gmt":"2023-07-10T19:43:41","guid":{"rendered":"http:\/\/www.formlab.ca\/A23\/?page_id=1072"},"modified":"2025-02-13T12:24:34","modified_gmt":"2025-02-13T17:24:34","slug":"notre-equipe","status":"publish","type":"page","link":"http:\/\/www.formlab.ca\/A23\/notre-equipe\/","title":{"rendered":"Notre \u00e9quipe"},"content":{"rendered":"<div class=\"wpb-content-wrapper\"><p>[vc_row][vc_column][vc_column_text]<\/p>\n<h2 style=\"text-align: left;\"><strong>Notre \u00e9quipe<\/strong><\/h2>\n<p>[\/vc_column_text][\/vc_column][\/vc_row][vc_row][vc_column width=\u00a0\u00bb1\/2&Prime;][vc_single_image image=\u00a0\u00bb1071&Prime; img_size=\u00a0\u00bb650X950&Prime; alignment=\u00a0\u00bbcenter\u00a0\u00bb style=\u00a0\u00bbvc_box_border\u00a0\u00bb][vc_column_text]<\/p>\n<h3 style=\"text-align: center;\"><strong>Sophie Gosselin<br \/>\n<\/strong><\/h3>\n<p style=\"text-align: left;\"><strong>Fondatrice FormLab<\/strong><br \/>\nDepuis la cr\u00e9ation de son entreprise FormLab en 2004, Sophie est toujours \u00e0 la recherche de mani\u00e8res plus rapide et s\u00e9curitaire afin d\u2019obtenir les meilleurs r\u00e9sultats possible sans nuire \u00e0 la sant\u00e9. Sophie aime d\u00e9couvrir et essayer les nouvelles technologies sur le march\u00e9 pour offrir ce qu\u2019il y a de mieux pour ses clients. Elle a fait ses \u00e9tudes en ost\u00e9opathie. Sophie est aussi massoth\u00e9rapeute et endermologue senior. Elle fait des formations ici au Qu\u00e9bec, mais aussi d&rsquo;autres \u00e0 l&rsquo;international. Elle adore \u00e9changer et donner des formations pour partager ses connaissances. Sophie adore faire les soins pr\u00e9op\u00e9ratoires et postop\u00e9ratoires pour tous types de chirurgies et s&rsquo;assurer que ses clients puissent recevoir des soins tr\u00e8s professionnels avant et apr\u00e8s leur op\u00e9ration. En gros, Sophie Gosselin est une amoureuse de la sant\u00e9 en g\u00e9n\u00e9ral et aime faire du bien!<\/p>\n<p>[\/vc_column_text][\/vc_column][vc_column width=\u00a0\u00bb1\/2&Prime;][vc_single_image image=\u00a0\u00bb1084&Prime; img_size=\u00a0\u00bb650X950&Prime; alignment=\u00a0\u00bbcenter\u00a0\u00bb style=\u00a0\u00bbvc_box_border\u00a0\u00bb][vc_column_text]<\/p>\n<h3 style=\"text-align: center;\"><strong>Doroth\u00e9e Simard<\/strong><\/h3>\n<p style=\"text-align: left;\">Avec en t\u00eate la passion du sport et de l\u2019activit\u00e9 physique, elle a fait un baccalaur\u00e9at en kin\u00e9siologie \u00e0 l\u2019universit\u00e9 de Sherbrooke en 2005. Ensuite afin de mieux aider sa client\u00e8le avec des douleurs et des tensions, elle a suivi son cours de massoth\u00e9rapie, kin\u00e9sith\u00e9rapie et orthoth\u00e9rapie. Grande passionn\u00e9e par le corps humain, elle ne compte plus les heures de formation continue. Sa nouvelle arme secr\u00e8te, la neuroth\u00e9rapie.<\/p>\n<p style=\"text-align: left;\">Ce qu\u2019elle aime le plus chez Formlab, c\u2019est la diversit\u00e9 des traitements offerts, de l\u2019utilisation d\u2019outils \u00e0 la fine pointe de la technologie et l\u2019extraordinaire \u00e9quipe qui partage sa passion.<span class=\"Apple-converted-space\">\u00a0<\/span><\/p>\n<p>[\/vc_column_text][\/vc_column][\/vc_row][vc_row][vc_column width=\u00a0\u00bb1\/2&Prime;][vc_single_image image=\u00a0\u00bb1087&Prime; img_size=\u00a0\u00bb650X950&Prime; alignment=\u00a0\u00bbcenter\u00a0\u00bb style=\u00a0\u00bbvc_box_border\u00a0\u00bb][vc_column_text]<\/p>\n<h3 style=\"text-align: center;\"><strong>Paola Cabrera<\/strong><\/h3>\n<p style=\"text-align: left;\">N\u00e9e en \u00c9quateur, et ayant fait 7 ans de m\u00e9decine et 4 ans de dermatologie, Paola est maintenant au Qu\u00e9bec avec toutes ses connaissances m\u00e9dicales, surtout en m\u00e9decine esth\u00e9tique, ses comp\u00e9tences et son exp\u00e9rience en soins de la peau. Elle saura vous guider vers vos objectifs, qu&rsquo;il s&rsquo;agisse de travailler avec des technologies ou des recommandations de soins du visage ou les meilleurs produits sur le march\u00e9 pour maximiser vos r\u00e9sultats. Elle est aussi endermologue expert corporelle et faciale.<span class=\"Apple-converted-space\">\u00a0<\/span><\/p>\n<p>[\/vc_column_text][\/vc_column][vc_column width=\u00a0\u00bb1\/2&Prime;][vc_single_image image=\u00a0\u00bb1089&Prime; img_size=\u00a0\u00bb650X950&Prime; alignment=\u00a0\u00bbcenter\u00a0\u00bb style=\u00a0\u00bbvc_box_border\u00a0\u00bb][vc_column_text]<\/p>\n<h3 style=\"text-align: center;\"><strong>Rebecca Beaubien<br \/>\n<\/strong><\/h3>\n<p style=\"text-align: left;\">Rebecca est notre cadette, mais oh combien appr\u00e9ci\u00e9e de notre client\u00e8le. \u00c9tant responsable de l\u2019exp\u00e9rience client, son \u00e9coute incroyable et sa sensibilit\u00e9 feront en sorte que vous vous sentirez en confiance d\u00e8s le premier instant. Dipl\u00f4m\u00e9e en massoth\u00e9rapie avec d\u00e9tail du soin in\u00e9gal\u00e9, elle se sp\u00e9cialise dans le massage su\u00e9dois th\u00e9rapeutique. Son arriv\u00e9e chez Formlab lui a vite permis de d\u00e9velopper son expertise dans tous les soins corps et visage disponible au centre. Elle aime particuli\u00e8rement l\u2019accompagnement postop\u00e9ratoire et tous les suivis que \u00e7a implique.<span class=\"Apple-converted-space\">\u00a0<\/span><\/p>\n<p>[\/vc_column_text][\/vc_column][\/vc_row]<\/p>\n<\/div>","protected":false},"excerpt":{"rendered":"<p>[vc_row][vc_column][vc_column_text] Notre \u00e9quipe [\/vc_column_text][\/vc_column][\/vc_row][vc_row][vc_column width=\u00a0\u00bb1\/2&Prime;][vc_single_image image=\u00a0\u00bb1071&Prime; img_size=\u00a0\u00bb650X950&Prime; alignment=\u00a0\u00bbcenter\u00a0\u00bb style=\u00a0\u00bbvc_box_border\u00a0\u00bb][vc_column_text] Sophie Gosselin Fondatrice FormLab Depuis la cr\u00e9ation de son entreprise FormLab en 2004, Sophie est toujours \u00e0 la recherche de mani\u00e8res plus rapide et s\u00e9curitaire afin d\u2019obtenir les meilleurs r\u00e9sultats possible sans nuire \u00e0 la sant\u00e9. Sophie aime d\u00e9couvrir et essayer les nouvelles technologies sur le&hellip;<\/p>\n","protected":false},"author":1,"featured_media":0,"parent":0,"menu_order":0,"comment_status":"closed","ping_status":"closed","template":"","meta":[],"_links":{"self":[{"href":"http:\/\/www.formlab.ca\/A23\/wp-json\/wp\/v2\/pages\/1072"}],"collection":[{"href":"http:\/\/www.formlab.ca\/A23\/wp-json\/wp\/v2\/pages"}],"about":[{"href":"http:\/\/www.formlab.ca\/A23\/wp-json\/wp\/v2\/types\/page"}],"author":[{"embeddable":true,"href":"http:\/\/www.formlab.ca\/A23\/wp-json\/wp\/v2\/users\/1"}],"replies":[{"embeddable":true,"href":"http:\/\/www.formlab.ca\/A23\/wp-json\/wp\/v2\/comments?post=1072"}],"version-history":[{"count":20,"href":"http:\/\/www.formlab.ca\/A23\/wp-json\/wp\/v2\/pages\/1072\/revisions"}],"predecessor-version":[{"id":1312,"href":"http:\/\/www.formlab.ca\/A23\/wp-json\/wp\/v2\/pages\/1072\/revisions\/1312"}],"wp:attachment":[{"href":"http:\/\/www.formlab.ca\/A23\/wp-json\/wp\/v2\/media?parent=1072"}],"curies":[{"name":"wp","href":"https:\/\/api.w.org\/{rel}","templated":true}]}}