{"id":1294,"date":"2025-02-11T15:26:26","date_gmt":"2025-02-11T20:26:26","guid":{"rendered":"https:\/\/www.formlab.ca\/A23\/?page_id=1294"},"modified":"2025-02-11T15:38:16","modified_gmt":"2025-02-11T20:38:16","slug":"soins-post-operatoires-pour-une-recuperation-optimale","status":"publish","type":"page","link":"http:\/\/www.formlab.ca\/A23\/soins-post-operatoires-pour-une-recuperation-optimale\/","title":{"rendered":"Soins post-op\u00e9ratoires \u2013 Pour une r\u00e9cup\u00e9ration optimale"},"content":{"rendered":"<div class=\"wpb-content-wrapper\"><p>[vc_row][vc_column][vc_column_text css=\u00a0\u00bb\u00a0\u00bb]Chez <b>FormLab, <\/b>nous savons que chaque intervention chirurgicale est une \u00e9preuve pour le corps. C\u2019est pourquoi nous avons d\u00e9velopp\u00e9 un protocole de <b>soins post-op\u00e9ratoires<\/b> unique, combinant des techniques avanc\u00e9es pour acc\u00e9l\u00e9rer votre gu\u00e9rison, r\u00e9duire l\u2019inflammation et am\u00e9liorer votre confort.<\/p>\n<p>Notre approche repose sur une expertise internationale, acquise dans les meilleures \u00e9coles et selon les protocoles les plus efficaces en mati\u00e8re de r\u00e9cup\u00e9ration post-chirurgicale. Nous vous accompagnons \u00e0 chaque \u00e9tape avec des soins personnalis\u00e9s et adapt\u00e9s \u00e0 l\u2019\u00e9volution de votre gu\u00e9rison.[\/vc_column_text][\/vc_column][\/vc_row][vc_row][vc_column][vc_empty_space height=\u00a0\u00bb10px\u00a0\u00bb][vc_column_text css=\u00a0\u00bb\u00a0\u00bb]<\/p>\n<h3><b>Nos soins sp\u00e9cialis\u00e9s pour une r\u00e9cup\u00e9ration optimale selon chaque personne<\/b><\/h3>\n<p>\u2714 <b>Drainage lymphatique manuel et m\u00e9dical<\/b> \u2013 Une technique essentielle pour r\u00e9duire l\u2019enflure et les ecchymoses, am\u00e9liorer la circulation, favoriser l\u2019\u00e9limination des toxines et bien cicatriser la peau, que \u00e7a soit un soin manuel ou m\u00e9canique, nos traitements sont adapt\u00e9s selon votre cheminement de gu\u00e9rison.<span class=\"Apple-converted-space\">\u00a0<\/span><\/p>\n<p>\u2714 <b>Th\u00e9rapie BEMER<\/b> \u2013 Une technologie innovante qui stimule la microcirculation et optimise l\u2019apport en oxyg\u00e8ne et nutriments pour acc\u00e9l\u00e9rer la r\u00e9g\u00e9n\u00e9ration des tissus. Disponible aussi en location mensuelle pour prolonger les bienfaits \u00e0 domicile.<\/p>\n<p>\u2714 <b>Taping th\u00e9rapeutique<\/b> \u2013 Une m\u00e9thode efficace pour soutenir les tissus, r\u00e9duire la douleur et faciliter le drainage naturel du corps.<\/p>\n<p>\u2714 <b>Bandes de silicone m\u00e9dicales<\/b> \u2013 Id\u00e9ales pour am\u00e9liorer la cicatrisation et minimiser l\u2019apparence des cicatrices.<\/p>\n<p>\u2714 <b>Lumi\u00e8re LED<\/b> \u2013 Un soin de photobiostimulation qui favorise la r\u00e9g\u00e9n\u00e9ration cellulaire, diminue l\u2019inflammation et optimise la cicatrisation.<\/p>\n<p>\u2714 <b>Suivi et soins personnalis\u00e9s<\/b> \u2013 Chaque corps gu\u00e9rit \u00e0 son rythme. Nous adaptons nos soins \u00e0 votre \u00e9volution pour vous offrir une r\u00e9cup\u00e9ration douce, efficace et s\u00e9curitaire.[\/vc_column_text][vc_empty_space height=\u00a0\u00bb10px\u00a0\u00bb][\/vc_column][\/vc_row][vc_row][vc_column][vc_column_text css=\u00a0\u00bb\u00a0\u00bb]<\/p>\n<h2><b>Pourquoi nous choisir pour vos soins post-op ?<\/b><\/h2>\n<p><b>Une expertise internationale<\/b> \u2013 Form\u00e9s aux meilleures techniques de soins post-op\u00e9ratoires.<br \/>\n<b>Une approche globale et personnalis\u00e9e<\/b> \u2013 Chaque protocole est ajust\u00e9 selon votre type d\u2019intervention et votre progression.<br \/>\n<b>Des r\u00e9sultats optimis\u00e9s<\/b> \u2013 Nous combinons des technologies avanc\u00e9es et des techniques manuelles pour maximiser votre bien-\u00eatre.<\/p>\n<p>Que vous ayez subi une chirurgie esth\u00e9tique, orthop\u00e9dique ou reconstructrice, nos soins vous aideront \u00e0 <b>r\u00e9cup\u00e9rer plus rapidement, avec moins de douleurs et de complications<\/b>.<\/p>\n<h3><b>Prenez rendez-vous d\u00e8s aujourd<\/b><b>\u2019<\/b><b>hui et donnez \u00e0 votre corps le soutien qu<\/b><b>\u2019<\/b><b>il m\u00e9rite.<\/b><b><\/b><\/h3>\n<p><b>Contactez-nous pour en savoir plus sur nos soins ou pour la location ou l\u2019achat du BEMER.<\/b><b><\/b><\/p>\n<p><span style=\"color: #339966;\"><a style=\"color: #339966;\" href=\"https:\/\/www.gorendezvous.com\/formlab?companyId=101752\"><b>Prendre un rendez-vous<\/b><\/a><\/span>[\/vc_column_text][\/vc_column][\/vc_row]<\/p>\n<\/div>","protected":false},"excerpt":{"rendered":"<p>[vc_row][vc_column][vc_column_text css=\u00a0\u00bb\u00a0\u00bb]Chez FormLab, nous savons que chaque intervention chirurgicale est une \u00e9preuve pour le corps. C\u2019est pourquoi nous avons d\u00e9velopp\u00e9 un protocole de soins post-op\u00e9ratoires unique, combinant des techniques avanc\u00e9es pour acc\u00e9l\u00e9rer votre gu\u00e9rison, r\u00e9duire l\u2019inflammation et am\u00e9liorer votre confort. Notre approche repose sur une expertise internationale, acquise dans les meilleures \u00e9coles et selon les&hellip;<\/p>\n","protected":false},"author":1,"featured_media":0,"parent":0,"menu_order":0,"comment_status":"closed","ping_status":"closed","template":"","meta":[],"_links":{"self":[{"href":"http:\/\/www.formlab.ca\/A23\/wp-json\/wp\/v2\/pages\/1294"}],"collection":[{"href":"http:\/\/www.formlab.ca\/A23\/wp-json\/wp\/v2\/pages"}],"about":[{"href":"http:\/\/www.formlab.ca\/A23\/wp-json\/wp\/v2\/types\/page"}],"author":[{"embeddable":true,"href":"http:\/\/www.formlab.ca\/A23\/wp-json\/wp\/v2\/users\/1"}],"replies":[{"embeddable":true,"href":"http:\/\/www.formlab.ca\/A23\/wp-json\/wp\/v2\/comments?post=1294"}],"version-history":[{"count":6,"href":"http:\/\/www.formlab.ca\/A23\/wp-json\/wp\/v2\/pages\/1294\/revisions"}],"predecessor-version":[{"id":1303,"href":"http:\/\/www.formlab.ca\/A23\/wp-json\/wp\/v2\/pages\/1294\/revisions\/1303"}],"wp:attachment":[{"href":"http:\/\/www.formlab.ca\/A23\/wp-json\/wp\/v2\/media?parent=1294"}],"curies":[{"name":"wp","href":"https:\/\/api.w.org\/{rel}","templated":true}]}}