{"id":179,"date":"2016-12-01T21:52:08","date_gmt":"2016-12-01T20:52:08","guid":{"rendered":"http:\/\/www.espace-bbta.com\/sophieshop\/?page_id=179"},"modified":"2016-12-01T21:52:08","modified_gmt":"2016-12-01T20:52:08","slug":"lifting-du-visage-sans-chirurgie","status":"publish","type":"page","link":"http:\/\/www.formlab.ca\/A23\/lifting-du-visage-sans-chirurgie\/","title":{"rendered":"Lifting du visage sans chirurgie"},"content":{"rendered":"<p><strong>Lifting du visage sans chirurgie<\/strong><br \/>\nPour un visage rajeuni et lumineux!<br \/>\n<strong>VOUS R\u00caVEZ D\u2019UNE APPARENCE PLUS JEUNE!<\/strong><br \/>\nLa peau est un v\u00e9ritable organe qui respire et se reg\u00e9n\u00e8re. D\u00e8s l\u2019\u00e2ge de 25 ans, la production de collag\u00e8ne et d\u2019\u00e9lastine ralentit. L\u2019ovale du visage se rel\u00e2che et les rides apparaissent.<br \/>\nLe lifting sans chirurgie du visage est id\u00e9al pour r\u00e9activer la production de collag\u00e8ne et d\u2019\u00e9lastine. Il r\u00e9active les cellules jeunesse : les fibroblastes. Gr\u00e2ce \u00e0 son effet lifting, l\u2019ovale de votre visage et vos contours seront mieux d\u00e9finis et vos pommettes rehauss\u00e9es.<br \/>\n<strong>L\u2019ENDERMOLIFT\u2122 : UNE TECHNIQUE 100% NATURELLE<\/strong><br \/>\nL\u2019Endermolift est une technique th\u00e9rapeutique anti-\u00e2ge \u00e9prouv\u00e9e qui rend la peau plus souple. Ce lifting visage naturel sans douleur stimule la production de collag\u00e8ne et restructure la peau.<br \/>\nLe lifting facial est une technique non-invasive qui vous procurera bien-\u00eatre et r\u00e9sultats d\u00e8s les premi\u00e8res visites.<br \/>\n<strong>LE LIFTING SANS CHIRURGIE : UNE TECHNIQUE \u00c9PROUV\u00c9E<\/strong><br \/>\nPas moins de 85 \u00e9tudes ont d\u00e9montr\u00e9 que l\u2019ENDERMOLIFT redensifie la peau jusqu\u2019\u00e0 240% et am\u00e9liore la fermet\u00e9 du visage.<br \/>\n100% naturel<br \/>\n<strong>DES BIENFAITS INCONTESTABLES<\/strong><br \/>\n+ Lifting du visage sans chirurgie<br \/>\n+ Un ovale re-dessin\u00e9<br \/>\n+ Sans chirurgie, sans anesth\u00e9sie<br \/>\n+ Appuy\u00e9 par 25 ans de recherches scientifiques<br \/>\n+ Pas besoin de prendre cong\u00e9<br \/>\n+ Lifting efficasse pour le visage complet \u2013 cou, l\u00e8vres, yeux, front, sourcils, paupi\u00e8res. etc.<\/p>\n","protected":false},"excerpt":{"rendered":"<p>Lifting du visage sans chirurgie Pour un visage rajeuni et lumineux! VOUS R\u00caVEZ D\u2019UNE APPARENCE PLUS JEUNE! La peau est un v\u00e9ritable organe qui respire et se reg\u00e9n\u00e8re. D\u00e8s l\u2019\u00e2ge de 25 ans, la production de collag\u00e8ne et d\u2019\u00e9lastine ralentit. L\u2019ovale du visage se rel\u00e2che et les rides apparaissent. Le lifting sans chirurgie du visage&hellip;<\/p>\n","protected":false},"author":1,"featured_media":0,"parent":0,"menu_order":0,"comment_status":"closed","ping_status":"closed","template":"","meta":[],"_links":{"self":[{"href":"http:\/\/www.formlab.ca\/A23\/wp-json\/wp\/v2\/pages\/179"}],"collection":[{"href":"http:\/\/www.formlab.ca\/A23\/wp-json\/wp\/v2\/pages"}],"about":[{"href":"http:\/\/www.formlab.ca\/A23\/wp-json\/wp\/v2\/types\/page"}],"author":[{"embeddable":true,"href":"http:\/\/www.formlab.ca\/A23\/wp-json\/wp\/v2\/users\/1"}],"replies":[{"embeddable":true,"href":"http:\/\/www.formlab.ca\/A23\/wp-json\/wp\/v2\/comments?post=179"}],"version-history":[{"count":1,"href":"http:\/\/www.formlab.ca\/A23\/wp-json\/wp\/v2\/pages\/179\/revisions"}],"predecessor-version":[{"id":180,"href":"http:\/\/www.formlab.ca\/A23\/wp-json\/wp\/v2\/pages\/179\/revisions\/180"}],"wp:attachment":[{"href":"http:\/\/www.formlab.ca\/A23\/wp-json\/wp\/v2\/media?parent=179"}],"curies":[{"name":"wp","href":"https:\/\/api.w.org\/{rel}","templated":true}]}}