{"id":181,"date":"2016-12-01T21:53:20","date_gmt":"2016-12-01T20:53:20","guid":{"rendered":"http:\/\/www.espace-bbta.com\/sophieshop\/?page_id=181"},"modified":"2016-12-01T21:53:20","modified_gmt":"2016-12-01T20:53:20","slug":"eclaircir-le-visage-et-la-peau","status":"publish","type":"page","link":"http:\/\/www.formlab.ca\/A23\/eclaircir-le-visage-et-la-peau\/","title":{"rendered":"\u00c9claircir le visage et la peau"},"content":{"rendered":"<p><strong>Un visage lumineux en 15 minutes<\/strong><br \/>\n<strong>C\u2019est possible gr\u00e2ce \u00e0 l\u2019Endermolift!<\/strong><\/p>\n<p><strong>UNE PEAU DOUCE COMME DU VELOURS<\/strong><br \/>\nVous vous trouvez l\u2019air fatigu\u00e9 et le teint terne? Le stress, la pollution et le tabac n\u2019y sont probablement pas \u00e9trangers. En surface, ils vous donnent l\u2019air fatigu\u00e9 mais ils agissent aussi en profondeur en troublant la micro-circulation veineuse et lymphatique.<br \/>\n<strong>R\u00e9sultats<\/strong> : les toxines s\u2019accumulent, le visage perd de son \u00e9clat et votre teint devient terne et gris.<\/p>\n<p><strong>\u00c9CLAIRCIR LA PEAU DU VISAGE SANS DOULEUR<\/strong><br \/>\nEn une seule s\u00e9ance de quinze minutes, la stimulation m\u00e9canique au c\u0153ur de l\u2019Endermolift active le drainage des toxines et la vasculatisation pour \u00e9claircir la peau et le teint naturellement. Les tissus respirent mieux et votre teint retrouvera de sa fra\u00eecheur et de son \u00e9clat. Des dizaines d\u2019\u00e9tudes scientifiques et cliniques d\u00e9montre l\u2019efficacit\u00e9 de l\u2019Endermolift pour stimuler la production de collag\u00e8ne et d\u2019\u00e9lastine \u00e0 la source d\u2019un look plus jeune et revitalis\u00e9.<\/p>\n<p><strong>ID\u00c9AL AVANT UNE SOIR\u00c9E!<\/strong><br \/>\nEn 15 minutes seulement, les r\u00e9sultats sont visibles. Vous retrouverez une peau velout\u00e9e et un visage frais, lumineux et \u00e9clatant gr\u00e2ce \u00e0 la m\u00e9cano-stimulation qui rend la peau plus souple et plus \u00e9lastique donc plus jeune. Vous avez envie de briller lors de votre prochaine soir\u00e9e, relancer la production naturelle de collag\u00e8ne et d\u2019\u00e9lastine gr\u00e2ce \u00e0 notre technologie de pointe!<br \/>\n<strong>100% naturel<\/strong><\/p>\n<p><strong>DES BIENFAITS INCOMPARABLES<\/strong><br \/>\n+ Des r\u00e9sultats en 15 minutes<br \/>\n+ Sans chirurgie ni anesth\u00e9sie<br \/>\n+ \u00c9claircit la peau sans douleur<br \/>\n+ Un teint \u00e9clatant, une peau velout\u00e9e<\/p>\n","protected":false},"excerpt":{"rendered":"<p>Un visage lumineux en 15 minutes C\u2019est possible gr\u00e2ce \u00e0 l\u2019Endermolift! UNE PEAU DOUCE COMME DU VELOURS Vous vous trouvez l\u2019air fatigu\u00e9 et le teint terne? Le stress, la pollution et le tabac n\u2019y sont probablement pas \u00e9trangers. En surface, ils vous donnent l\u2019air fatigu\u00e9 mais ils agissent aussi en profondeur en troublant la micro-circulation&hellip;<\/p>\n","protected":false},"author":1,"featured_media":0,"parent":0,"menu_order":0,"comment_status":"closed","ping_status":"closed","template":"","meta":[],"_links":{"self":[{"href":"http:\/\/www.formlab.ca\/A23\/wp-json\/wp\/v2\/pages\/181"}],"collection":[{"href":"http:\/\/www.formlab.ca\/A23\/wp-json\/wp\/v2\/pages"}],"about":[{"href":"http:\/\/www.formlab.ca\/A23\/wp-json\/wp\/v2\/types\/page"}],"author":[{"embeddable":true,"href":"http:\/\/www.formlab.ca\/A23\/wp-json\/wp\/v2\/users\/1"}],"replies":[{"embeddable":true,"href":"http:\/\/www.formlab.ca\/A23\/wp-json\/wp\/v2\/comments?post=181"}],"version-history":[{"count":1,"href":"http:\/\/www.formlab.ca\/A23\/wp-json\/wp\/v2\/pages\/181\/revisions"}],"predecessor-version":[{"id":182,"href":"http:\/\/www.formlab.ca\/A23\/wp-json\/wp\/v2\/pages\/181\/revisions\/182"}],"wp:attachment":[{"href":"http:\/\/www.formlab.ca\/A23\/wp-json\/wp\/v2\/media?parent=181"}],"curies":[{"name":"wp","href":"https:\/\/api.w.org\/{rel}","templated":true}]}}