{"id":185,"date":"2016-12-01T21:57:24","date_gmt":"2016-12-01T20:57:24","guid":{"rendered":"http:\/\/www.espace-bbta.com\/sophieshop\/?page_id=185"},"modified":"2016-12-01T21:57:24","modified_gmt":"2016-12-01T20:57:24","slug":"traitement-anti-rides","status":"publish","type":"page","link":"http:\/\/www.formlab.ca\/A23\/traitement-anti-rides\/","title":{"rendered":"Traitement anti-rides"},"content":{"rendered":"<p><strong>Faites un pied de nez au temps qui passe!<\/strong><\/p>\n<p><strong>COMBLEZ VOS RIDES SANS HISTOIRE!<\/strong><br \/>\nVous souhaitez retrouver une apparence plus jeune sans perdre les expressions de votre visage? Vous rechercher un moyen non chirurgical d\u2019effacer vos rides sans avoir \u00e0 prendre cong\u00e9?<\/p>\n<p><strong>L\u2019Endermolift est pour vous!<\/strong> Cette technique de stimulation m\u00e9canique brevet\u00e9e comblera vos rides de l\u2019int\u00e9rieur en r\u00e9activant le m\u00e9tabolisme cellulaire et la s\u00e9cr\u00e9tion de collag\u00e8ne et d\u2019\u00e9lastine, deux prot\u00e9ines responsables de la souplesse et de l\u2019\u00e9lasticit\u00e9 de la peau.<\/p>\n<p><strong>POUR UN EFFET RAJEUNISSANT DURABLE<\/strong><br \/>\nAvec les ann\u00e9es, les fibroblastes, les cellules jeunesse, produisent moins de collag\u00e8ne et d\u2019\u00e9lastine. Petit \u00e0 petit, la peau mincit et perd de sa densit\u00e9 et de sa structure. C\u2019est \u00e0 ce moment que les rides commencent \u00e0 apparaitre. En r\u00e9activant le m\u00e9tabolisme cellulaire et la production de collag\u00e8ne et d\u2019\u00e9lastine, les tissus cutan\u00e9s se reconstruisent et les rides du front, des yeux, du cou et de la bouche sont combl\u00e9es naturellement de l\u2019int\u00e9rieur.<\/p>\n<p><strong>TRAITEMENT DES RIDES 100% NATUREL<\/strong><br \/>\nL\u2019Endermolift masse en profondeur le derme et stimule la r\u00e9organisation des fibres de collag\u00e8ne qui viennent r\u00e9parer le tissu cutan\u00e9 et r\u00e9duire l\u2019apparence des rides et des ridules de fa\u00e7on durable. Des \u00e9tudes ont d\u00e9montr\u00e9es une diminution de 43% du sillon nasog\u00e9nien, le pli qui relie le nez \u00e0 la bouche et qui se creuse avec les ann\u00e9es.<\/p>\n<p><strong>B\u00c9N\u00c9FICES<\/strong><br \/>\n+ Une peau lisse<br \/>\n+ Un visage rajeuni qui conserve son expression naturelle<br \/>\n+ Sans chirurgie ni anesth\u00e9sie<br \/>\n+ Sans injection et sans douleur<br \/>\n+ R\u00e9sultats durables<\/p>\n","protected":false},"excerpt":{"rendered":"<p>Faites un pied de nez au temps qui passe! COMBLEZ VOS RIDES SANS HISTOIRE! Vous souhaitez retrouver une apparence plus jeune sans perdre les expressions de votre visage? Vous rechercher un moyen non chirurgical d\u2019effacer vos rides sans avoir \u00e0 prendre cong\u00e9? L\u2019Endermolift est pour vous! Cette technique de stimulation m\u00e9canique brevet\u00e9e comblera vos rides&hellip;<\/p>\n","protected":false},"author":1,"featured_media":0,"parent":0,"menu_order":0,"comment_status":"closed","ping_status":"closed","template":"","meta":[],"_links":{"self":[{"href":"http:\/\/www.formlab.ca\/A23\/wp-json\/wp\/v2\/pages\/185"}],"collection":[{"href":"http:\/\/www.formlab.ca\/A23\/wp-json\/wp\/v2\/pages"}],"about":[{"href":"http:\/\/www.formlab.ca\/A23\/wp-json\/wp\/v2\/types\/page"}],"author":[{"embeddable":true,"href":"http:\/\/www.formlab.ca\/A23\/wp-json\/wp\/v2\/users\/1"}],"replies":[{"embeddable":true,"href":"http:\/\/www.formlab.ca\/A23\/wp-json\/wp\/v2\/comments?post=185"}],"version-history":[{"count":1,"href":"http:\/\/www.formlab.ca\/A23\/wp-json\/wp\/v2\/pages\/185\/revisions"}],"predecessor-version":[{"id":186,"href":"http:\/\/www.formlab.ca\/A23\/wp-json\/wp\/v2\/pages\/185\/revisions\/186"}],"wp:attachment":[{"href":"http:\/\/www.formlab.ca\/A23\/wp-json\/wp\/v2\/media?parent=185"}],"curies":[{"name":"wp","href":"https:\/\/api.w.org\/{rel}","templated":true}]}}