{"id":187,"date":"2016-12-01T21:58:33","date_gmt":"2016-12-01T20:58:33","guid":{"rendered":"http:\/\/www.espace-bbta.com\/sophieshop\/?page_id=187"},"modified":"2016-12-01T21:58:33","modified_gmt":"2016-12-01T20:58:33","slug":"rajeunissement-du-visage","status":"publish","type":"page","link":"http:\/\/www.formlab.ca\/A23\/rajeunissement-du-visage\/","title":{"rendered":"Rajeunissement du visage"},"content":{"rendered":"<p><strong>Soins rajeunissant du visage<\/strong><br \/>\n<strong>Pourquoi souffrir pour \u00eatre belle?<\/strong><\/p>\n<p><strong>STIMULER VOS CELLULES JEUNESSE<\/strong><br \/>\nOn esp\u00e8re tous ralentir le vieillissement le plus longtemps possible. C\u2019est possible de le faire naturellement sans chirurgie ni injections gr\u00e2ce \u00e0 l\u2019Endermolift. Cette technologie stimule la production de collag\u00e8ne et d\u2019\u00e9lastine; les prot\u00e9ines responsables de la souplesse et de l\u2019\u00e9lasticit\u00e9 des tissus.<br \/>\nToute indiqu\u00e9e pour lifter le visage, le raffermir, combler les rides et clarifier le teint, l\u2019Endermolift est la solution id\u00e9ale pour rajeunir votre visage!<\/p>\n<p><strong>PR\u00c9SERVEZ L\u2019\u00c9COLOGIE DE VOTRE PEAU<\/strong><br \/>\nLe stress et la pollution tellement pr\u00e9sents dans notre environnement sont d\u2019importants agents de vieillissement pr\u00e9matur\u00e9s. Tous les soins que l\u2019on porte \u00e0 la peau de notre visage ne suffisent pas toujours \u00e0 contrer le vieillissement. Polluer la peau avec des substances artificielles ou la paralyser pour obtenir des r\u00e9sultats temporaires n\u2019est pas non plus une solution.<br \/>\nL\u2019Endermolift devient donc un outil essentiel \u00e0 ajouter \u00e0 notre trousse d\u2019esth\u00e9tique naturelle du visage<\/p>\n<p><strong>PROT\u00c9GEONS NOTRE CAPITAL PEAU<\/strong><br \/>\nAllong\u00e9e sur la table de soins, vos traitements deviendront des moments \u00e0 part o\u00f9 le confort et la relaxation faciliteront le travail de stimulation et de r\u00e9veil de vos cellules. La m\u00e9cano-stimulation est naturelle, non-agressive et sans effet secondaire. Elle offre une exp\u00e9rience sensorielle unique qui associe efficacit\u00e9 et plaisir.<\/p>\n<p>&nbsp;<\/p>\n","protected":false},"excerpt":{"rendered":"<p>Soins rajeunissant du visage Pourquoi souffrir pour \u00eatre belle? STIMULER VOS CELLULES JEUNESSE On esp\u00e8re tous ralentir le vieillissement le plus longtemps possible. C\u2019est possible de le faire naturellement sans chirurgie ni injections gr\u00e2ce \u00e0 l\u2019Endermolift. Cette technologie stimule la production de collag\u00e8ne et d\u2019\u00e9lastine; les prot\u00e9ines responsables de la souplesse et de l\u2019\u00e9lasticit\u00e9 des&hellip;<\/p>\n","protected":false},"author":1,"featured_media":0,"parent":0,"menu_order":0,"comment_status":"closed","ping_status":"closed","template":"","meta":[],"_links":{"self":[{"href":"http:\/\/www.formlab.ca\/A23\/wp-json\/wp\/v2\/pages\/187"}],"collection":[{"href":"http:\/\/www.formlab.ca\/A23\/wp-json\/wp\/v2\/pages"}],"about":[{"href":"http:\/\/www.formlab.ca\/A23\/wp-json\/wp\/v2\/types\/page"}],"author":[{"embeddable":true,"href":"http:\/\/www.formlab.ca\/A23\/wp-json\/wp\/v2\/users\/1"}],"replies":[{"embeddable":true,"href":"http:\/\/www.formlab.ca\/A23\/wp-json\/wp\/v2\/comments?post=187"}],"version-history":[{"count":1,"href":"http:\/\/www.formlab.ca\/A23\/wp-json\/wp\/v2\/pages\/187\/revisions"}],"predecessor-version":[{"id":188,"href":"http:\/\/www.formlab.ca\/A23\/wp-json\/wp\/v2\/pages\/187\/revisions\/188"}],"wp:attachment":[{"href":"http:\/\/www.formlab.ca\/A23\/wp-json\/wp\/v2\/media?parent=187"}],"curies":[{"name":"wp","href":"https:\/\/api.w.org\/{rel}","templated":true}]}}