{"id":203,"date":"2016-12-01T22:20:39","date_gmt":"2016-12-01T21:20:39","guid":{"rendered":"http:\/\/www.espace-bbta.com\/sophieshop\/?page_id=203"},"modified":"2016-12-01T22:20:50","modified_gmt":"2016-12-01T21:20:50","slug":"augmenter-coordination-et-souplesse","status":"publish","type":"page","link":"http:\/\/www.formlab.ca\/A23\/augmenter-coordination-et-souplesse\/","title":{"rendered":"Augmenter coordination et souplesse"},"content":{"rendered":"<p><strong>Avec Huber Motion Lab\u2122, gagnez en souplesse<\/strong><br \/>\n<strong>FINI LES MUSCLES ENDOLORIS!<\/strong><br \/>\nLe travail physique r\u00e9alis\u00e9 gr\u00e2ce au Huber Motion Lab\u2122 augmente r\u00e9ellement la tonicit\u00e9 et la souplesse. Les exercices de coordination motrice qui sont propos\u00e9s s\u2019adressent particuli\u00e8rement aux personnes qui souhaitent am\u00e9liorer leur flexibilit\u00e9 musculaire. En position assise ou debout sur la plateforme, il vous suffit de suivre la progression des exercices qui apparaissent sur l\u2019\u00e9cran.<br \/>\nVous retrouvez ainsi force et souplesse en toute s\u00e9curit\u00e9.<\/p>\n<p><strong>QUAND SOUPLESSE RIME AVEC BIEN-\u00caTRE<\/strong><br \/>\nUne mauvaise posture au bureau, de longs moments assis dans l\u2019auto, des sacs d\u2019\u00e9picerie lourds \u00e0 transporter. Tous ces gestes de la vie quotidienne p\u00e8sent sur notre posture. Avec Huber Motion Lab\u2122, vous allez enfin assouplir vos articulations et vous d\u00e9barrasser des tensions pour acc\u00e9der \u00e0 un bien-\u00eatre global.<\/p>\n<p><strong>R\u00e9sultats<\/strong> : Un meilleur \u00e9quilibre musculaire qui vous fera vous sentir en forme.<\/p>\n<p><strong>ASSOUPLISSEMENT PLUS EFFICACE ET MOINS DOULOUREUX<\/strong><br \/>\nLes exercices de flexibilit\u00e9 et d\u2019\u00e9quilibre propos\u00e9s par Huber Motion Lab\u2122 permettent de r\u00e9\u00e9duquer l\u2019ensemble de votre corps pour qu\u2019il retrouve son \u00e9quilibre. Gr\u00e2ce aux diff\u00e9rents exercices de flexibilit\u00e9 propos\u00e9s, vous allez soulager vos tensions. Votre dos, vos membres sup\u00e9rieurs et inf\u00e9rieurs sont sollicit\u00e9s en douceur dans le cadre d\u2019un effort dos\u00e9 et progressif sous supervision d\u2019un professionnel.<br \/>\n<strong>100% naturel<\/strong><\/p>\n<p><strong><a href=\"http:\/\/formlab.ca\/contact\/\">PRENEZ RENDEZ-VOUS D\u00c8S AUJOURD\u2019HUI!<\/a><\/strong><br \/>\n+ Une \u00e9quipe de professionnels \u00e0 votre service<br \/>\n+ Huber Motion Lab\u2122 : une technologie unique<br \/>\n+ Des exercices pour retrouver souplesse, flexibilit\u00e9 et bien-\u00eatre<br \/>\n+ Une solution pour une meilleure coordination<br \/>\n+ Des r\u00e9sultats prouv\u00e9s par des \u00e9tudes scientifiques<\/p>\n","protected":false},"excerpt":{"rendered":"<p>Avec Huber Motion Lab\u2122, gagnez en souplesse FINI LES MUSCLES ENDOLORIS! Le travail physique r\u00e9alis\u00e9 gr\u00e2ce au Huber Motion Lab\u2122 augmente r\u00e9ellement la tonicit\u00e9 et la souplesse. Les exercices de coordination motrice qui sont propos\u00e9s s\u2019adressent particuli\u00e8rement aux personnes qui souhaitent am\u00e9liorer leur flexibilit\u00e9 musculaire. En position assise ou debout sur la plateforme, il vous&hellip;<\/p>\n","protected":false},"author":1,"featured_media":0,"parent":0,"menu_order":0,"comment_status":"closed","ping_status":"closed","template":"","meta":[],"_links":{"self":[{"href":"http:\/\/www.formlab.ca\/A23\/wp-json\/wp\/v2\/pages\/203"}],"collection":[{"href":"http:\/\/www.formlab.ca\/A23\/wp-json\/wp\/v2\/pages"}],"about":[{"href":"http:\/\/www.formlab.ca\/A23\/wp-json\/wp\/v2\/types\/page"}],"author":[{"embeddable":true,"href":"http:\/\/www.formlab.ca\/A23\/wp-json\/wp\/v2\/users\/1"}],"replies":[{"embeddable":true,"href":"http:\/\/www.formlab.ca\/A23\/wp-json\/wp\/v2\/comments?post=203"}],"version-history":[{"count":1,"href":"http:\/\/www.formlab.ca\/A23\/wp-json\/wp\/v2\/pages\/203\/revisions"}],"predecessor-version":[{"id":204,"href":"http:\/\/www.formlab.ca\/A23\/wp-json\/wp\/v2\/pages\/203\/revisions\/204"}],"wp:attachment":[{"href":"http:\/\/www.formlab.ca\/A23\/wp-json\/wp\/v2\/media?parent=203"}],"curies":[{"name":"wp","href":"https:\/\/api.w.org\/{rel}","templated":true}]}}