{"id":205,"date":"2016-12-01T22:21:37","date_gmt":"2016-12-01T21:21:37","guid":{"rendered":"http:\/\/www.espace-bbta.com\/sophieshop\/?page_id=205"},"modified":"2016-12-01T22:21:37","modified_gmt":"2016-12-01T21:21:37","slug":"remise-en-forme-pour-tous","status":"publish","type":"page","link":"http:\/\/www.formlab.ca\/A23\/remise-en-forme-pour-tous\/","title":{"rendered":"Remise en forme pour tous"},"content":{"rendered":"<p><strong>\u00c0 l\u2019avant-garde de la mise en forme<\/strong><br \/>\n<strong>UNE MACHINE INNOVANTE!<\/strong><br \/>\nBas\u00e9e sur une technologie innovante, Huber Motion Lab\u2122 est un v\u00e9ritable laboratoire du mouvement humain qui propose des exercices pour am\u00e9liorer vos capacit\u00e9s physiques, sculpter votre silhouette tout en corrigeant votre posture. Cette machine est la derni\u00e8re-n\u00e9e de la famille LPG.<br \/>\nElle pr\u00e9sente de nombreuses am\u00e9liorations en comparaison \u00e0 son pr\u00e9d\u00e9cesseur, le SpineForce, qui se concentrait essentiellement sur le dos.<\/p>\n<p><strong>DES EXERCICES POUR TOUS<\/strong><br \/>\nQue vous cherchiez \u00e0 am\u00e9liorer votre sant\u00e9, reprendre contr\u00f4le de votre corps ou augmenter vos performances sportives, Huber Motion Lab\u2122 est fait pour vous. Chez FormLab, notre but est d\u2019offrir les meilleurs services \u00e0 nos clients et c\u2019est pour cela que nous proposons des \u00e9quipements \u00e0 la fine pointe de la technologie.<br \/>\nParce que votre satisfaction est notre priorit\u00e9.<\/p>\n<p><strong>UN MAXIMUM D\u2019AVANTAGES<\/strong><br \/>\nHuber Motion Lab\u2122, c\u2019est un ensemble d\u2019exercices en 3 dimensions uniques au monde. Tout votre corps stimul\u00e9 retrouve sa tonicit\u00e9. Toutes les chaines musculaires se remettent en marche, votre corps entier se gaine!<br \/>\nLes exercices de remise en forme que vous avez effectu\u00e9s par le pass\u00e9 se sont r\u00e9v\u00e9l\u00e9s inefficaces? Essayez Huber Motion Lab\u2122, vous ne serez pas d\u00e9\u00e7us.<br \/>\n<strong>100% naturel<\/strong><\/p>\n<p><strong><a href=\"http:\/\/formlab.ca\/contact\/\">PRENEZ RENDEZ-VOUS D\u00c8S AUJOURD\u2019HUI!<\/a><\/strong><br \/>\n+ Une technologie avant-gardiste<br \/>\n+ Une \u00e9quipe de professionnels \u00e0 votre service<br \/>\n+ Des exercices accessibles \u00e0 tous<br \/>\n+ Une remise en forme r\u00e9ellement efficace<br \/>\n+ Sans douleur et en toute s\u00e9curit\u00e9<\/p>\n","protected":false},"excerpt":{"rendered":"<p>\u00c0 l\u2019avant-garde de la mise en forme UNE MACHINE INNOVANTE! Bas\u00e9e sur une technologie innovante, Huber Motion Lab\u2122 est un v\u00e9ritable laboratoire du mouvement humain qui propose des exercices pour am\u00e9liorer vos capacit\u00e9s physiques, sculpter votre silhouette tout en corrigeant votre posture. Cette machine est la derni\u00e8re-n\u00e9e de la famille LPG. Elle pr\u00e9sente de nombreuses&hellip;<\/p>\n","protected":false},"author":1,"featured_media":0,"parent":0,"menu_order":0,"comment_status":"closed","ping_status":"closed","template":"","meta":[],"_links":{"self":[{"href":"http:\/\/www.formlab.ca\/A23\/wp-json\/wp\/v2\/pages\/205"}],"collection":[{"href":"http:\/\/www.formlab.ca\/A23\/wp-json\/wp\/v2\/pages"}],"about":[{"href":"http:\/\/www.formlab.ca\/A23\/wp-json\/wp\/v2\/types\/page"}],"author":[{"embeddable":true,"href":"http:\/\/www.formlab.ca\/A23\/wp-json\/wp\/v2\/users\/1"}],"replies":[{"embeddable":true,"href":"http:\/\/www.formlab.ca\/A23\/wp-json\/wp\/v2\/comments?post=205"}],"version-history":[{"count":1,"href":"http:\/\/www.formlab.ca\/A23\/wp-json\/wp\/v2\/pages\/205\/revisions"}],"predecessor-version":[{"id":206,"href":"http:\/\/www.formlab.ca\/A23\/wp-json\/wp\/v2\/pages\/205\/revisions\/206"}],"wp:attachment":[{"href":"http:\/\/www.formlab.ca\/A23\/wp-json\/wp\/v2\/media?parent=205"}],"curies":[{"name":"wp","href":"https:\/\/api.w.org\/{rel}","templated":true}]}}