{"id":215,"date":"2016-12-01T22:31:08","date_gmt":"2016-12-01T21:31:08","guid":{"rendered":"http:\/\/www.espace-bbta.com\/sophieshop\/?page_id=215"},"modified":"2016-12-01T22:31:52","modified_gmt":"2016-12-01T21:31:52","slug":"raffermissement-des-cuisses","status":"publish","type":"page","link":"http:\/\/www.formlab.ca\/A23\/raffermissement-des-cuisses\/","title":{"rendered":"Raffermissement des cuisses"},"content":{"rendered":"<p><strong>Pour de belles cuisses lisses et fermes!<\/strong><br \/>\n<strong>La cellulite vous pose un probl\u00e8me?<\/strong><br \/>\nVous h\u00e9sitez \u00e0 porter shorts et maillots de bain! La cellulite localis\u00e9e derri\u00e8re vos cuisses vous g\u00eane. Rassurez-vous vous n\u2019\u00eates pas seule. La cellulite est devenue le cauchemar de pr\u00e8s de 90% des femmes m\u00eame les plus minces.<br \/>\nLe probl\u00e8me c\u2019est que les capitons r\u00e9sistent \u00e0 l\u2019exercice physique et aux r\u00e9gimes amaigrissants les plus draconiens mais, bonne nouvelle, on peut s\u2019en d\u00e9barasser naturellement et sans chirurgie.<\/p>\n<p><strong>LE LIPOMASSAGE EFFICACE SUR TOUTE LA LIGNE!<\/strong><br \/>\nLe lipomassage stimule m\u00e9caniquement et en profondeur le processus de la lipolyse, le d\u00e9stockage des graisses et d\u00e9cloisonne les amas graisseux qui seront \u00e9limin\u00e9s gr\u00e2ce \u00e0 la circulation sanguine. Les cuisses deviennent plus fermes et leur peau plus lisse et plus douce.<br \/>\nLes recherches les plus r\u00e9centes d\u00e9montrent une augmentation de 70% de la lipolyse apr\u00e8s 12 s\u00e9ances de lipomassage.<\/p>\n<p><strong>Tonifier, raffermir et redessiner nos cuisses\u2026<\/strong><br \/>\nSi vos cuisses se touchent et forment un Y jusqu\u2019\u00e0 vos genoux, le lipomassage est pour vous! Il vous permettra de d\u00e9stocker cette zone surcharg\u00e9e et r\u00e9sistante, d\u2019en redessiner les volumes et d\u2019affiner l\u2019int\u00e9rieur de vos cuisses. Vous ne serez plus un Y mais deviendrez plut\u00f4t un X dont la forme est bien plus harmonieuse.<\/p>\n<p><strong>DES B\u00c9N\u00c9FICES INCOMPARABLES<\/strong> :<br \/>\n+ Technologie 100% naturelle<br \/>\n+ Sans douleur, sans bistouri ni anesth\u00e9sie<br \/>\n+ Des cuisses raffermies et affin\u00e9es<br \/>\n+ Surface des capitons r\u00e9duite de 20%<br \/>\n+ Des r\u00e9sultats durables<\/p>\n","protected":false},"excerpt":{"rendered":"<p>Pour de belles cuisses lisses et fermes! La cellulite vous pose un probl\u00e8me? Vous h\u00e9sitez \u00e0 porter shorts et maillots de bain! La cellulite localis\u00e9e derri\u00e8re vos cuisses vous g\u00eane. Rassurez-vous vous n\u2019\u00eates pas seule. La cellulite est devenue le cauchemar de pr\u00e8s de 90% des femmes m\u00eame les plus minces. Le probl\u00e8me c\u2019est que&hellip;<\/p>\n","protected":false},"author":1,"featured_media":0,"parent":0,"menu_order":0,"comment_status":"closed","ping_status":"closed","template":"","meta":[],"_links":{"self":[{"href":"http:\/\/www.formlab.ca\/A23\/wp-json\/wp\/v2\/pages\/215"}],"collection":[{"href":"http:\/\/www.formlab.ca\/A23\/wp-json\/wp\/v2\/pages"}],"about":[{"href":"http:\/\/www.formlab.ca\/A23\/wp-json\/wp\/v2\/types\/page"}],"author":[{"embeddable":true,"href":"http:\/\/www.formlab.ca\/A23\/wp-json\/wp\/v2\/users\/1"}],"replies":[{"embeddable":true,"href":"http:\/\/www.formlab.ca\/A23\/wp-json\/wp\/v2\/comments?post=215"}],"version-history":[{"count":1,"href":"http:\/\/www.formlab.ca\/A23\/wp-json\/wp\/v2\/pages\/215\/revisions"}],"predecessor-version":[{"id":216,"href":"http:\/\/www.formlab.ca\/A23\/wp-json\/wp\/v2\/pages\/215\/revisions\/216"}],"wp:attachment":[{"href":"http:\/\/www.formlab.ca\/A23\/wp-json\/wp\/v2\/media?parent=215"}],"curies":[{"name":"wp","href":"https:\/\/api.w.org\/{rel}","templated":true}]}}