{"id":217,"date":"2016-12-01T22:32:44","date_gmt":"2016-12-01T21:32:44","guid":{"rendered":"http:\/\/www.espace-bbta.com\/sophieshop\/?page_id=217"},"modified":"2016-12-01T22:33:26","modified_gmt":"2016-12-01T21:33:26","slug":"reduction-de-la-culotte-de-cheval","status":"publish","type":"page","link":"http:\/\/www.formlab.ca\/A23\/reduction-de-la-culotte-de-cheval\/","title":{"rendered":"R\u00e9duction de la culotte de cheval"},"content":{"rendered":"<p><strong>Adieu culotte de cheval! Reportez le jean que vous aimiez tant!<\/strong><br \/>\n<strong>Ciblez vos objectifs beaut\u00e9!<\/strong><br \/>\nVous avez des rondeurs disgracieuses sur vos hanches et votre culotte de cheval ne disparait pas lorsque vous maigrissez?<br \/>\nL\u2019\u00e9quilibre entre la production et l\u2019\u00e9limination des graisses est un processus naturel mais il arrive que malgr\u00e9 une parfaite hygi\u00e8ne de vie le processus de stockage se d\u00e9r\u00e8gle. Aujourd\u2019hui, il est possible de perdre sa culotte de cheval et de conserver les rondeurs qui nous plaisent.<\/p>\n<p><strong>\u00c9liminez les graisses localis\u00e9es<\/strong><br \/>\nLe lipomassage permet de cibler les graisses localis\u00e9es et d\u2019agir l\u00e0 o\u00f9 c\u2019est n\u00e9cessaire. La stimulation m\u00e9canique de la culotte de cheval d\u00e9clenche des r\u00e9ponses biologiques localis\u00e9es en profondeur. Les r\u00e9sultats sur les graisses f\u00e9morales, les tissus adipeux de la culotte de cheval, des fesses et des cuisses particuli\u00e8rement r\u00e9sistantes au d\u00e9stockage sont plus que probants.<br \/>\nDe r\u00e9centes \u00e9tudes d\u00e9montrent que gr\u00e2ce \u00e0 la derni\u00e8re g\u00e9n\u00e9ration d\u2019appareils CELLU M6 le d\u00e9stockage des graisses, est am\u00e9lior\u00e9 de plus de 70% apr\u00e8s 12 s\u00e9ances.<\/p>\n<p><strong>TECHNOLOGIE 100% NATURELLE<\/strong><br \/>\nIl n\u2019y a qu\u2019\u00e0 rev\u00eatir une tenue Endermowear, \u00e0 s\u2019installer sur la table de traitement et c\u2019est parti pour 35 minutes d\u2019un massage m\u00e9canique en profondeur sans douleur et relaxant.<br \/>\nAu programme, 4 actions pour d\u00e9stocker les graisses, raffermir la peau, lisser la cellulite et resculpter votre culotte de cheval.<\/p>\n<p><strong>DES B\u00c9N\u00c9FICES INCONTESTABLES<\/strong> :<br \/>\n+ R\u00e9duction de la culotte de cheval<br \/>\n+ Silhouette affin\u00e9e et redessin\u00e9e<br \/>\n+ Lisse les capitons<br \/>\n+ D\u00e9stockage des graisses r\u00e9sistantes<br \/>\n+ Sans chirurgie ni anesth\u00e9sie<\/p>\n","protected":false},"excerpt":{"rendered":"<p>Adieu culotte de cheval! Reportez le jean que vous aimiez tant! Ciblez vos objectifs beaut\u00e9! Vous avez des rondeurs disgracieuses sur vos hanches et votre culotte de cheval ne disparait pas lorsque vous maigrissez? L\u2019\u00e9quilibre entre la production et l\u2019\u00e9limination des graisses est un processus naturel mais il arrive que malgr\u00e9 une parfaite hygi\u00e8ne de&hellip;<\/p>\n","protected":false},"author":1,"featured_media":0,"parent":0,"menu_order":0,"comment_status":"closed","ping_status":"closed","template":"","meta":[],"_links":{"self":[{"href":"http:\/\/www.formlab.ca\/A23\/wp-json\/wp\/v2\/pages\/217"}],"collection":[{"href":"http:\/\/www.formlab.ca\/A23\/wp-json\/wp\/v2\/pages"}],"about":[{"href":"http:\/\/www.formlab.ca\/A23\/wp-json\/wp\/v2\/types\/page"}],"author":[{"embeddable":true,"href":"http:\/\/www.formlab.ca\/A23\/wp-json\/wp\/v2\/users\/1"}],"replies":[{"embeddable":true,"href":"http:\/\/www.formlab.ca\/A23\/wp-json\/wp\/v2\/comments?post=217"}],"version-history":[{"count":1,"href":"http:\/\/www.formlab.ca\/A23\/wp-json\/wp\/v2\/pages\/217\/revisions"}],"predecessor-version":[{"id":218,"href":"http:\/\/www.formlab.ca\/A23\/wp-json\/wp\/v2\/pages\/217\/revisions\/218"}],"wp:attachment":[{"href":"http:\/\/www.formlab.ca\/A23\/wp-json\/wp\/v2\/media?parent=217"}],"curies":[{"name":"wp","href":"https:\/\/api.w.org\/{rel}","templated":true}]}}