{"id":219,"date":"2016-12-01T22:34:14","date_gmt":"2016-12-01T21:34:14","guid":{"rendered":"http:\/\/www.espace-bbta.com\/sophieshop\/?page_id=219"},"modified":"2016-12-01T22:34:14","modified_gmt":"2016-12-01T21:34:14","slug":"raffermissement-des-fesses","status":"publish","type":"page","link":"http:\/\/www.formlab.ca\/A23\/raffermissement-des-fesses\/","title":{"rendered":"Raffermissement des fesses"},"content":{"rendered":"<p><strong>Raffermissement des fesses pour \u00eatre belle sous tous les angles!<\/strong><br \/>\n<strong>Pour affiner vos fesses sans avoir \u00e0 faire des exercices!<\/strong><br \/>\nMincir c\u2019est bien mais conserver des formes harmonieuses c\u2019est encore mieux!<br \/>\nOn ne maigrit pas toujours l\u00e0 o\u00f9 l\u2019on veut et c\u2019est surtout vrai pour les fesses.<br \/>\nNotre mode de vie et le travail (position assise) sont les grands responsables. Si vous \u00eates assise en ce moment les jambes crois\u00e9es vous d\u00e9formez l\u2019arrondi de vos fesses. Si vous travaillez beaucoup dans cette position vos fesses deviendront carr\u00e9es et asym\u00e9triques.<\/p>\n<p><strong>Retrouvez le galbe de vos fesses<\/strong><br \/>\nLe lipomassage est une tecnique de m\u00e9cano-stimulation \u00e9prouv\u00e9e qui permet de reconstruire certains plis du corps dont le pli des fessiers pour redonner naturellement un galbe et raffermir les fesses.<br \/>\nIl s\u2019agit en fait d\u2019un v\u00e9ritable lifting des fesses. Vos fesses seront plus fermes et plus rebondies. Votre silhouette sera remodel\u00e9e de mani\u00e8re pr\u00e9cise et localis\u00e9e. Les volumes seront r\u00e9\u00e9quilibr\u00e9s pour redonner au corps sa forme id\u00e9ale.<\/p>\n<p><strong>LE LIPOMASSAGE, COMMENT \u00c7A MARCHE?<\/strong><br \/>\nL\u2019appareil CELLU M6 est \u00e9quip\u00e9 de rouleaux qui travaillent d\u00e9licatement la peau pour lib\u00e9rer les amas graisseux et r\u00e9activer la circulation. La graisse de vos fesses disparaitra donc peu \u00e0 peu. Le lipomassage permet \u00e9galement de relancer la production de collag\u00e8ne et d\u2019\u00e9lastine pour raffermir et redonner une belle apparence \u00e0 la peau des fesses.<\/p>\n<p><strong>DES B\u00c9N\u00c9FICES INCONTESTABLES<\/strong><br \/>\n+ Raffermissement des fesses<br \/>\n+ Des fesses affin\u00e9es et galb\u00e9es<br \/>\n+ Une silhouette remodel\u00e9e et harmonieuse<br \/>\n+ Technologie 100% naturelle<br \/>\n+ Sans bistouri ni anesth\u00e9sie<\/p>\n","protected":false},"excerpt":{"rendered":"<p>Raffermissement des fesses pour \u00eatre belle sous tous les angles! Pour affiner vos fesses sans avoir \u00e0 faire des exercices! Mincir c\u2019est bien mais conserver des formes harmonieuses c\u2019est encore mieux! On ne maigrit pas toujours l\u00e0 o\u00f9 l\u2019on veut et c\u2019est surtout vrai pour les fesses. Notre mode de vie et le travail (position&hellip;<\/p>\n","protected":false},"author":1,"featured_media":0,"parent":0,"menu_order":0,"comment_status":"closed","ping_status":"closed","template":"","meta":[],"_links":{"self":[{"href":"http:\/\/www.formlab.ca\/A23\/wp-json\/wp\/v2\/pages\/219"}],"collection":[{"href":"http:\/\/www.formlab.ca\/A23\/wp-json\/wp\/v2\/pages"}],"about":[{"href":"http:\/\/www.formlab.ca\/A23\/wp-json\/wp\/v2\/types\/page"}],"author":[{"embeddable":true,"href":"http:\/\/www.formlab.ca\/A23\/wp-json\/wp\/v2\/users\/1"}],"replies":[{"embeddable":true,"href":"http:\/\/www.formlab.ca\/A23\/wp-json\/wp\/v2\/comments?post=219"}],"version-history":[{"count":1,"href":"http:\/\/www.formlab.ca\/A23\/wp-json\/wp\/v2\/pages\/219\/revisions"}],"predecessor-version":[{"id":220,"href":"http:\/\/www.formlab.ca\/A23\/wp-json\/wp\/v2\/pages\/219\/revisions\/220"}],"wp:attachment":[{"href":"http:\/\/www.formlab.ca\/A23\/wp-json\/wp\/v2\/media?parent=219"}],"curies":[{"name":"wp","href":"https:\/\/api.w.org\/{rel}","templated":true}]}}