{"id":221,"date":"2016-12-01T22:35:17","date_gmt":"2016-12-01T21:35:17","guid":{"rendered":"http:\/\/www.espace-bbta.com\/sophieshop\/?page_id=221"},"modified":"2016-12-01T22:35:17","modified_gmt":"2016-12-01T21:35:17","slug":"elimination-des-graisses-localisees","status":"publish","type":"page","link":"http:\/\/www.formlab.ca\/A23\/elimination-des-graisses-localisees\/","title":{"rendered":"\u00c9limination des graisses localis\u00e9es"},"content":{"rendered":"<p><strong>L\u2019activation minceur pour retrouvez une silhouette harmonieuse!<\/strong><br \/>\n<strong>MAIGRIR L\u00c0 O\u00d9 L\u2019ON VEUT!<\/strong><br \/>\nVous avez perdu du poids, mais vous n\u2019arrivez pas \u00e0 perdre les rondeurs de vos hanches, de votre ventre, de vos fesses et de votre culotte de cheval. Rassurez-vous, vous pouvez y rem\u00e9dier en \u00e9liminant les graisses l\u00e0 ou c\u2019est n\u00e9cessaire.<br \/>\nLa technique minceur brevet\u00e9e du lipomassage permet de r\u00e9activer la lipolyse, le d\u00e9stockage des graisses, pour effacer les surcharges et les imperfections localis\u00e9es.<\/p>\n<p><strong>LA STIMULATION MINCEUR CIBL\u00c9E<\/strong><br \/>\nC\u2019est quand le processus de stockage des graisses se d\u00e9r\u00e8gle qu\u2019apparaissent les exc\u00e8s de volumes localis\u00e9s et la cellulite. La stimulation m\u00e9canique d\u00e9clenche des r\u00e9ponses biologiques en profondeur l\u00e0 o\u00f9 elle est appliqu\u00e9e. Elle brise les amas graisseux, lib\u00e8re les graisses et favorise la production de collag\u00e8ne et d\u2019\u00e9lastine pour rajeunir votre apparence.<\/p>\n<p><strong>R\u00e9sultats<\/strong> : une silhouette plus harmonieuse, une peau plus souple et plus ferme sans douleur ni chirurgie.<\/p>\n<p><strong>LE LIPOMASSAGE EFFICACE SUR TOUTE LA LIGNE<\/strong><br \/>\nOn a longtemps cr\u00fb qu\u2019il \u00e9tait impossible de perdre de la graisse de fa\u00e7on cibl\u00e9e. Le lipomassage a fait la d\u00e9monstration du contraire. Vous observerez des r\u00e9sultats visibles sur votre silhouette et vous perdrez en cm l\u00e0 o\u00f9 vous le voulez d\u00e8s 6 s\u00e9ances de 35 minutes.<br \/>\nLa lipolyse est augment\u00e9e de 70% m\u00eame dans les zones les plus r\u00e9sistantes apr\u00e8s 12 s\u00e9ances.<br \/>\n100% naturel<\/p>\n<p><strong>DES B\u00c9N\u00c9FICES MESURABLES<\/strong> :<br \/>\n+ Totalement indolore<br \/>\n+ D\u00e9stocke les graisses r\u00e9sistantes<br \/>\n+ Affine la silhouette<br \/>\n+ Raffermit le ventre<br \/>\n+ Sans chirurgie ni anesth\u00e9sie<\/p>\n","protected":false},"excerpt":{"rendered":"<p>L\u2019activation minceur pour retrouvez une silhouette harmonieuse! MAIGRIR L\u00c0 O\u00d9 L\u2019ON VEUT! Vous avez perdu du poids, mais vous n\u2019arrivez pas \u00e0 perdre les rondeurs de vos hanches, de votre ventre, de vos fesses et de votre culotte de cheval. Rassurez-vous, vous pouvez y rem\u00e9dier en \u00e9liminant les graisses l\u00e0 ou c\u2019est n\u00e9cessaire. La technique&hellip;<\/p>\n","protected":false},"author":1,"featured_media":0,"parent":0,"menu_order":0,"comment_status":"closed","ping_status":"closed","template":"","meta":[],"_links":{"self":[{"href":"http:\/\/www.formlab.ca\/A23\/wp-json\/wp\/v2\/pages\/221"}],"collection":[{"href":"http:\/\/www.formlab.ca\/A23\/wp-json\/wp\/v2\/pages"}],"about":[{"href":"http:\/\/www.formlab.ca\/A23\/wp-json\/wp\/v2\/types\/page"}],"author":[{"embeddable":true,"href":"http:\/\/www.formlab.ca\/A23\/wp-json\/wp\/v2\/users\/1"}],"replies":[{"embeddable":true,"href":"http:\/\/www.formlab.ca\/A23\/wp-json\/wp\/v2\/comments?post=221"}],"version-history":[{"count":1,"href":"http:\/\/www.formlab.ca\/A23\/wp-json\/wp\/v2\/pages\/221\/revisions"}],"predecessor-version":[{"id":222,"href":"http:\/\/www.formlab.ca\/A23\/wp-json\/wp\/v2\/pages\/221\/revisions\/222"}],"wp:attachment":[{"href":"http:\/\/www.formlab.ca\/A23\/wp-json\/wp\/v2\/media?parent=221"}],"curies":[{"name":"wp","href":"https:\/\/api.w.org\/{rel}","templated":true}]}}