{"id":223,"date":"2016-12-01T22:36:07","date_gmt":"2016-12-01T21:36:07","guid":{"rendered":"http:\/\/www.espace-bbta.com\/sophieshop\/?page_id=223"},"modified":"2016-12-01T22:36:07","modified_gmt":"2016-12-01T21:36:07","slug":"affiner-les-hanches","status":"publish","type":"page","link":"http:\/\/www.formlab.ca\/A23\/affiner-les-hanches\/","title":{"rendered":"Affiner les hanches"},"content":{"rendered":"<p><strong>Soins minceur hanches pour portez des jupes et des pantalons de tailles plus petites!<\/strong><br \/>\n<strong>Retrouver une silhouette harmonieuse!<\/strong><br \/>\nLes rondeurs localis\u00e9es sur vos hanches ne disparaissent pas malgr\u00e9 votre bonne hygi\u00e8ne de vie et la pratique d\u2019activit\u00e9s physiques. Ne d\u00e9sesp\u00e9rez pas, le lipomassage ciblera les graisses localis\u00e9es et agira aux endroits strat\u00e9giques!<br \/>\nL\u2019\u00e9quilibre entre la production et l\u2019\u00e9limination des graisses est un processus naturellement assur\u00e9 par les cellules minceur, les adipocytes. Les exc\u00e8s de volume et la cellulite apparaissent quand le processus se d\u00e9s\u00e9quilibre.<\/p>\n<p><strong>Affinez vos hanches rapidement<\/strong><br \/>\nEn brisant les amas graisseux, le lipomassage augmente de plus de 70% la lipolyse, le d\u00e9stockage des graisses, apr\u00e8s 12 s\u00e9ances. En m\u00eame temps, la m\u00e9cano-stimulation lisse la peau et \u00e9limine de fa\u00e7on efficace et durable la cellulite. Vous aurez l\u2019impression d\u2019avoir maigrit des hanches rapidement sans douleur. Vous pourrez enfiler le pantalon que vous aviez gard\u00e9 au cas o\u00f9!<br \/>\nCette technologie non invasive est 100% naturelle. Elle n\u2019implique ni bistouri ni aiguille et est appuy\u00e9e par 25 ans de recherches cliniques et scientifiques.<br \/>\n20% moins de capitons (peau d\u2019orange)<br \/>\nVotre programme lipomassage travaillera non seulement \u00e0 r\u00e9duire les bourrelets de vos hanches mais \u00e9galement stimulera la production de collag\u00e8ne et d\u2019\u00e9lastine, deux prot\u00e9ines qui contribueront \u00e0 rendre votre peau plus souple et plus ferme.<\/p>\n<p><strong>R\u00e9sultats<\/strong> : vous aurez perdu des hanches et elles seront resculpt\u00e9es.<br \/>\n100% naturel<\/p>\n<p><strong>DES B\u00c9N\u00c9FICES VISIBLES<\/strong><br \/>\n+ D\u00e9stocke la r\u00e9sistante culotte de cheval<br \/>\n+ D\u00e9cloisonne les amas graisseux<br \/>\n+ Affine les hanches<br \/>\n+ Lisse la cellulite<br \/>\n+ Perte de tailles de v\u00eatements<\/p>\n","protected":false},"excerpt":{"rendered":"<p>Soins minceur hanches pour portez des jupes et des pantalons de tailles plus petites! Retrouver une silhouette harmonieuse! Les rondeurs localis\u00e9es sur vos hanches ne disparaissent pas malgr\u00e9 votre bonne hygi\u00e8ne de vie et la pratique d\u2019activit\u00e9s physiques. Ne d\u00e9sesp\u00e9rez pas, le lipomassage ciblera les graisses localis\u00e9es et agira aux endroits strat\u00e9giques! L\u2019\u00e9quilibre entre la&hellip;<\/p>\n","protected":false},"author":1,"featured_media":0,"parent":0,"menu_order":0,"comment_status":"closed","ping_status":"closed","template":"","meta":[],"_links":{"self":[{"href":"http:\/\/www.formlab.ca\/A23\/wp-json\/wp\/v2\/pages\/223"}],"collection":[{"href":"http:\/\/www.formlab.ca\/A23\/wp-json\/wp\/v2\/pages"}],"about":[{"href":"http:\/\/www.formlab.ca\/A23\/wp-json\/wp\/v2\/types\/page"}],"author":[{"embeddable":true,"href":"http:\/\/www.formlab.ca\/A23\/wp-json\/wp\/v2\/users\/1"}],"replies":[{"embeddable":true,"href":"http:\/\/www.formlab.ca\/A23\/wp-json\/wp\/v2\/comments?post=223"}],"version-history":[{"count":1,"href":"http:\/\/www.formlab.ca\/A23\/wp-json\/wp\/v2\/pages\/223\/revisions"}],"predecessor-version":[{"id":224,"href":"http:\/\/www.formlab.ca\/A23\/wp-json\/wp\/v2\/pages\/223\/revisions\/224"}],"wp:attachment":[{"href":"http:\/\/www.formlab.ca\/A23\/wp-json\/wp\/v2\/media?parent=223"}],"curies":[{"name":"wp","href":"https:\/\/api.w.org\/{rel}","templated":true}]}}