{"id":227,"date":"2016-12-01T22:37:37","date_gmt":"2016-12-01T21:37:37","guid":{"rendered":"http:\/\/www.espace-bbta.com\/sophieshop\/?page_id=227"},"modified":"2016-12-01T22:37:37","modified_gmt":"2016-12-01T21:37:37","slug":"raffermir-la-peau","status":"publish","type":"page","link":"http:\/\/www.formlab.ca\/A23\/raffermir-la-peau\/","title":{"rendered":"Raffermir la peau"},"content":{"rendered":"<p><strong>Raffermissez votre peau et retrouvez un corps plus ferme et plus jeune!<\/strong><br \/>\n<strong>R\u00c9ACTIVEZ VOS CELLULES BEAUT\u00c9!<\/strong><br \/>\nAu fil des ans notre corps a support\u00e9 des variations de poids, le stress et des agressions ext\u00e9rieures comme la pollution. La peau a perdu graduellement fermet\u00e9 et souplesse. Certaines zones du corps comme l\u2019int\u00e9rieur des cuisses, le ventre ou les bras se sont rel\u00e2ch\u00e9es.<br \/>\nTout \u00e7a s\u2019explique par le ralentissement de la production de collag\u00e8ne et d\u2019\u00e9lastine. \u00c0 partir de l\u00e0, les premiers signes de vieillissement apparaissent.<\/p>\n<p><strong>VOTRE PROGRAMME LIPOMASAGE<\/strong><br \/>\nLa technique scientifiquement \u00e9prouv\u00e9e du lipomassage sollicite en douceur les fibroblastes qui produisent le collag\u00e8ne et l\u2019\u00e9lastine et en active la production. Les fibres qui soutiennent la peau souvent flasque du ventre, de la poitrine, des cuisses et des bras redeviennent plus denses. La silhouette devient plus tonique, la peau est plus lisse et redensifi\u00e9e.<\/p>\n<p><strong>RAFFERMISSEMENT DURABLE DU CORPS<\/strong><br \/>\nVous avez perdu du poids et votre peau est flasque et rel\u00e2ch\u00e9e. Le lipomassage vous permettra en quelques s\u00e9ances de retrouver un corps plus ferme. Non seulement le traitement relance la production de collag\u00e8ne et d\u2019\u00e9lastine mais il augmente de fa\u00e7on durable la lipolyse, le d\u00e9stockage des graisses par l\u2019organisme. En adoptant un mode de vie \u00e9quilibr\u00e9, vous pourrez maintenir plus facilement votre perte de poids.<br \/>\n100% naturel<\/p>\n<p><strong>DES BIENFAITS INCONTESTABLES<\/strong><br \/>\n+ Peau redensifi\u00e9e \u00e0 plus de 240%<br \/>\n+ Raffermissement en profondeur des zones flasques<br \/>\n+ Indolore et relaxant<br \/>\n+ Sans chirurgie ni anesth\u00e9sie<br \/>\n+ Sans r\u00e9gime amaigrissant<\/p>\n","protected":false},"excerpt":{"rendered":"<p>Raffermissez votre peau et retrouvez un corps plus ferme et plus jeune! R\u00c9ACTIVEZ VOS CELLULES BEAUT\u00c9! Au fil des ans notre corps a support\u00e9 des variations de poids, le stress et des agressions ext\u00e9rieures comme la pollution. La peau a perdu graduellement fermet\u00e9 et souplesse. Certaines zones du corps comme l\u2019int\u00e9rieur des cuisses, le ventre&hellip;<\/p>\n","protected":false},"author":1,"featured_media":0,"parent":0,"menu_order":0,"comment_status":"closed","ping_status":"closed","template":"","meta":[],"_links":{"self":[{"href":"http:\/\/www.formlab.ca\/A23\/wp-json\/wp\/v2\/pages\/227"}],"collection":[{"href":"http:\/\/www.formlab.ca\/A23\/wp-json\/wp\/v2\/pages"}],"about":[{"href":"http:\/\/www.formlab.ca\/A23\/wp-json\/wp\/v2\/types\/page"}],"author":[{"embeddable":true,"href":"http:\/\/www.formlab.ca\/A23\/wp-json\/wp\/v2\/users\/1"}],"replies":[{"embeddable":true,"href":"http:\/\/www.formlab.ca\/A23\/wp-json\/wp\/v2\/comments?post=227"}],"version-history":[{"count":1,"href":"http:\/\/www.formlab.ca\/A23\/wp-json\/wp\/v2\/pages\/227\/revisions"}],"predecessor-version":[{"id":228,"href":"http:\/\/www.formlab.ca\/A23\/wp-json\/wp\/v2\/pages\/227\/revisions\/228"}],"wp:attachment":[{"href":"http:\/\/www.formlab.ca\/A23\/wp-json\/wp\/v2\/media?parent=227"}],"curies":[{"name":"wp","href":"https:\/\/api.w.org\/{rel}","templated":true}]}}