{"id":229,"date":"2016-12-01T22:38:32","date_gmt":"2016-12-01T21:38:32","guid":{"rendered":"http:\/\/www.espace-bbta.com\/sophieshop\/?page_id=229"},"modified":"2016-12-01T22:38:32","modified_gmt":"2016-12-01T21:38:32","slug":"bruler-les-graisses-du-ventre","status":"publish","type":"page","link":"http:\/\/www.formlab.ca\/A23\/bruler-les-graisses-du-ventre\/","title":{"rendered":"Br\u00fbler les graisses du ventre"},"content":{"rendered":"<p><strong>Votre ventre vous g\u00eane? C\u2019est possible de le perdre sans douleur!<\/strong><br \/>\n<strong>ADIEU PETITS BEDONS!<\/strong><br \/>\nLes r\u00e9gimes \u00e0 r\u00e9p\u00e9tition ont laiss\u00e9 des traces! Vous vous demandez comment perdre la graisse de votre ventre et avoir un ventre plat? C\u2019est possible sans chirurgie et sans douleur.<br \/>\nLe lipomassage travaille d\u00e9licatement la peau pour lib\u00e9rer les amas graisseux et r\u00e9activer la circulation et le processus d\u2019\u00e9limination des graisses. Des recherches r\u00e9centes ont d\u00e9montr\u00e9es que le lipomassage augmente de 70% le d\u00e9stockage des graisses apr\u00e8s 12 s\u00e9ances.<\/p>\n<p><strong>EN COMBIEN DE TEMPS VOIT-ON DES R\u00c9SULTATS?<\/strong><br \/>\nLes r\u00e9sultats apparaissent d\u00e8s la premi\u00e8re s\u00e9ance. Le ventre est moins volumineux et d\u00e9congestionn\u00e9. La peau est plus lisse et plus douce. Apr\u00e8s 6 s\u00e9ances, les r\u00e9sultats s\u2019intensifient; le gras abdominal disparait petit \u00e0 petit. Le ventre se retend et la peau devient plus tonique.<br \/>\nLa stimulation m\u00e9canique d\u00e9clenche des r\u00e9actions biologiques en profondeur l\u00e0 o\u00f9 l\u2019appareil est appliqu\u00e9. Vous perdrez l\u00e0 o\u00f9 vous le voulez gr\u00e2ce \u00e0 la stimulation minceur cibl\u00e9e tout en profitant d\u2019un moment de d\u00e9tente et de relaxation puisque la technique est totalement s\u00e9curitaire, non-invasive et indolore.<\/p>\n<p><strong>UNE TECHNIQUE SCIENTIFIQUEMENT \u00c9PROUV\u00c9E<\/strong><br \/>\nUtilis\u00e9e depuis de nombreuses ann\u00e9es par des chirurgiens, des dermatologues, des m\u00e9decins, des kin\u00e9sith\u00e9rapeutes, des instituts et des spas renomm\u00e9s dans le monde entier son efficacit\u00e9 est d\u00e9montr\u00e9e par plus de 105 \u00e9tudes scientifiques et cliniques.<br \/>\n100% naturel<\/p>\n<p><strong>DES BIENFAITS INCONTESTABLES<\/strong> :<br \/>\n+ D\u00e9stocke les graisses r\u00e9sistantes du ventre<br \/>\n+ Ventre raffermi<br \/>\n+ R\u00e9activation de la circulation sanguine et lymphatique<br \/>\n+ Sans chirurgie<\/p>\n","protected":false},"excerpt":{"rendered":"<p>Votre ventre vous g\u00eane? C\u2019est possible de le perdre sans douleur! ADIEU PETITS BEDONS! Les r\u00e9gimes \u00e0 r\u00e9p\u00e9tition ont laiss\u00e9 des traces! Vous vous demandez comment perdre la graisse de votre ventre et avoir un ventre plat? C\u2019est possible sans chirurgie et sans douleur. Le lipomassage travaille d\u00e9licatement la peau pour lib\u00e9rer les amas graisseux&hellip;<\/p>\n","protected":false},"author":1,"featured_media":0,"parent":0,"menu_order":0,"comment_status":"closed","ping_status":"closed","template":"","meta":[],"_links":{"self":[{"href":"http:\/\/www.formlab.ca\/A23\/wp-json\/wp\/v2\/pages\/229"}],"collection":[{"href":"http:\/\/www.formlab.ca\/A23\/wp-json\/wp\/v2\/pages"}],"about":[{"href":"http:\/\/www.formlab.ca\/A23\/wp-json\/wp\/v2\/types\/page"}],"author":[{"embeddable":true,"href":"http:\/\/www.formlab.ca\/A23\/wp-json\/wp\/v2\/users\/1"}],"replies":[{"embeddable":true,"href":"http:\/\/www.formlab.ca\/A23\/wp-json\/wp\/v2\/comments?post=229"}],"version-history":[{"count":1,"href":"http:\/\/www.formlab.ca\/A23\/wp-json\/wp\/v2\/pages\/229\/revisions"}],"predecessor-version":[{"id":230,"href":"http:\/\/www.formlab.ca\/A23\/wp-json\/wp\/v2\/pages\/229\/revisions\/230"}],"wp:attachment":[{"href":"http:\/\/www.formlab.ca\/A23\/wp-json\/wp\/v2\/media?parent=229"}],"curies":[{"name":"wp","href":"https:\/\/api.w.org\/{rel}","templated":true}]}}