{"id":32,"date":"2016-11-16T16:33:49","date_gmt":"2016-11-16T15:33:49","guid":{"rendered":"http:\/\/www.espace-bbta.com\/sophieshop\/?page_id=32"},"modified":"2023-09-21T10:26:20","modified_gmt":"2023-09-21T14:26:20","slug":"a-propos","status":"publish","type":"page","link":"http:\/\/www.formlab.ca\/A23\/a-propos\/","title":{"rendered":"\u00c0 propos"},"content":{"rendered":"<div class=\"wpb-content-wrapper\"><p>[vc_row][vc_column][vc_column_text]<img decoding=\"async\" loading=\"lazy\" class=\"aligncenter size-large wp-image-933\" src=\"http:\/\/www.formlab.ca\/A23\/wp-content\/uploads\/2023\/06\/Formlabequipe1-1024x717.png\" alt=\"\" width=\"1024\" height=\"717\" srcset=\"http:\/\/www.formlab.ca\/A23\/wp-content\/uploads\/2023\/06\/Formlabequipe1-1024x717.png 1024w, http:\/\/www.formlab.ca\/A23\/wp-content\/uploads\/2023\/06\/Formlabequipe1-600x420.png 600w, http:\/\/www.formlab.ca\/A23\/wp-content\/uploads\/2023\/06\/Formlabequipe1-300x210.png 300w, http:\/\/www.formlab.ca\/A23\/wp-content\/uploads\/2023\/06\/Formlabequipe1-768x538.png 768w, http:\/\/www.formlab.ca\/A23\/wp-content\/uploads\/2023\/06\/Formlabequipe1-1140x798.png 1140w, http:\/\/www.formlab.ca\/A23\/wp-content\/uploads\/2023\/06\/Formlabequipe1.png 1500w\" sizes=\"(max-width: 1024px) 100vw, 1024px\" \/><\/p>\n<h2 style=\"text-align: left;\"><strong><br \/>\nFormLab<\/strong><\/h2>\n<p style=\"text-align: left;\">Un centre de massoth\u00e9rapie sp\u00e9cialis\u00e9 et d\u00e9di\u00e9 \u00e0 votre mieux-\u00eatre, qui utilise des technologies innovantes, non-invasives et naturelles, afin de produire les r\u00e9sultats recherch\u00e9s plus rapidement et durablement que les pratiques traditionnelles, sans les risques potentiels reli\u00e9s aux technologies m\u00e9dicales invasives et aux chirurgies.\u2028\u2028 Nous croyons que chaque personne est unique, donc notre approche est fond\u00e9e sur une prise en charge et une personnalisation des soins. Nous consid\u00e9rons vos conditions, vos inconforts et vos douleurs pour vous cr\u00e9er un programme sur mesure, qui combine les solutions requises pour vos besoins personnels. Nous vous accompagnons et vous conseillons tout au long de la d\u00e9marche. Nos clients appr\u00e9cient beaucoup l\u2019environnement discret et intime que nous offrons et sachez que nous pouvons m\u00eame nous d\u00e9placer chez vous pour votre aise et confort \u00e9galement.<\/p>\n<p style=\"text-align: left;\"><strong>Sant\u00e9 globale et <a href=\"http:\/\/www.formlab.ca\/A23\/aide-aux-conditions-chroniques\/\">aide aux conditions chroniques<\/a><br \/>\n<\/strong>Vous avez des douleurs persistantes, des inconforts d\u00fbs \u00e0 une maladie, des tensions et autres probl\u00e8mes musculaires ou de sant\u00e9, nous pouvons vous aider \u00e0 am\u00e9liorer votre qualit\u00e9 de vie.\u2028\u2028 Nous avons les connaissances et les outils technologiques qui r\u00e9pondrons \u00e0 vos besoins personnels. Nous pouvons cr\u00e9er un programme fait sur mesure pour l\u2019atteinte de vos objetcifs mieux-\u00eatre.\u2028 Dans la grande majorit\u00e9 des cas, nous pouvons am\u00e9liorer votre qualit\u00e9 de vie due aux inconforts reli\u00e9s \u00e0 votre condition de sant\u00e9.<\/p>\n<p style=\"text-align: left;\"><strong><a href=\"http:\/\/www.formlab.ca\/A23\/massotherapie\/\">Massoth\u00e9rapie<\/a> et sant\u00e9 musculaire<\/strong><br \/>\nVous d\u00e9sirez \u00eatre soulag\u00e9 de vos tensions, vous d\u00e9sirez d\u00e9crocher de vos tracas quotidiens, vous d\u00e9sirez travailler sur votre posture, vos performances sportives ou votre temps de r\u00e9cup\u00e9ration. Vous avez comme objectif personnel de vous remettre en forme, mais ne savez pas trop par o\u00f9 commencer et n\u2019aimez pas l\u2019ambiance du gym, nous avons les massages th\u00e9rapeutiques ou relaxants ou le prgramme d\u2019entra\u00eenement ce qu\u2019il vous faut.<\/p>\n<p style=\"text-align: left;\"><strong><a href=\"http:\/\/www.formlab.ca\/A23\/endermologie\/\">Sant\u00e9 esth\u00e9tique<\/a>\u2028\u2028<\/strong><br \/>\nNotre programme en sant\u00e9 esth\u00e9tique est parfait si vous d\u00e9sirez am\u00e9liorer votre silhouette, sculpter votre corps, r\u00e9cup\u00e9rer plus rapidement d\u2019une chirurgie ou acc\u00e9l\u00e9rer un processus de cicatrisation. Nous avons d\u00e9velopper, pour vous aider \u00e0 atteindre vos objectifs, une expertise dans le but de trouver les solutions aux causes de votre condition en vue d\u2019acc\u00e9l\u00e9rer de beaucoup les r\u00e9sultats souhait\u00e9s.[\/vc_column_text][\/vc_column][\/vc_row]<\/p>\n<\/div>","protected":false},"excerpt":{"rendered":"<p>[vc_row][vc_column][vc_column_text] FormLab Un centre de massoth\u00e9rapie sp\u00e9cialis\u00e9 et d\u00e9di\u00e9 \u00e0 votre mieux-\u00eatre, qui utilise des technologies innovantes, non-invasives et naturelles, afin de produire les r\u00e9sultats recherch\u00e9s plus rapidement et durablement que les pratiques traditionnelles, sans les risques potentiels reli\u00e9s aux technologies m\u00e9dicales invasives et aux chirurgies.\u2028\u2028 Nous croyons que chaque personne est unique, donc notre&hellip;<\/p>\n","protected":false},"author":1,"featured_media":0,"parent":0,"menu_order":0,"comment_status":"closed","ping_status":"closed","template":"","meta":[],"_links":{"self":[{"href":"http:\/\/www.formlab.ca\/A23\/wp-json\/wp\/v2\/pages\/32"}],"collection":[{"href":"http:\/\/www.formlab.ca\/A23\/wp-json\/wp\/v2\/pages"}],"about":[{"href":"http:\/\/www.formlab.ca\/A23\/wp-json\/wp\/v2\/types\/page"}],"author":[{"embeddable":true,"href":"http:\/\/www.formlab.ca\/A23\/wp-json\/wp\/v2\/users\/1"}],"replies":[{"embeddable":true,"href":"http:\/\/www.formlab.ca\/A23\/wp-json\/wp\/v2\/comments?post=32"}],"version-history":[{"count":20,"href":"http:\/\/www.formlab.ca\/A23\/wp-json\/wp\/v2\/pages\/32\/revisions"}],"predecessor-version":[{"id":1262,"href":"http:\/\/www.formlab.ca\/A23\/wp-json\/wp\/v2\/pages\/32\/revisions\/1262"}],"wp:attachment":[{"href":"http:\/\/www.formlab.ca\/A23\/wp-json\/wp\/v2\/media?parent=32"}],"curies":[{"name":"wp","href":"https:\/\/api.w.org\/{rel}","templated":true}]}}