{"id":381,"date":"2019-08-08T23:33:07","date_gmt":"2019-08-08T21:33:07","guid":{"rendered":"http:\/\/www.formlab.ca\/A23\/?page_id=381"},"modified":"2023-07-13T11:55:54","modified_gmt":"2023-07-13T15:55:54","slug":"soins-du-visage-et-peeling","status":"publish","type":"page","link":"http:\/\/www.formlab.ca\/A23\/soins-du-visage-et-peeling\/","title":{"rendered":"Soins du visage et peeling"},"content":{"rendered":"<div class=\"wpb-content-wrapper\"><p>[vc_row][vc_column][vc_column_text]<\/p>\n<h2><strong>Soin biocompatible &amp; peeling<\/strong><\/h2>\n<p>[\/vc_column_text][\/vc_column][\/vc_row][vc_row][vc_column][vc_column_text]<\/p>\n<h3 style=\"text-align: left;\">Le soin biocompatible est l&rsquo;alternative au peeling chimique<\/h3>\n<p>Vous \u00eates \u00e0 la recherche d&rsquo;un soin pour avoir une belle peau saine et naturelle. Vous d\u00e9sirez un teint clair, une peau douce et en pleine sant\u00e9, optez pour le soin <strong>biocompatible\u00ae<\/strong>.<\/p>\n<p>Le soin <a href=\"https:\/\/www.davincia.ca\/shop?aff_key=7MKU71JP&amp;fbclid=IwAR09PopLS6gMX46jt9gGy4tm0KNVrkljQvu-hVz-d4nQdHxmiSzvuFV7viE\" target=\"_blank\" rel=\"noopener\"><strong>biocompatible\u00ae Davincia<\/strong><\/a> est une innovation en mati\u00e8re de traitement de la peau. Il offre des r\u00e9sultats hautement sup\u00e9rieurs \u00e0 ceux obtenus avec un soin facial. \u00c0 l\u2019aide de ses cr\u00e8mes calmantes des rougeurs ou de ses cr\u00e8mes anti-\u00e2ge, il apporte des r\u00e9sultats hors du commun. Il nettoie la peau en profondeur et lui offre du m\u00eame coup les nutriments essentiels \u00e0 son renouvellement. Il est efficace <em>pour tous les types de peau<\/em>, <em>les peaux fines<\/em>, <em>les peaux grasses<\/em>, m\u00eame <em>les peaux noires<\/em>. Le soin biocompatible\u00ae travaille en synergie pour lib\u00e9rer la peau de ses d\u00e9chets et offre une profonde revitalisation du derme.<\/p>\n<p>Pour tous types d\u2019affections, ce traitement <strong>stimule l\u2019immunit\u00e9 de la peau<\/strong> en lui apportant le n\u00e9cessaire \u00e0 son autonomie :<\/p>\n<ul>\n<li><em>l\u2019ecz\u00e9ma<\/em><\/li>\n<li><em>le psoriasis<\/em><\/li>\n<li><em>l\u2019acn\u00e9<\/em><\/li>\n<li><em>les pores dilat\u00e9s<\/em><\/li>\n<li><em>les rides et ridules<\/em><\/li>\n<li><em>les taches<\/em><\/li>\n<li><em>les k\u00e9ratoses<\/em><\/li>\n<li><em>les cicatrices<\/em><\/li>\n<\/ul>\n<p>Voyez ce que le soin bio compatible peut faire pour la sant\u00e9 et beaut\u00e9 de la peau. Agissez sur la cause plut\u00f4t que les probl\u00e8mes de peau. Choisissez de pr\u00e9venir naturellement pour rester jeune longtemps! Messieurs, vous allez adorer ce soin pour le visage![\/vc_column_text][\/vc_column][\/vc_row][vc_row][vc_column][vc_column_text]<strong>PRENDRE VOTRE RENDEZ-VOUS EN CLIQUANT ICI<\/strong> :<\/p>\n<div class=\"gorendezvous-button\" data-professionalpagename=\"formlab\" data-bookingwidgeturlparams=\"companyId=101752\" data-language=\"fr\" data-label=\"Prendre un rendez-vous\" data-url=\"https:\/\/www.gorendezvous.com\/\" data-buttoncolor=\"GOrendezvous\" data-width=\"undefined\" data-height=\"undefined\"><a href=\"https:\/\/www.gorendezvous.com\/formlab?companyId=101752\" target=\"GOrendezvous\" rel=\"noopener\">Prendre un rendez-vous<\/a><\/div>\n<p><script>!function (d, s) { var js, sid = \"gorendezvous-bookingwidget-script\"; var sEl = d.getElementById(sid); if(sEl) { sEl.parentNode.removeChild(sEl); } js = d.createElement(s); js.id = sid; js.src = \"https:\/\/www.gorendezvous.com\/Scripts\/gorendezvous.bookingWidgetV2.min.js?v=\" + (Math.floor(new Date().getTime()\/(1000*60*30))*(1000*60*30)).toString(); d.body.appendChild(js); } (document, \"script\");<\/script>[\/vc_column_text][\/vc_column][\/vc_row][vc_row][vc_column][vc_column_text]<\/p>\n<h3 style=\"text-align: center;\"><strong>Soin biocompatible &amp; peeling<\/strong><\/h3>\n<p>[\/vc_column_text][vc_single_image image=\u00a0\u00bb385&Prime; img_size=\u00a0\u00bb750&#215;750&Prime;][\/vc_column][\/vc_row]<\/p>\n<\/div>","protected":false},"excerpt":{"rendered":"<p>[vc_row][vc_column][vc_column_text] Soin biocompatible &amp; peeling [\/vc_column_text][\/vc_column][\/vc_row][vc_row][vc_column][vc_column_text] Le soin biocompatible est l&rsquo;alternative au peeling chimique Vous \u00eates \u00e0 la recherche d&rsquo;un soin pour avoir une belle peau saine et naturelle. Vous d\u00e9sirez un teint clair, une peau douce et en pleine sant\u00e9, optez pour le soin biocompatible\u00ae. Le soin biocompatible\u00ae Davincia est une innovation en mati\u00e8re&hellip;<\/p>\n","protected":false},"author":1,"featured_media":0,"parent":0,"menu_order":0,"comment_status":"closed","ping_status":"closed","template":"","meta":[],"_links":{"self":[{"href":"http:\/\/www.formlab.ca\/A23\/wp-json\/wp\/v2\/pages\/381"}],"collection":[{"href":"http:\/\/www.formlab.ca\/A23\/wp-json\/wp\/v2\/pages"}],"about":[{"href":"http:\/\/www.formlab.ca\/A23\/wp-json\/wp\/v2\/types\/page"}],"author":[{"embeddable":true,"href":"http:\/\/www.formlab.ca\/A23\/wp-json\/wp\/v2\/users\/1"}],"replies":[{"embeddable":true,"href":"http:\/\/www.formlab.ca\/A23\/wp-json\/wp\/v2\/comments?post=381"}],"version-history":[{"count":16,"href":"http:\/\/www.formlab.ca\/A23\/wp-json\/wp\/v2\/pages\/381\/revisions"}],"predecessor-version":[{"id":1220,"href":"http:\/\/www.formlab.ca\/A23\/wp-json\/wp\/v2\/pages\/381\/revisions\/1220"}],"wp:attachment":[{"href":"http:\/\/www.formlab.ca\/A23\/wp-json\/wp\/v2\/media?parent=381"}],"curies":[{"name":"wp","href":"https:\/\/api.w.org\/{rel}","templated":true}]}}