{"id":402,"date":"2020-04-24T18:16:50","date_gmt":"2020-04-24T16:16:50","guid":{"rendered":"http:\/\/www.formlab.ca\/A23\/?page_id=402"},"modified":"2023-07-12T13:39:31","modified_gmt":"2023-07-12T17:39:31","slug":"soins-du-visage-davincia","status":"publish","type":"page","link":"http:\/\/www.formlab.ca\/A23\/soins-du-visage-davincia\/","title":{"rendered":"Soins du visage DAVINCIA"},"content":{"rendered":"<div class=\"wpb-content-wrapper\"><p>[vc_row][vc_column][vc_column_text]<\/p>\n<h2><strong>Soin biocompatible &amp; peeling<\/strong><\/h2>\n<p>[\/vc_column_text][\/vc_column][\/vc_row][vc_row][vc_column][vc_column_text]Formlab est fier de collaborer avec l&rsquo;entreprise <strong>Davincia Soin Biocompatible<\/strong> pour le visage et pour le corps. Nous utilisons leurs produits depuis longtemps et nous sommes tr\u00e8s satisfaits!<\/p>\n<h4>Tous les produits de Davincia sont :<\/h4>\n<ul>\n<li>100% Qu\u00e9b\u00e9cois<\/li>\n<li>100% Naturel<\/li>\n<li>Fait au Canada<\/li>\n<li>San Paraben<\/li>\n<li>Non test\u00e9s sur les animaux<\/li>\n<li>R\u00e9sultats test\u00e9s<\/li>\n<\/ul>\n<h4>Ces produits traitent les probl\u00e9matiques suivantes :<\/h4>\n<ul>\n<li>Acn\u00e9<\/li>\n<li>Cicatrices d&rsquo;acn\u00e9<\/li>\n<li>Rides et ridules<\/li>\n<li>Rel\u00e2chement et perte de tonus visage et cou<\/li>\n<li>Taches pigmentaire<\/li>\n<li>Couperose &amp; rosac\u00e9e<\/li>\n<li>Poches et cernes<\/li>\n<li>Pores dilat\u00e9es<\/li>\n<li>Peau s\u00e8che et peau grasse<\/li>\n<\/ul>\n<h3>Le soin biocompatible est l\u2019alternative au peeling chimique<\/h3>\n<p>Vous \u00eates \u00e0 la recherche d\u2019un soin pour avoir une belle peau saine et naturelle. Vous d\u00e9sirez un teint clair, une peau douce et en pleine sant\u00e9, optez pour le soin biocompatible<strong>\u00ae<\/strong>. Le soin <a href=\"https:\/\/www.davincia.ca\/shop?aff_key=7MKU71JP&amp;fbclid=IwAR09PopLS6gMX46jt9gGy4tm0KNVrkljQvu-hVz-d4nQdHxmiSzvuFV7viE\" target=\"_blank\" rel=\"noopener\"><strong>biocompatible\u00ae Davincia<\/strong><\/a> est une innovation en mati\u00e8re de traitement de la peau. Il offre des r\u00e9sultats hautement sup\u00e9rieurs \u00e0 ceux obtenus avec un soin facial. \u00c0 l\u2019aide de ses cr\u00e8mes calmantes des rougeurs ou de ses cr\u00e8mes anti-\u00e2ge, il apporte des r\u00e9sultats hors du commun. Il nettoie la peau en profondeur et lui offre du m\u00eame coup les nutriments essentiels \u00e0 son renouvellement. Il est efficace <em>pour tous les types de peau<\/em>, <em>les peaux fines<\/em>, <em>les peaux grasses<\/em>, m\u00eame <em>les peaux noires<\/em>. Le soin biocompatible\u00ae travaille en synergie pour lib\u00e9rer la peau de ses d\u00e9chets et offre une profonde revitalisation du derme.<\/p>\n<h4>L&rsquo;entreprise Qu\u00e9b\u00e9coise Davincia<\/h4>\n<p class=\"lead\">L&rsquo;entreprise Davincia s\u2019est donn\u00e9 comme mandat de placer votre beaut\u00e9 naturelle au c\u0153ur de ses pr\u00e9occupations. Ses protocoles, produits, cr\u00e8mes, s\u00e9rums ou soins sont d\u2019ailleurs bas\u00e9s sur l\u2019importance de respecter l\u2019int\u00e9grit\u00e9 biologique de la peau. En choisissant les produits de beaut\u00e9 et cosm\u00e9tiques Davincia, vous vous assurez de faire un choix s\u00e9curitaire pour votre sant\u00e9 et \u00e9coresponsable pour la sant\u00e9 de notre plan\u00e8te. Selon la fondatrice, il est important de prendre en charge sa sant\u00e9 et sa beaut\u00e9, mais tout autant de la garder en misant sur des solutions pr\u00e9ventives et correctrices durables\u2009; en mati\u00e8re de beaut\u00e9, il faut faire des choix \u00e9clair\u00e9s.<\/p>\n<p>Premi\u00e8rement, ne pas nuire devrait \u00eatre la pr\u00e9misse de toutes les femmes actives conscientes.<br \/>\nDavincia offre des solutions de beaut\u00e9 qui corrigent l\u2019aspect de la peau actuelle et qui pr\u00e9viennent du m\u00eame coup le vieillissement. Aucun ingr\u00e9dient de la gamme de beaut\u00e9 n\u2019a \u00e9t\u00e9 choisi au hasard\u2009; chacun d&rsquo;entre eux joue un r\u00f4le au niveau de la peau, soit de corriger ou alors de pr\u00e9venir. Davincia propose ainsi des r\u00e9ponses concr\u00e8tes et naturelles aux probl\u00e8mes de peau, pour des solutions qui offrent des r\u00e9sultats.<\/p>\n<h3 style=\"text-align: center;\"><\/h3>\n<p>[\/vc_column_text][\/vc_column][\/vc_row][vc_row][vc_column][vc_column_text]<strong>PRENDRE VOTRE RENDEZ-VOUS EN CLIQUANT ICI<\/strong> :<\/p>\n<div class=\"gorendezvous-button\" data-professionalpagename=\"formlab\" data-bookingwidgeturlparams=\"companyId=101752\" data-language=\"fr\" data-label=\"Prendre un rendez-vous\" data-url=\"https:\/\/www.gorendezvous.com\/\" data-buttoncolor=\"GOrendezvous\" data-width=\"undefined\" data-height=\"undefined\"><a href=\"https:\/\/www.gorendezvous.com\/formlab?companyId=101752\" target=\"GOrendezvous\" rel=\"noopener\">Prendre un rendez-vous<\/a><\/div>\n<p><script>!function (d, s) { var js, sid = \"gorendezvous-bookingwidget-script\"; var sEl = d.getElementById(sid); if(sEl) { sEl.parentNode.removeChild(sEl); } js = d.createElement(s); js.id = sid; js.src = \"https:\/\/www.gorendezvous.com\/Scripts\/gorendezvous.bookingWidgetV2.min.js?v=\" + (Math.floor(new Date().getTime()\/(1000*60*30))*(1000*60*30)).toString(); d.body.appendChild(js); } (document, \"script\");<\/script><\/p>\n<p>[\/vc_column_text][\/vc_column][\/vc_row]<\/p>\n<\/div>","protected":false},"excerpt":{"rendered":"<p>[vc_row][vc_column][vc_column_text] Soin biocompatible &amp; peeling [\/vc_column_text][\/vc_column][\/vc_row][vc_row][vc_column][vc_column_text]Formlab est fier de collaborer avec l&rsquo;entreprise Davincia Soin Biocompatible pour le visage et pour le corps. Nous utilisons leurs produits depuis longtemps et nous sommes tr\u00e8s satisfaits! Tous les produits de Davincia sont : 100% Qu\u00e9b\u00e9cois 100% Naturel Fait au Canada San Paraben Non test\u00e9s sur les animaux R\u00e9sultats&hellip;<\/p>\n","protected":false},"author":1,"featured_media":385,"parent":0,"menu_order":0,"comment_status":"closed","ping_status":"closed","template":"","meta":[],"_links":{"self":[{"href":"http:\/\/www.formlab.ca\/A23\/wp-json\/wp\/v2\/pages\/402"}],"collection":[{"href":"http:\/\/www.formlab.ca\/A23\/wp-json\/wp\/v2\/pages"}],"about":[{"href":"http:\/\/www.formlab.ca\/A23\/wp-json\/wp\/v2\/types\/page"}],"author":[{"embeddable":true,"href":"http:\/\/www.formlab.ca\/A23\/wp-json\/wp\/v2\/users\/1"}],"replies":[{"embeddable":true,"href":"http:\/\/www.formlab.ca\/A23\/wp-json\/wp\/v2\/comments?post=402"}],"version-history":[{"count":16,"href":"http:\/\/www.formlab.ca\/A23\/wp-json\/wp\/v2\/pages\/402\/revisions"}],"predecessor-version":[{"id":1124,"href":"http:\/\/www.formlab.ca\/A23\/wp-json\/wp\/v2\/pages\/402\/revisions\/1124"}],"wp:featuredmedia":[{"embeddable":true,"href":"http:\/\/www.formlab.ca\/A23\/wp-json\/wp\/v2\/media\/385"}],"wp:attachment":[{"href":"http:\/\/www.formlab.ca\/A23\/wp-json\/wp\/v2\/media?parent=402"}],"curies":[{"name":"wp","href":"https:\/\/api.w.org\/{rel}","templated":true}]}}