{"id":638,"date":"2022-01-11T14:56:14","date_gmt":"2022-01-11T19:56:14","guid":{"rendered":"http:\/\/www.formlab.ca\/A23\/?page_id=638"},"modified":"2025-02-11T15:37:38","modified_gmt":"2025-02-11T20:37:38","slug":"drainage-medical","status":"publish","type":"page","link":"http:\/\/www.formlab.ca\/A23\/drainage-medical\/","title":{"rendered":"Drainage m\u00e9dical"},"content":{"rendered":"<div class=\"wpb-content-wrapper\"><p>[vc_row][vc_column][vc_column_text]<\/p>\n<h2><strong>Drainage m\u00e9dical<\/strong><\/h2>\n<p>[\/vc_column_text][\/vc_column][\/vc_row][vc_row][vc_column][vc_column_text]<\/p>\n<div class=\"page\" title=\"Page 1\">\n<div class=\"section\">\n<div class=\"layoutArea\">\n<h3 class=\"column\" style=\"text-align: left;\">Drainage m\u00e9dical<\/h3>\n<div class=\"column\">Dans plusieurs pays tout commence par le drainage. On est malade, on draine&#8230; Changement de saisons, on draine. On se fait op\u00e9rer, on draine. On est fatigu\u00e9, on draine, On a de l&rsquo;inflammation, on draine. On a mal, on draine.\u00a0Malheureusement, ici, ce n\u2019est pas dans notre culture, mais nous aurions avantage de le faire plus souvent!<\/div>\n<div class=\"column\">\n<div class=\"column\">\n<p>Le <a href=\"https:\/\/www.lpgmedical.com\/fr\/wp-content\/uploads\/sites\/5\/2016\/11\/1385472474706leduc_oct2000.pdf\" target=\"_blank\" rel=\"noopener\"><strong>drainage lymphatique m\u00e9dical<\/strong> <\/a>est issu de l\u2019endermologie th\u00e9rapeutique. Cette m\u00e9thode offre beaucoup plus de r\u00e9sultats que manuellement. Nous pouvons faire plus de choses, c\u2019est un soin qui \u00e9volue dans le temps et qui est non routinier. Il y a plusieurs fa\u00e7on et m\u00e9thodes d\u2019activer la lymphe et le syst\u00e8me circulatoire gr\u00e2ce \u00e0 cette m\u00e9thode. Par exemple, un drainage manuel active la lymphe de 30% pendant une heure comparativement au drainage m\u00e9dical qui lui, peut l&rsquo;activer de 300% pendant 4h.<\/p>\n<\/div>\n<p><strong>Voici quelques exemples d\u2019indications au drainage<br \/>\n<\/strong><\/p>\n<ul>\n<li>Pr\u00e9-operation<\/li>\n<li>Post-operation<\/li>\n<li>Inflammation<\/li>\n<li>Maladie chronique Diab\u00e8te<\/li>\n<li>Jambes lourdes<\/li>\n<li>Lymphoedeme<\/li>\n<\/ul>\n<p>Vous allez voir, l\u2019essayer c\u2019est l\u2019adopter!<\/p>\n<\/div>\n<\/div>\n<\/div>\n<\/div>\n<p>[\/vc_column_text][\/vc_column][\/vc_row][vc_row][vc_column][vc_column_text css=\u00a0\u00bb\u00a0\u00bb]<strong>PRENDRE VOTRE RENDEZ-VOUS EN CLIQUANT ICI<\/strong> :<\/p>\n<div class=\"gorendezvous-button\" data-professionalpagename=\"formlab\" data-bookingwidgeturlparams=\"companyId=101752\" data-language=\"fr\" data-label=\"Prendre un rendez-vous\" data-url=\"https:\/\/www.gorendezvous.com\/\" data-buttoncolor=\"GOrendezvous\" data-width=\"undefined\" data-height=\"undefined\"><a href=\"https:\/\/www.gorendezvous.com\/formlab?companyId=101752\" target=\"GOrendezvous\" rel=\"noopener\">Prendre un rendez-vous<\/a><\/div>\n<p><script>!function (d, s) { var js, sid = \"gorendezvous-bookingwidget-script\"; var sEl = d.getElementById(sid); if(sEl) { sEl.parentNode.removeChild(sEl); } js = d.createElement(s); js.id = sid; js.src = \"https:\/\/www.gorendezvous.com\/Scripts\/gorendezvous.bookingWidgetV2.min.js?v=\" + (Math.floor(new Date().getTime()\/(1000*60*30))*(1000*60*30)).toString(); d.body.appendChild(js); } (document, \"script\");<\/script>[\/vc_column_text][\/vc_column][\/vc_row][vc_row][vc_column][vc_column_text]<\/p>\n<h3 style=\"text-align: center;\"><strong>Pr\u00e9-op\u00e9ration \/ Post-op\u00e9ration<\/strong><\/h3>\n<p>[\/vc_column_text][vc_single_image image=\u00a0\u00bb1229&Prime; img_size=\u00a0\u00bb850&#215;650&Prime;][\/vc_column][\/vc_row]<\/p>\n<\/div>","protected":false},"excerpt":{"rendered":"<p>[vc_row][vc_column][vc_column_text] Drainage m\u00e9dical [\/vc_column_text][\/vc_column][\/vc_row][vc_row][vc_column][vc_column_text] Drainage m\u00e9dical Dans plusieurs pays tout commence par le drainage. On est malade, on draine&#8230; Changement de saisons, on draine. On se fait op\u00e9rer, on draine. On est fatigu\u00e9, on draine, On a de l&rsquo;inflammation, on draine. On a mal, on draine.\u00a0Malheureusement, ici, ce n\u2019est pas dans notre culture, mais nous&hellip;<\/p>\n","protected":false},"author":1,"featured_media":0,"parent":0,"menu_order":0,"comment_status":"closed","ping_status":"closed","template":"","meta":[],"_links":{"self":[{"href":"http:\/\/www.formlab.ca\/A23\/wp-json\/wp\/v2\/pages\/638"}],"collection":[{"href":"http:\/\/www.formlab.ca\/A23\/wp-json\/wp\/v2\/pages"}],"about":[{"href":"http:\/\/www.formlab.ca\/A23\/wp-json\/wp\/v2\/types\/page"}],"author":[{"embeddable":true,"href":"http:\/\/www.formlab.ca\/A23\/wp-json\/wp\/v2\/users\/1"}],"replies":[{"embeddable":true,"href":"http:\/\/www.formlab.ca\/A23\/wp-json\/wp\/v2\/comments?post=638"}],"version-history":[{"count":12,"href":"http:\/\/www.formlab.ca\/A23\/wp-json\/wp\/v2\/pages\/638\/revisions"}],"predecessor-version":[{"id":1301,"href":"http:\/\/www.formlab.ca\/A23\/wp-json\/wp\/v2\/pages\/638\/revisions\/1301"}],"wp:attachment":[{"href":"http:\/\/www.formlab.ca\/A23\/wp-json\/wp\/v2\/media?parent=638"}],"curies":[{"name":"wp","href":"https:\/\/api.w.org\/{rel}","templated":true}]}}