{"id":642,"date":"2022-01-11T15:12:52","date_gmt":"2022-01-11T20:12:52","guid":{"rendered":"http:\/\/www.formlab.ca\/A23\/?page_id=642"},"modified":"2023-07-13T11:26:47","modified_gmt":"2023-07-13T15:26:47","slug":"cryotherapie","status":"publish","type":"page","link":"http:\/\/www.formlab.ca\/A23\/cryotherapie\/","title":{"rendered":"Cryoth\u00e9rapie"},"content":{"rendered":"<div class=\"wpb-content-wrapper\"><p>[vc_row][vc_column][vc_column_text]<\/p>\n<h2><strong>Cryoth\u00e9rapie corps<\/strong><\/h2>\n<p>[\/vc_column_text][\/vc_column][\/vc_row][vc_row][vc_column][vc_column_text]<\/p>\n<h3 style=\"text-align: left;\"><strong>Cryoth\u00e9rapie pour le corps<\/strong><\/h3>\n<h3>La th\u00e9rapie par le froid sert principalement\u00e0 3 choses :<\/h3>\n<ol>\n<li>D\u00e9truire les cellules graisseuses<\/li>\n<li>Raffermir la peau<\/li>\n<li>Diminuer l\u2019inflammation<\/li>\n<\/ol>\n<p>Nous avons choisi une technologie \u00ab gliss\u00e9e \u00bb, car c\u2019est plus s\u00e9curitaire que la cryoth\u00e9rapie \u00ab aspir\u00e9e \u00bb et elle offre de meilleurs r\u00e9sultats au niveau de la fermet\u00e9, car les tissus ne sont pas tir\u00e9s dans une chambre de traitement. Un autre avantage, elle nous permet d\u2019aller partout o\u00f9 il y a de la peau, exemple tant pour la l\u00e8vre sup\u00e9rieure pour les rides, que pour le talon d\u2019Achille qui limite les mouvements.<span class=\"Apple-converted-space\">\u00a0<\/span><\/p>\n<p><strong>Cryo-Corps<\/strong><\/p>\n<p>L\u2019apoptose (mort de la cellule graisseuse) est cr\u00e9\u00e9e par ce signal donn\u00e9 par la cryoth\u00e9rapie par contre, elles ne meurent sur-le-champ et pas toutes \u00e0 la m\u00eame vitesse et comme nous allons dans des temp\u00e9ratures tr\u00e8s confortables, il est recommand\u00e9 de 3 \u00e0 6 s\u00e9ances (aux 2 semaines) par zone de 6 par 6, par la suite nous bonifions votre soin par un drainage m\u00e9dical sur la zone pour acc\u00e9l\u00e9rer le processus, car nous savons que vos r\u00e9sultats seront meilleurs. Le r\u00e9sultat final se ressentira deux mois apr\u00e8s votre derni\u00e8re s\u00e9ance.<\/p>\n<p><strong>Cryo-Bobo<\/strong><\/p>\n<p>Un peu comme le cryofacial, le fait d\u2019activer le flux sanguin et lymphatique, il diminue l\u2019enflure et soulage vraiment, favorise ce nouveau sang rempli de vitamines et min\u00e9raux \u00e0 acc\u00e9l\u00e9rer votre processus de gu\u00e9rison naturel<span class=\"Apple-converted-space\">\u00a0<\/span><\/p>\n<p><strong>Contrindications<span class=\"Apple-converted-space\">\u00a0<\/span><\/strong><\/p>\n<ul>\n<li>Syndrome de Raynaud S\u00c9V\u00c8RE<span class=\"Apple-converted-space\">\u00a0<\/span><\/li>\n<li>Implants sur la zone<\/li>\n<li>Maladie d\u00e9g\u00e9n\u00e9rative<\/li>\n<li>Botox sur la zone, 30 jours<\/li>\n<li>Agents de remplissage sur la zone, 90 jours<\/li>\n<\/ul>\n<p>[\/vc_column_text][\/vc_column][\/vc_row][vc_row][vc_column][vc_column_text]<strong>PRENDRE VOTRE RENDEZ-VOUS EN CLIQUANT ICI<\/strong> :<\/p>\n<div class=\"gorendezvous-button\" data-professionalpagename=\"formlab\" data-bookingwidgeturlparams=\"companyId=101752\" data-language=\"fr\" data-label=\"Prendre un rendez-vous\" data-url=\"https:\/\/www.gorendezvous.com\/\" data-buttoncolor=\"GOrendezvous\" data-width=\"undefined\" data-height=\"undefined\"><a href=\"https:\/\/www.gorendezvous.com\/formlab?companyId=101752\" target=\"GOrendezvous\" rel=\"noopener\">Prendre un rendez-vous<\/a><\/div>\n<p><script>!function (d, s) { var js, sid = \"gorendezvous-bookingwidget-script\"; var sEl = d.getElementById(sid); if(sEl) { sEl.parentNode.removeChild(sEl); } js = d.createElement(s); js.id = sid; js.src = \"https:\/\/www.gorendezvous.com\/Scripts\/gorendezvous.bookingWidgetV2.min.js?v=\" + (Math.floor(new Date().getTime()\/(1000*60*30))*(1000*60*30)).toString(); d.body.appendChild(js); } (document, \"script\");<\/script>[\/vc_column_text][\/vc_column][\/vc_row][vc_row][vc_column][vc_column_text]<\/p>\n<h3 style=\"text-align: center;\"><strong>Cryoth\u00e9rapie pour le corps<\/strong><\/h3>\n<p>[\/vc_column_text][vc_single_image image=\u00a0\u00bb809&Prime; img_size=\u00a0\u00bb650&#215;850&Prime;][\/vc_column][\/vc_row]<\/p>\n<\/div>","protected":false},"excerpt":{"rendered":"<p>[vc_row][vc_column][vc_column_text] Cryoth\u00e9rapie corps [\/vc_column_text][\/vc_column][\/vc_row][vc_row][vc_column][vc_column_text] Cryoth\u00e9rapie pour le corps La th\u00e9rapie par le froid sert principalement\u00e0 3 choses : D\u00e9truire les cellules graisseuses Raffermir la peau Diminuer l\u2019inflammation Nous avons choisi une technologie \u00ab gliss\u00e9e \u00bb, car c\u2019est plus s\u00e9curitaire que la cryoth\u00e9rapie \u00ab aspir\u00e9e \u00bb et elle offre de meilleurs r\u00e9sultats au niveau de la&hellip;<\/p>\n","protected":false},"author":1,"featured_media":0,"parent":0,"menu_order":0,"comment_status":"closed","ping_status":"closed","template":"","meta":[],"_links":{"self":[{"href":"http:\/\/www.formlab.ca\/A23\/wp-json\/wp\/v2\/pages\/642"}],"collection":[{"href":"http:\/\/www.formlab.ca\/A23\/wp-json\/wp\/v2\/pages"}],"about":[{"href":"http:\/\/www.formlab.ca\/A23\/wp-json\/wp\/v2\/types\/page"}],"author":[{"embeddable":true,"href":"http:\/\/www.formlab.ca\/A23\/wp-json\/wp\/v2\/users\/1"}],"replies":[{"embeddable":true,"href":"http:\/\/www.formlab.ca\/A23\/wp-json\/wp\/v2\/comments?post=642"}],"version-history":[{"count":17,"href":"http:\/\/www.formlab.ca\/A23\/wp-json\/wp\/v2\/pages\/642\/revisions"}],"predecessor-version":[{"id":1212,"href":"http:\/\/www.formlab.ca\/A23\/wp-json\/wp\/v2\/pages\/642\/revisions\/1212"}],"wp:attachment":[{"href":"http:\/\/www.formlab.ca\/A23\/wp-json\/wp\/v2\/media?parent=642"}],"curies":[{"name":"wp","href":"https:\/\/api.w.org\/{rel}","templated":true}]}}