{"id":65,"date":"2016-11-16T16:46:17","date_gmt":"2016-11-16T15:46:17","guid":{"rendered":"http:\/\/www.espace-bbta.com\/sophieshop\/?page_id=65"},"modified":"2023-08-04T09:23:13","modified_gmt":"2023-08-04T13:23:13","slug":"massotherapie","status":"publish","type":"page","link":"http:\/\/www.formlab.ca\/A23\/massotherapie\/","title":{"rendered":"Massoth\u00e9rapie"},"content":{"rendered":"<div class=\"wpb-content-wrapper\"><p>[vc_row][vc_column][vc_column_text]<\/p>\n<h2><strong>Massoth\u00e9rapie<\/strong><\/h2>\n<p>[\/vc_column_text][\/vc_column][\/vc_row][vc_row][vc_column][vc_column_text]<\/p>\n<h3>La massoth\u00e9rapie chez FormLab un pas de plus vers votre bien-\u00eatre<\/h3>\n<p style=\"text-align: left;\">Nous sommes heureux de pouvoir vous offrir une vari\u00e9t\u00e9 de massages pour r\u00e9pondre \u00e0 vos diff\u00e9rents besoins. Nous nous effor\u00e7ons de r\u00e9pondre \u00e0 vos besoins et \u00e0 vos demandes le plus rapidement possible, c\u2019est pourquoi nous travaillons avec des th\u00e9rapeutes associ\u00e9s. Si vous voulez un rendez-vous au centre ou en urgence hors des heures d\u2019ouvertures, n\u2019h\u00e9sitez pas \u00e0 communiquer avec nous.<\/p>\n<h2 style=\"text-align: left;\"><span style=\"color: #000000;\"><strong>NOS TYPES DE MASSAGES<\/strong><\/span><\/h2>\n<h3><strong>1. Les massages traditionnels<\/strong><\/h3>\n<p><strong>Le massage de d\u00e9tente<\/strong><br \/>\nUn massage ( su\u00e9dois ou californien) tr\u00e8s enveloppant pour calmer votre syst\u00e8me nerveux. Ce massage vise aussi \u00e0 r\u00e9duire les tensions musculaires, \u00e0 favoriser le sommeil et \u00e0 am\u00e9liorer la concentration.<\/p>\n<p><strong>Le massage musculaire ou \u00ab\u00a0sportif\u00a0\u00bb, deep tissu, trigger point<\/strong><br \/>\nLe but premier de ce massage est de d\u00e9tendre les muscles, d\u2019\u00e9liminer les toxines, de d\u00e9tecter les tensions et les contractures et de les r\u00e9duire pour favoriser la r\u00e9cup\u00e9ration.\u00a0Dans le massage musculaire ou \u00ab\u00a0sportif\u00a0\u00bb rien ne vaut le travail \u00e0 la main pour d\u00e9nouer les noeuds.<\/p>\n<h3><strong>2. Les massages sp\u00e9cialis\u00e9s<\/strong><\/h3>\n<p><strong>Le massage th\u00e9rapeutique<\/strong><br \/>\nUn massage localis\u00e9 qui aide \u00e0 am\u00e9liorer une probl\u00e9matique donn\u00e9e et \u00e0 soulager des douleur ou des conditions particuli\u00e8res.<\/p>\n<p><strong>Le massage sp\u00e9cial femmes enceintes*<\/strong><br \/>\nLe massage sp\u00e9cial femmes enceinte est parfait pour travailler la circulation dans les jambes, pour diminuer l\u2019enflure et les tensions dues \u00e0 la grossesse*. Le massage est recommand\u00e9 apr\u00e8s un minimum de douze semaines.<\/p>\n<p><strong>Le drainage lymphatique<\/strong><br \/>\nCe massage est recommand\u00e9 pour favoriser l\u2019\u00e9limination des d\u00e9chets et diminuer l\u2019enflure en activant le syst\u00e8me lymphatique.<\/p>\n<p><strong>Le massage sp\u00e9cial enfants<\/strong><br \/>\nUn massage sp\u00e9cial pour aider vos enfants \u00e0 am\u00e9liorer leur concentration, \u00e0 les aider \u00e0 contr\u00f4ler et diminuer leur stress ce qui entrainera un un effet b\u00e9n\u00e9fique sur les troubles de comportements et les anxi\u00e9t\u00e9s.<\/p>\n<p><strong>Le massage sp\u00e9cialis\u00e9<br \/>\n<\/strong>Ce massage combine plusieurs techniques et se pratique en trois parties. \u00c0 l\u2019aide des derniers appareils m\u00e9dicaux, le massoth\u00e9rapeute manipule une r\u00e9gion de votre corps, vous \u00eates en position verticale sur un appareil qui reconnait votre grandeur et votre poids, ce qui permet un \u00e9tirement de la zone probl\u00e9matique sans risque de blessure. Ensuite, un massage sur table vous sera donner pour bien r\u00e9chauffer la zone travaill\u00e9e. En derni\u00e8re \u00e9tape, un massage m\u00e9canique, qui permet d\u2019aller travailler plus en profondeur et sans douleur terminera\u00a0votre s\u00e9ance. Ce massage est tr\u00e8s efficace pour les personnes qui ont des besoins sp\u00e9cifiques.<\/p>\n<div class=\"page\" title=\"Page 1\">\n<div class=\"section\">\n<div class=\"layoutArea\">\n<div class=\"column\">\n<p>Ce massage est tr\u00e8s populaire chez nous, car il donne des r\u00e9sultats plus rapides et qui durent plus longtemps que le traditionnel. Dans 95% des cas, lorsque nous avons mal, c\u2019est lorsque nous sommes en mouvement alors il est tr\u00e8s logique de traiter la douleur dans le mouvement qui est inconfortable pour permettre \u00e0 votre syst\u00e8me nerveux de participer \u00e0 la correction. Nous utilisons nos technologies m\u00e9dicales reconnues mondialement pour leurs effets 5 fois plus profondes que le travail manuel, nous utilisons aussi un m\u00e9lange sur mesure selon vos besoins pour obtenir un soulagement rapide (ventouses,<em> tapping<\/em>, d\u00e9compression ost\u00e9o-articulaire, la m\u00e9thode <em>melt<\/em>, massage aux bambou, guasha, neuro-th\u00e9rapie, ost\u00e9o-int\u00e9grative, moxas, Tha\u00eflandais, massage en mouvement, endermoth\u00e9rapie, cryoth\u00e9rapie et plus encore).<\/p>\n<p>Il est est donc possible de travailler tous les plans dans le m\u00eame rendez-vous!<\/p>\n<\/div>\n<\/div>\n<\/div>\n<\/div>\n<p>[\/vc_column_text][\/vc_column][\/vc_row][vc_row][vc_column][vc_column_text]<strong>PRENDRE VOTRE RENDEZ-VOUS EN CLIQUANT ICI<\/strong> :<\/p>\n<div class=\"gorendezvous-button\" data-professionalpagename=\"formlab\" data-bookingwidgeturlparams=\"companyId=101752\" data-language=\"fr\" data-label=\"Prendre un rendez-vous\" data-url=\"https:\/\/www.gorendezvous.com\/\" data-buttoncolor=\"GOrendezvous\" data-width=\"undefined\" data-height=\"undefined\"><a href=\"https:\/\/www.gorendezvous.com\/formlab?companyId=101752\" target=\"GOrendezvous\" rel=\"noopener\">Prendre un rendez-vous<\/a><\/div>\n<p><script>!function (d, s) { var js, sid = \"gorendezvous-bookingwidget-script\"; var sEl = d.getElementById(sid); if(sEl) { sEl.parentNode.removeChild(sEl); } js = d.createElement(s); js.id = sid; js.src = \"https:\/\/www.gorendezvous.com\/Scripts\/gorendezvous.bookingWidgetV2.min.js?v=\" + (Math.floor(new Date().getTime()\/(1000*60*30))*(1000*60*30)).toString(); d.body.appendChild(js); } (document, \"script\");<\/script>[\/vc_column_text][\/vc_column][\/vc_row]<\/p>\n<\/div>","protected":false},"excerpt":{"rendered":"<p>[vc_row][vc_column][vc_column_text] Massoth\u00e9rapie [\/vc_column_text][\/vc_column][\/vc_row][vc_row][vc_column][vc_column_text] La massoth\u00e9rapie chez FormLab un pas de plus vers votre bien-\u00eatre Nous sommes heureux de pouvoir vous offrir une vari\u00e9t\u00e9 de massages pour r\u00e9pondre \u00e0 vos diff\u00e9rents besoins. Nous nous effor\u00e7ons de r\u00e9pondre \u00e0 vos besoins et \u00e0 vos demandes le plus rapidement possible, c\u2019est pourquoi nous travaillons avec des th\u00e9rapeutes associ\u00e9s.&hellip;<\/p>\n","protected":false},"author":1,"featured_media":0,"parent":0,"menu_order":0,"comment_status":"closed","ping_status":"closed","template":"","meta":[],"_links":{"self":[{"href":"http:\/\/www.formlab.ca\/A23\/wp-json\/wp\/v2\/pages\/65"}],"collection":[{"href":"http:\/\/www.formlab.ca\/A23\/wp-json\/wp\/v2\/pages"}],"about":[{"href":"http:\/\/www.formlab.ca\/A23\/wp-json\/wp\/v2\/types\/page"}],"author":[{"embeddable":true,"href":"http:\/\/www.formlab.ca\/A23\/wp-json\/wp\/v2\/users\/1"}],"replies":[{"embeddable":true,"href":"http:\/\/www.formlab.ca\/A23\/wp-json\/wp\/v2\/comments?post=65"}],"version-history":[{"count":27,"href":"http:\/\/www.formlab.ca\/A23\/wp-json\/wp\/v2\/pages\/65\/revisions"}],"predecessor-version":[{"id":1257,"href":"http:\/\/www.formlab.ca\/A23\/wp-json\/wp\/v2\/pages\/65\/revisions\/1257"}],"wp:attachment":[{"href":"http:\/\/www.formlab.ca\/A23\/wp-json\/wp\/v2\/media?parent=65"}],"curies":[{"name":"wp","href":"https:\/\/api.w.org\/{rel}","templated":true}]}}