{"id":683,"date":"2022-01-18T11:06:22","date_gmt":"2022-01-18T16:06:22","guid":{"rendered":"http:\/\/www.formlab.ca\/A23\/?page_id=683"},"modified":"2025-11-24T11:30:47","modified_gmt":"2025-11-24T16:30:47","slug":"rendez-vous","status":"publish","type":"page","link":"http:\/\/www.formlab.ca\/A23\/rendez-vous\/","title":{"rendered":"Rendez-vous"},"content":{"rendered":"<div class=\"wpb-content-wrapper\"><p>[vc_row][vc_column][vc_column_text]<\/p>\n<h2><span style=\"color: #000000;\"><strong>Prise de rendez-vous<\/strong><\/span><\/h2>\n<p>[\/vc_column_text][\/vc_column][\/vc_row][vc_row][vc_column][vc_column_text]Bonjour,<\/p>\n<p>Nous vous invitons \u00e0 prendre un rendez-vous en cliquant sur le bouton bleu ci-bas.<br \/>\nVous pouvez communiquer avec nous par t\u00e9l\u00e9phone.<\/p>\n<p>\u00c0 bient\u00f4t<\/p>\n<p>L&rsquo;\u00e9quipe FormLab[\/vc_column_text][vc_empty_space height=\u00a0\u00bb18px\u00a0\u00bb][vc_column_text]Si vous avez des questions ou si vous \u00e9prouvez des difficult\u00e9s vous pour nous contacter via le formulaire de contact \u00e0 la droite de l&rsquo;\u00e9cran ou par t\u00e9l\u00e9phone :<br \/>\n<strong>T\u00e9l\u00e9phone<\/strong> : (450) 723-3006[\/vc_column_text][vc_column_text css=\u00a0\u00bb.vc_custom_1691154672456{padding-bottom: -25px !important;}\u00a0\u00bb]<\/p>\n<div data-professionalpagename=\"formlab\" data-bookingwidgeturlparams=\"companyId=101752\" data-language=\"fr\" data-label=\"Prendre un rendez-vous\" data-url=\"https:\/\/www.gorendezvous.com\/\" data-buttoncolor=\"GOrendezvous\" data-width=\"undefined\" data-height=\"undefined\">\n<p><strong>Cliquez ci-dessous pour acc\u00e9der \u00e0 notre formulaire de rendez-vous<\/strong> :<\/p>\n<p>&nbsp;<\/p>\n<\/div>\n<div class=\"gorendezvous-button\" data-professionalpagename=\"formlab\" data-bookingwidgeturlparams=\"companyId=101752\" data-language=\"fr\" data-label=\"Prendre un rendez-vous\" data-url=\"https:\/\/www.gorendezvous.com\/\" data-buttoncolor=\"GOrendezvous\" data-width=\"undefined\" data-height=\"undefined\"><a href=\"https:\/\/www.gorendezvous.com\/formlab?companyId=101752\">Prendre un rendez-vous<\/a><\/div>\n<p><script>!function (d, s) { var js, sid = \"gorendezvous-bookingwidget-script\"; var sEl = d.getElementById(sid); if(sEl) { sEl.parentNode.removeChild(sEl); } js = d.createElement(s); js.id = sid; js.src = \"https:\/\/www.gorendezvous.com\/Scripts\/gorendezvous.bookingWidgetV2.min.js?v=\" + (Math.floor(new Date().getTime()\/(1000*60*30))*(1000*60*30)).toString(); d.body.appendChild(js); } (document, \"script\");<\/script>[\/vc_column_text][\/vc_column][\/vc_row][vc_row][vc_column][vc_column_text css=\u00a0\u00bb\u00a0\u00bb]<\/p>\n<h2 style=\"text-align: center;\"><strong>Trouvez-nous<\/strong><\/h2>\n<p>[\/vc_column_text][\/vc_column][\/vc_row][vc_row][vc_column width=\u00a0\u00bb1\/2&Prime;][vc_column_text css=\u00a0\u00bb\u00a0\u00bb]<strong>\ud83d\udccd100 rue Lansdowne<\/strong><br \/>\n<strong>Suite 203<\/strong><br \/>\n<strong>Saint-Bruno, QC<\/strong>[\/vc_column_text][vc_empty_space height=\u00a0\u00bb16px\u00a0\u00bb][vc_gmaps link=\u00a0\u00bb#E-8_JTNDaWZyYW1lJTIwc3JjJTNEJTIyaHR0cHMlM0ElMkYlMkZ3d3cuZ29vZ2xlLmNvbSUyRm1hcHMlMkZlbWJlZCUzRnBiJTNEJTIxMW0xOCUyMTFtMTIlMjExbTMlMjExZDI3OTUuMTgwNTM1NTg5NDU4NSUyMTJkLTczLjM0NzcxNjUxMzA0Njk5JTIxM2Q0NS41MjY1NzI0MzgyOTUzNzUlMjEybTMlMjExZjAlMjEyZjAlMjEzZjAlMjEzbTIlMjExaTEwMjQlMjEyaTc2OCUyMTRmMTMuMSUyMTNtMyUyMTFtMiUyMTFzMHg0Y2M5MDEzNjk5ZTQ1NjZiJTI1M0EweGI0M2I5MTUwOGM4NzcwY2UlMjEyc0Zvcm1sYWIlMjUyME1hc3NvJTI1MjBTcGVjaWFsaXMlMjVDMyUyNUE5JTIxNWUwJTIxM20yJTIxMXNmciUyMTJzY2ElMjE0djE2ODg5OTg4MjY3MzQlMjE1bTIlMjExc2ZyJTIxMnNjYSUyMiUyMHdpZHRoJTNEJTIyODAwJTIyJTIwaGVpZ2h0JTNEJTIyNjAwJTIyJTIwc3R5bGUlM0QlMjJib3JkZXIlM0EwJTNCJTIyJTIwYWxsb3dmdWxsc2NyZWVuJTNEJTIyJTIyJTIwbG9hZGluZyUzRCUyMmxhenklMjIlMjByZWZlcnJlcnBvbGljeSUzRCUyMm5vLXJlZmVycmVyLXdoZW4tZG93bmdyYWRlJTIyJTNFJTNDJTJGaWZyYW1lJTNF\u00a0\u00bb][\/vc_column][vc_column width=\u00a0\u00bb1\/2&Prime;][vc_column_text css=\u00a0\u00bb\u00a0\u00bb]<strong>\ud83d\udccd1551 Rue De Montarville<br \/>\n2e \u00e9tage<br \/>\nSt-Bruno, QC<br \/>\n<\/strong>(dans les bureaux de Cathay Doyon &#8211; Naturopathe)[\/vc_column_text][vc_empty_space height=\u00a0\u00bb16px\u00a0\u00bb][vc_gmaps link=\u00a0\u00bb#E-8_JTNDaWZyYW1lJTIwc3JjJTNEJTIyaHR0cHMlM0ElMkYlMkZ3d3cuZ29vZ2xlLmNvbSUyRm1hcHMlMkZlbWJlZCUzRnBiJTNEJTIxMW0xOCUyMTFtMTIlMjExbTMlMjExZDI3OTUuMTgxMTYwMDU2NTY3JTIxMmQtNzMuMzQzOTQ5OTIzNzkxNTYlMjEzZDQ1LjUyNjU1OTg3MTA3NDg4JTIxMm0zJTIxMWYwJTIxMmYwJTIxM2YwJTIxM20yJTIxMWkxMDI0JTIxMmk3NjglMjE0ZjEzLjElMjEzbTMlMjExbTIlMjExczB4NGNjOTAxMzExMzViYWFiOSUyNTNBMHhmNmRmMmI0NDEyNzcxMjU0JTIxMnMxNTUxJTI1MjBSdWUlMjUyMGRlJTI1MjBNb250YXJ2aWxsZSUyNTJDJTI1MjBTYWludC1CcnVuby1kZS1Nb250YXJ2aWxsZSUyNTJDJTI1MjBRQyUyNTIwSjNWJTI1MjAzVDglMjE1ZTAlMjEzbTIlMjExc2ZyJTIxMnNjYSUyMTR2MTc2NDAwMTQ4NDg4NSUyMTVtMiUyMTFzZnIlMjEyc2NhJTIyJTIwd2lkdGglM0QlMjI2MDAlMjIlMjBoZWlnaHQlM0QlMjI0NTAlMjIlMjBzdHlsZSUzRCUyMmJvcmRlciUzQTAlM0IlMjIlMjBhbGxvd2Z1bGxzY3JlZW4lM0QlMjIlMjIlMjBsb2FkaW5nJTNEJTIybGF6eSUyMiUyMHJlZmVycmVycG9saWN5JTNEJTIybm8tcmVmZXJyZXItd2hlbi1kb3duZ3JhZGUlMjIlM0UlM0MlMkZpZnJhbWUlM0U=\u00a0\u00bb css=\u00a0\u00bb\u00a0\u00bb][\/vc_column][\/vc_row]<\/p>\n<\/div>","protected":false},"excerpt":{"rendered":"<p>[vc_row][vc_column][vc_column_text] Prise de rendez-vous [\/vc_column_text][\/vc_column][\/vc_row][vc_row][vc_column][vc_column_text]Bonjour, Nous vous invitons \u00e0 prendre un rendez-vous en cliquant sur le bouton bleu ci-bas. Vous pouvez communiquer avec nous par t\u00e9l\u00e9phone. \u00c0 bient\u00f4t L&rsquo;\u00e9quipe FormLab[\/vc_column_text][vc_empty_space height=\u00a0\u00bb18px\u00a0\u00bb][vc_column_text]Si vous avez des questions ou si vous \u00e9prouvez des difficult\u00e9s vous pour nous contacter via le formulaire de contact \u00e0 la droite de l&rsquo;\u00e9cran&hellip;<\/p>\n","protected":false},"author":1,"featured_media":0,"parent":0,"menu_order":0,"comment_status":"closed","ping_status":"closed","template":"","meta":[],"_links":{"self":[{"href":"http:\/\/www.formlab.ca\/A23\/wp-json\/wp\/v2\/pages\/683"}],"collection":[{"href":"http:\/\/www.formlab.ca\/A23\/wp-json\/wp\/v2\/pages"}],"about":[{"href":"http:\/\/www.formlab.ca\/A23\/wp-json\/wp\/v2\/types\/page"}],"author":[{"embeddable":true,"href":"http:\/\/www.formlab.ca\/A23\/wp-json\/wp\/v2\/users\/1"}],"replies":[{"embeddable":true,"href":"http:\/\/www.formlab.ca\/A23\/wp-json\/wp\/v2\/comments?post=683"}],"version-history":[{"count":40,"href":"http:\/\/www.formlab.ca\/A23\/wp-json\/wp\/v2\/pages\/683\/revisions"}],"predecessor-version":[{"id":1321,"href":"http:\/\/www.formlab.ca\/A23\/wp-json\/wp\/v2\/pages\/683\/revisions\/1321"}],"wp:attachment":[{"href":"http:\/\/www.formlab.ca\/A23\/wp-json\/wp\/v2\/media?parent=683"}],"curies":[{"name":"wp","href":"https:\/\/api.w.org\/{rel}","templated":true}]}}