{"id":723,"date":"2023-01-15T12:42:20","date_gmt":"2023-01-15T17:42:20","guid":{"rendered":"http:\/\/www.formlab.ca\/A23\/?page_id=723"},"modified":"2023-07-13T11:42:50","modified_gmt":"2023-07-13T15:42:50","slug":"labsculpt","status":"publish","type":"page","link":"http:\/\/www.formlab.ca\/A23\/labsculpt\/","title":{"rendered":"LabSculpt"},"content":{"rendered":"<div class=\"wpb-content-wrapper\"><p>[vc_row][vc_column][vc_column_text]<\/p>\n<h2><strong>LabScult<\/strong><\/h2>\n<p>[\/vc_column_text][\/vc_column][\/vc_row][vc_row][vc_column][vc_column_text]<\/p>\n<h3><strong>LabScult<\/strong><\/h3>\n<p><strong>Seriez-vous capable de faire 300 000 redressements assis ou de passer 5 heures 1\/2 au gym?<\/strong><\/p>\n<p>Avec le soin <strong>LabSculpt<\/strong>, c\u2019est possible !<br \/>\nCet appareil fait le travail pour vous gr\u00e2ce \u00e0 ses trois sortes d\u2019\u00e9nergies et technologies :<\/p>\n<p><strong>1<\/strong>. <strong>HIEMT<\/strong> (Hi Intensity Electro Magnetic Technology)<br \/>\nCe type d\u2019\u00e9nergie arrive \u00e0 faire contracter les muscles d\u2019une fa\u00e7on et d\u2019une profondeur que nous ne pourrions pas ex\u00e9cuter en salle de gym soit 30 000 contractions en 30 minutes. Les pulsions et les courants de ce type d\u2019\u00e9nergie vont tr\u00e8s vite, ce qui fait que les muscles sollicit\u00e9s arrivent \u00e0 devenir plus gros avec un gain d\u2019environ 30% de la masse musculaire.<\/p>\n<p><strong>2. LA RADIOFR\u00c9QUENCE\u2028<\/strong><br \/>\nLa radiofr\u00e9quence quant \u00e0 elle r\u00e9chauffe et chauffe les muscles ainsi que tous les tissus impliqu\u00e9s dans la zone trait\u00e9e. Ce qui cause un effet direct sur la perte de gras qui peut atteindre jusqu\u2019\u00e0 30 %. Ce processus naturel travaille jusqu\u2019\u00e0 2 mois apr\u00e8s la fin de vos soins. De plus, la radiofr\u00e9quence produit une stimulation du collag\u00e8ne et de l\u2019\u00e9lastine pour une peau plus ferme et plus lisse.<\/p>\n<p><strong>3. EMS<\/strong> (Electro Muscular Stimulation)\u2028Cette \u00e9nergie surpasse les limitations du cerveau pour donner une autre sorte de contractions involontaires rapides du muscle et stimule aussi \u00e0 son tour la destruction des graisses.<\/p>\n<h3><strong>Les avantages\u2028<\/strong><\/h3>\n<ul>\n<li>Cet appareil est muni de 4 applicateurs. Deux gros applicateurs qui visent les zones suivantes : le ventre, les fesses, les hanches et les cuisses. Deux petits applicateurs pour les zones des bras, de l\u2019int\u00e9rieur des cuisses et pour les mollets. Gr\u00e2ce \u00e0 ces deux tailles d\u2019applicateurs, nous sommes en mesure de travailler deux zones en m\u00eame temps, et ce pour le m\u00eame prix !<\/li>\n<\/ul>\n<h4><strong>La sant\u00e9<\/strong><\/h4>\n<ul>\n<li>Ce soin peut aider au niveau des muscles atrophi\u00e9s, par exemple suite \u00e0 un accident. Le soin pourra \u00eatre donn\u00e9 6 mois minimum apr\u00e8s l\u2019accident.<\/li>\n<li>Ce soin d\u00e9montre aussi de tr\u00e8s bons r\u00e9sultats pour les diastases et m\u00eame pour les maux de dos (au niveau des lombaires).<\/li>\n<\/ul>\n<h4><strong>Les r\u00e9sultats<\/strong><\/h4>\n<ul>\n<li>Les r\u00e9sultats sont visibles en quelques semaines seulement<\/li>\n<li>La fr\u00e9quence recommand\u00e9e pour atteindre votre cible serait de 2 \u00e0 3 fois par semaine.<\/li>\n<li>Les r\u00e9sultats finals seront visibles 8 semaines apr\u00e8s le dernier soin compl\u00e9t\u00e9.<\/li>\n<\/ul>\n<h4><strong>Les gains\u2028<\/strong><\/h4>\n<ul>\n<li>Une augmentation musculaire qui peut atteindre les 25%<\/li>\n<li>Une perte de gras qui peut aller jusqu\u2019\u00e0 30%<\/li>\n<li>Une peau plus ferme et plus lisse suit au soin LabSculpt<\/li>\n<\/ul>\n<h3>P\u00e9rin\u00e9e, plancher pelvien, fuites urinaires et descente de vessie<\/h3>\n<p>Nous avons aussi un coussin pour le p\u00e9rin\u00e9e qui donne un renforcement pelvien, aide aux fuites urinaires et \u00e0 la descente de vessie.<\/p>\n<p>Un traitement Labsculpt peut \u00eatre b\u00e9n\u00e9fique pour les pertes urinaires et le plancher pelvien faible en stimulant les muscles du plancher pelvien qui sont importants, car ils soutiennent les organes pelviens, contr\u00f4lent les pertes urinaires et la d\u00e9f\u00e9cation, et jouent un r\u00f4le cl\u00e9 dans la satisfaction sexuelle.<\/p>\n<p>Le traitement Labscult est sans douleur et utilise des ondes qui provoquent des contractions musculaires qui aide \u00e0 renforcer les muscles du plancher pelvien au fil du temps et en aidant \u00e0 r\u00e9duire les fuites urinaires. Les r\u00e9sultats peuvent varier en fonction du nombre de traitements et de la gravit\u00e9 du probl\u00e8me. Il est important de discuter avec votre th\u00e9rapeute pour d\u00e9terminer si ce traitement est une option appropri\u00e9e pour votre situation sp\u00e9cifique.[\/vc_column_text][\/vc_column][\/vc_row][vc_row][vc_column][vc_column_text]<strong>PRENDRE VOTRE RENDEZ-VOUS EN CLIQUANT ICI<\/strong> :<\/p>\n<div class=\"gorendezvous-button\" data-professionalpagename=\"formlab\" data-bookingwidgeturlparams=\"companyId=101752\" data-language=\"fr\" data-label=\"Prendre un rendez-vous\" data-url=\"https:\/\/www.gorendezvous.com\/\" data-buttoncolor=\"GOrendezvous\" data-width=\"undefined\" data-height=\"undefined\"><a href=\"https:\/\/www.gorendezvous.com\/formlab?companyId=101752\" target=\"GOrendezvous\" rel=\"noopener\">Prendre un rendez-vous<\/a><\/div>\n<p><script>!function (d, s) { var js, sid = \"gorendezvous-bookingwidget-script\"; var sEl = d.getElementById(sid); if(sEl) { sEl.parentNode.removeChild(sEl); } js = d.createElement(s); js.id = sid; js.src = \"https:\/\/www.gorendezvous.com\/Scripts\/gorendezvous.bookingWidgetV2.min.js?v=\" + (Math.floor(new Date().getTime()\/(1000*60*30))*(1000*60*30)).toString(); d.body.appendChild(js); } (document, \"script\");<\/script>[\/vc_column_text][\/vc_column][\/vc_row][vc_row][vc_column][vc_column_text]<\/p>\n<h3 style=\"text-align: center;\"><strong>LabSculpt<\/strong><\/h3>\n<p>[\/vc_column_text][vc_single_image image=\u00a0\u00bb1178&Prime; img_size=\u00a0\u00bb650&#215;850&Prime;][\/vc_column][\/vc_row]<\/p>\n<\/div>","protected":false},"excerpt":{"rendered":"<p>[vc_row][vc_column][vc_column_text] LabScult [\/vc_column_text][\/vc_column][\/vc_row][vc_row][vc_column][vc_column_text] LabScult Seriez-vous capable de faire 300 000 redressements assis ou de passer 5 heures 1\/2 au gym? Avec le soin LabSculpt, c\u2019est possible ! Cet appareil fait le travail pour vous gr\u00e2ce \u00e0 ses trois sortes d\u2019\u00e9nergies et technologies : 1. HIEMT (Hi Intensity Electro Magnetic Technology) Ce type d\u2019\u00e9nergie arrive \u00e0&hellip;<\/p>\n","protected":false},"author":1,"featured_media":0,"parent":0,"menu_order":0,"comment_status":"closed","ping_status":"closed","template":"","meta":[],"_links":{"self":[{"href":"http:\/\/www.formlab.ca\/A23\/wp-json\/wp\/v2\/pages\/723"}],"collection":[{"href":"http:\/\/www.formlab.ca\/A23\/wp-json\/wp\/v2\/pages"}],"about":[{"href":"http:\/\/www.formlab.ca\/A23\/wp-json\/wp\/v2\/types\/page"}],"author":[{"embeddable":true,"href":"http:\/\/www.formlab.ca\/A23\/wp-json\/wp\/v2\/users\/1"}],"replies":[{"embeddable":true,"href":"http:\/\/www.formlab.ca\/A23\/wp-json\/wp\/v2\/comments?post=723"}],"version-history":[{"count":8,"href":"http:\/\/www.formlab.ca\/A23\/wp-json\/wp\/v2\/pages\/723\/revisions"}],"predecessor-version":[{"id":1218,"href":"http:\/\/www.formlab.ca\/A23\/wp-json\/wp\/v2\/pages\/723\/revisions\/1218"}],"wp:attachment":[{"href":"http:\/\/www.formlab.ca\/A23\/wp-json\/wp\/v2\/media?parent=723"}],"curies":[{"name":"wp","href":"https:\/\/api.w.org\/{rel}","templated":true}]}}