{"id":730,"date":"2023-01-29T21:07:04","date_gmt":"2023-01-30T02:07:04","guid":{"rendered":"http:\/\/www.formlab.ca\/A23\/?page_id=730"},"modified":"2025-02-11T15:32:26","modified_gmt":"2025-02-11T20:32:26","slug":"pre-operation-et-post-operation","status":"publish","type":"page","link":"http:\/\/www.formlab.ca\/A23\/pre-operation-et-post-operation\/","title":{"rendered":"Pr\u00e9-op\u00e9ration et post-op\u00e9ration"},"content":{"rendered":"<h3>1. Pr\u00e9-op\u00e9ration<br \/>\nM\u00e9dical ou esth\u00e9tique<\/h3>\n<p>Un traitement cibl\u00e9 et individualis\u00e9, qui a pour but de pr\u00e9parer votre peau afin qu\u2019elle puisse mieux r\u00e9pondre au traumatisme chirurgical. En effet, la chirurgie peut repr\u00e9senter une agression pour votre peau. Il faut donc donner les moyens \u00e0 votre peau de se d\u00e9fendre de la bonne fa\u00e7on. Faire un traitement avant l&rsquo;op\u00e9ration, permet de bien pr\u00e9parer la peau, d\u2019assouplir les tissus pour limiter les effets secondaires et les complications, facilite le geste chirurgical et ainsi optimiser le succ\u00e8s de l\u2019intervention.<br \/>\nLa pr\u00e9paration avant une chirurgie est tr\u00e8s importante et va permettre une belle gu\u00e9rison et une meilleure r\u00e9cup\u00e9ration (on a d\u00e9j\u00e0 un onglet) il est important d&rsquo;\u00e9tablir un protocole avant l&rsquo;op\u00e9ration avec la th\u00e9rapeute selon les besoins de chaque patient.<\/p>\n<h4><strong>Les objectifs de ce soin\u00a0:<\/strong><\/h4>\n<p>1. Am\u00e9liorer l&rsquo;hydratation de la peau<br \/>\n2. Acc\u00e9l\u00e9rer le processus de renouvellement cellulaire<br \/>\n3. Apporter de l&rsquo;\u00e9lasticit\u00e9 aux fibres<br \/>\n4. Oxyg\u00e9ner, drainer et stimuler la microcirculation<\/p>\n<h3>Avant la chirurgie<\/h3>\n<p>Saviez-vous que pr\u00e9parer son corps \u00e0 une chirurgie est primordial pour atteindre le r\u00e9sultat. Dans plusieurs pays, les drainages sont m\u00e8me obligatoires, car ils bonifient les r\u00e9sultats obtenus par le chirurgien. La r\u00e9cup\u00e9ration est plus rapide en plus de diminuer la douleur, les \u00ab\u00a0bleus\u00a0\u00bb et les effets secondaires de l\u2019anesth\u00e9sie. Ce soin pr\u00e9-op\u00e9ratoire est un drainage m\u00e9canique qui sert \u00e0 allez nettoyer votre syst\u00e8me ( la lymphe en autre), aider \u00e0 \u00e9liminer les surplus de fluides, donc plus facile de g\u00e9rer les enflures apr\u00e8s et aussi d\u00e9fibrer la zone (facilite le passage de la canule lors des liposuccions donc meilleurs r\u00e9sultats apr\u00e8s). Tout d\u00e9pend du type de chirurgie que vous allez recevoir, la pr\u00e9paration n\u2019est pas la m\u00eame (voir le tableau plus bas \u00e0 titre d\u2019exemple), mais un bilan de sant\u00e9 doit \u00eatre compl\u00e9t\u00e9 pour \u00e9laborer le plan de traitement qui sera adapt\u00e9 pour vous et vos besoins.<\/p>\n<h2>Traitements<\/h2>\n<h3>Pr\u00e9-op\u00e9ration<\/h3>\n<ol>\n<li><a href=\"http:\/\/www.formlab.ca\/A23\/le-reset-programme-pour-la-perte-de-pois\/\" target=\"_blank\" rel=\"noopener\"><strong>Endermologie m\u00e9dicale<\/strong><\/a>: permet de pr\u00e9parer, d\u2019assouplir les tissus pour limiter les effets secondaires et les complications, faciliter le geste chirurgical et ainsi optimiser le succ\u00e8s de l\u2019intervention.<\/li>\n<li><a href=\"https:\/\/www.formlab.ca\/A23\/soins-post-operatoires-pour-une-recuperation-optimale\/\" target=\"_blank\" rel=\"noopener\"><strong>Soins Post-Op\u00e9ratoires<\/strong><\/a><\/li>\n<li><a href=\"http:\/\/www.formlab.ca\/A23\/huber-motion-lab\/\" target=\"_blank\" rel=\"noopener\"><strong>HUBER<\/strong><\/a>: permet, avant l\u2019intervention, de travailler la mobilit\u00e9 articulaire, le renforcement musculaire pour optimiser les objectifs de la r\u00e9\u00e9ducation<\/li>\n<\/ol>\n<h3>2. Soins Post-op\u00e9ratoires<br \/>\nM\u00e9dical ou esth\u00e9tique<\/h3>\n<h4>Apr\u00e8s la chirurgie<\/h4>\n<p>Apr\u00e8s la chirurgie, le traitement sert \u00e0 acc\u00e9l\u00e9rer les processus naturel de gu\u00e9rison, r\u00e9duire l&rsquo;enflure, le traitement des cicatrices et bonifier le travail du chirurgien. Les chirurgiens et les m\u00e9decins recommandent souvent des traitements de drainages et d&rsquo;endermologie en conjonction avec une chirurgie esth\u00e9tique afin de minimiser la douleur et la raideur postop\u00e9ratoires et d&rsquo;am\u00e9liorer la mobilisation des fluides. il est important d&rsquo;\u00e9tablir un protocole avant l&rsquo;op\u00e9ration avec la th\u00e9rapeute selon les besoins de chaque patient.<\/p>\n<h4><strong>Les objectifs de ce soin<\/strong>:<\/h4>\n<p>1. Favoriser la cicatrisation en stimulant la microcirculation<br \/>\n2. Traiter et soulager les lymphoed\u00e8mes en am\u00e9liorant le drainage<br \/>\n3. Soulager les douleurs li\u00e9es \u00e0 la cicatrisation<br \/>\n4. Am\u00e9liorer la r\u00e9cup\u00e9ration de la mobilit\u00e9 R\u00e9duire l&rsquo;inflammation<\/p>\n<h4><strong>Le drainage post-op\u00e9ratoire 24h<\/strong><\/h4>\n<div>Plusieurs chirurgiens \u00e0 travers le monde offre ce type de drainage en lien avec la chirurgie. Il est tr\u00e8s important d\u2019aider le corps \u00e0 surmonter ce stress \u00e9norme qu\u2019est la chirurgie, dans le cas des liposuccions. Le drainage aide \u00e0 \u00e9vacuer les liquides qui ont \u00e9t\u00e9 inject\u00e9s lors de l\u2019intervention donc le corps va vouloir se concentrer sur sa gu\u00e9rison et l&rsquo;atteindre plus rapidement. Ce type de drainage est tr\u00e8s efficace et tr\u00e8s doux. Il est pratiquer dans le respect de la douleur et du manque de mobilit\u00e9 de chaque personne. Il peut \u00eatre totalement adapt\u00e9, il peut \u00eatre fait couch\u00e9 sur le dos seulement en cas d\u2019implants, peut \u00eatre fait assis pour ceux et celles qui ne peuvent pas se coucher et m\u00eame debout dans certains cas. Ce type de drainage comprend un <em>taping<\/em> post charg\u00e9 \u00e0 chaque visite pour bonifier et prolonger les bienfaits du drainage dans la premi\u00e8re semaine et la deuxi\u00e8me semaine suivant la chirurgie.\u00a0Possibilit\u00e9 de le faire \u00e0 domicile.<\/div>\n<h4><strong>Le drainage post-op\u00e9ratoire apr\u00e8s 2 semaines<\/strong><\/h4>\n<div>Une fois les cicatrices referm\u00e9es et le corps bien drain\u00e9, nous r\u00e9int\u00e9grons le drainage m\u00e9canique issue de l\u2019endermoth\u00e9rapie. C&rsquo;est \u00e0 ce moment, que nous pouvons commencer les soins cicatrices qui sont compris dans le soin (\u00e9videment apr\u00e8s deux semaines c\u2019est \u00e0 l\u2019entour et non dessus). Nous drainons plus en profondeur et nous sommes m\u00eame en mesure d\u2019aller avec le temps \u00e9galiser la silhouette, car c&rsquo;est souvent due \u00e0 notre posture g\u00e9n\u00e9rale et notre position pendant notre sommeil. Ce qui peut expliquer que notre corps peut avoir de l\u00e9g\u00e8res asym\u00e9tries.<\/div>\n<h3>3. Le drainage pr\u00e9\/postop\u00e9ratoire<\/h3>\n<p>Le drainage pr\u00e9-op\u00e9ratoire et post-op\u00e9ratoire n\u2019est pas \u00e0 prendre \u00e0 la l\u00e9g\u00e8re et il a un impact \u00e9norme sur vos r\u00e9sultats. Nos th\u00e9rapeutes sont form\u00e9s pour vous prendre en charge et vous aider physiquement et mentalement lors de vos d\u00e9marches.<\/p>\n<p>Par exemple, pour ceux et celles qui pr\u00e9voient ou vont subir une chirurgie esth\u00e9tique, nous vous recommandons de pr\u00e9parer votre corps \u00e0 la chirurgie avec 1 ou 2 drainages. Par la suite, suivant les recommandations de votre m\u00e9decin, nous vous sugg\u00e9rons de le faire \u00e0 partir de la deuxi\u00e8me semaine ou la quatri\u00e8me semaine suivant votre op\u00e9rations (encore une fois selon les recommandations de votre chirurgien).<\/p>\n<h4>Traitements<br \/>\nPost-op\u00e9ration<\/h4>\n<ol>\n<li><strong>Endermologie m\u00e9dicale<\/strong>: l\u2019action drainante du traitement permet de r\u00e9sorber plus rapidement \u0153d\u00e8mes et ecchymoses caus\u00e9s par l\u2019intervention chirurgicale et stimuler les cellules du derme (fibroblastes) pour redonner souplesse et \u00e9lasticit\u00e9 au tissu, ainsi faciliter la cicatrisation pour retrouver de l\u2019amplitude articulaire, et ce naturellement, sans douleur, sans effets secondaires.<\/li>\n<li><a href=\"https:\/\/www.formlab.ca\/A23\/soins-post-operatoires-pour-une-recuperation-optimale\/\" target=\"_blank\" rel=\"noopener\"><b>Soins Post-Op\u00e9ratoires<\/b><\/a><\/li>\n<li><a href=\"http:\/\/www.formlab.ca\/A23\/huber-motion-lab\/\" target=\"_blank\" rel=\"noopener\"><strong>HUBER<\/strong><\/a>: apr\u00e8s l\u2019op\u00e9ration, le travail sur HUBER permet de r\u00e9cup\u00e9rer la souplesse perdue, d\u2019am\u00e9liorer sa stabilit\u00e9 gr\u00e2ce \u00e0 une meilleure gestion des appuis et de gagner de l\u2019amplitude dans les mouvements pour retrouver de l\u2019autonomie et reprendre une activit\u00e9 physique.<\/li>\n<li><strong>Bio<\/strong>: Luminoth\u00e9rapie<\/li>\n<\/ol>\n<h3>Comment \u00e7a fonctionne ?<\/h3>\n<p>Nous d\u00e9butons par un drainage doux, car les cicatrices sont fra\u00eeches et il y a encore de la douleur. On veut d&rsquo;abord lib\u00e9rer les tissus et les organes de tous les d\u00e9chets caus\u00e9s par la chirurgie elle-m\u00eame et par l\u2019anesth\u00e9sie et la m\u00e9dication. Ensuite, nous pouvons commencer \u00e0 faire des drainages\u00a0plus profonds pour acc\u00e9l\u00e9rer la gu\u00e9rison du corps et m\u00eame commencer \u00e0 faire les traitements de cicatrisation (au d\u00e9but et autour de la cicatrice). Plus tard durant le traitement, sur la cicatrice pour \u00e9viter les adh\u00e9rences et tous les autres probl\u00e8mes que les cicatrices peuvent causer avec le temps. Nous pouvons aussi \u00e9galiser et harmoniser la silhouette en cas de liposuccion, car souvent il y a une asym\u00e9trie normale dans la plupart des cas.<\/p>\n<h3>\u00c0 titre indicatif<\/h3>\n<h3><img decoding=\"async\" loading=\"lazy\" class=\"aligncenter size-large wp-image-733\" src=\"http:\/\/www.formlab.ca\/A23\/wp-content\/uploads\/2023\/01\/graphique-formlab-2023-2-1024x768.png\" alt=\"\" width=\"1024\" height=\"768\" srcset=\"http:\/\/www.formlab.ca\/A23\/wp-content\/uploads\/2023\/01\/graphique-formlab-2023-2.png 1024w, http:\/\/www.formlab.ca\/A23\/wp-content\/uploads\/2023\/01\/graphique-formlab-2023-2-300x225.png 300w, http:\/\/www.formlab.ca\/A23\/wp-content\/uploads\/2023\/01\/graphique-formlab-2023-2-600x450.png 600w, http:\/\/www.formlab.ca\/A23\/wp-content\/uploads\/2023\/01\/graphique-formlab-2023-2-768x576.png 768w\" sizes=\"(max-width: 1024px) 100vw, 1024px\" \/><\/h3>\n<p>&nbsp;<\/p>\n","protected":false},"excerpt":{"rendered":"<p>1. Pr\u00e9-op\u00e9ration M\u00e9dical ou esth\u00e9tique Un traitement cibl\u00e9 et individualis\u00e9, qui a pour but de pr\u00e9parer votre peau afin qu\u2019elle puisse mieux r\u00e9pondre au traumatisme chirurgical. En effet, la chirurgie peut repr\u00e9senter une agression pour votre peau. Il faut donc donner les moyens \u00e0 votre peau de se d\u00e9fendre de la bonne fa\u00e7on. Faire un&hellip;<\/p>\n","protected":false},"author":1,"featured_media":734,"parent":0,"menu_order":0,"comment_status":"closed","ping_status":"closed","template":"","meta":[],"_links":{"self":[{"href":"http:\/\/www.formlab.ca\/A23\/wp-json\/wp\/v2\/pages\/730"}],"collection":[{"href":"http:\/\/www.formlab.ca\/A23\/wp-json\/wp\/v2\/pages"}],"about":[{"href":"http:\/\/www.formlab.ca\/A23\/wp-json\/wp\/v2\/types\/page"}],"author":[{"embeddable":true,"href":"http:\/\/www.formlab.ca\/A23\/wp-json\/wp\/v2\/users\/1"}],"replies":[{"embeddable":true,"href":"http:\/\/www.formlab.ca\/A23\/wp-json\/wp\/v2\/comments?post=730"}],"version-history":[{"count":13,"href":"http:\/\/www.formlab.ca\/A23\/wp-json\/wp\/v2\/pages\/730\/revisions"}],"predecessor-version":[{"id":1299,"href":"http:\/\/www.formlab.ca\/A23\/wp-json\/wp\/v2\/pages\/730\/revisions\/1299"}],"wp:featuredmedia":[{"embeddable":true,"href":"http:\/\/www.formlab.ca\/A23\/wp-json\/wp\/v2\/media\/734"}],"wp:attachment":[{"href":"http:\/\/www.formlab.ca\/A23\/wp-json\/wp\/v2\/media?parent=730"}],"curies":[{"name":"wp","href":"https:\/\/api.w.org\/{rel}","templated":true}]}}