{"id":738,"date":"2023-01-29T21:47:56","date_gmt":"2023-01-30T02:47:56","guid":{"rendered":"http:\/\/www.formlab.ca\/A23\/?page_id=738"},"modified":"2023-07-13T12:55:36","modified_gmt":"2023-07-13T16:55:36","slug":"hifu-4d","status":"publish","type":"page","link":"http:\/\/www.formlab.ca\/A23\/hifu-4d\/","title":{"rendered":"HIFU 4D"},"content":{"rendered":"<div class=\"wpb-content-wrapper\"><p>[vc_row][vc_column][vc_column_text]<\/p>\n<h2><strong>HIFU 4D<\/strong><\/h2>\n<p>[\/vc_column_text][\/vc_column][\/vc_row][vc_row][vc_column][vc_column_text]<\/p>\n<h3 style=\"text-align: left;\">HIFU 4D<\/h3>\n<p>Le HIFU (Hi Intensity Focused Ultrasound) est une technique de traitement qui utilise des vibrations sonores de haute intensit\u00e9 pour stimuler la production de collag\u00e8ne pour raffermir la peau que pour diminuer les zones graisseuses du corps et du visage.<\/p>\n<h3>Le traitement HIFU 4D offre de nombreux avantages pour le visage :<\/h3>\n<ol>\n<li>Il est non invasif, ce qui signifie qu&rsquo;il n&rsquo;y a pas de coupure ou de cicatrice. Il n&rsquo;y a pas de temps d&rsquo;arr\u00eat, ce qui signifie que vous pouvez reprendre vos activit\u00e9s normales imm\u00e9diatement apr\u00e8s le traitement.<\/li>\n<li>Il est tr\u00e8s pr\u00e9cis, ce qui permet de cibler les zones sp\u00e9cifiques du visage o\u00f9 vous souhaitez am\u00e9liorer la fermet\u00e9 de la peau tel que les paupi\u00e8res ou le double menton.<\/li>\n<li>Le HIFU peut \u00e9galement aider \u00e0 r\u00e9duire les taches de vieillesse, les cicatrices d&rsquo;acn\u00e9 et les pores dilat\u00e9s ! Les ultrasons vont restructurer toutes les couches de la peau, du derme profond et aussi du SMAS (Syst\u00e8me Musculo-Apon\u00e9vrotique Sous-Cutan\u00e9) qui est tr\u00e8s profond dans nos tissus.<\/li>\n<\/ol>\n<p>Cette technologie est la seule \u00e0 avoir le seau FDA pour les lifts non-chirurgicaux aux USA (2009 pour le lifting des sourcils et 2014 pour les r\u00e9sultats sur les rides et les ridules). L\u2019\u00e9nergie est concentr\u00e9e dans chacune des couches pour stimuler et restructurer le collag\u00e8ne et l\u2019\u00e9lastine de la peau et d\u00e9truit de fa\u00e7on permanente les graisses (apoptose).<\/p>\n<h4>Probl\u00e9matiques vis\u00e9es pour le Visage :<\/h4>\n<ul>\n<li>Lift paupi\u00e8res et sourcils<\/li>\n<li>Contour du visage<\/li>\n<li>Rides et ridules<\/li>\n<li>Double menton<\/li>\n<li>Raffermissement du cou et d\u00e9collet\u00e9<\/li>\n<li>Cicatrices d\u2019acn\u00e9<\/li>\n<li>Taches R\u00e9sultats<\/li>\n<\/ul>\n<p>Un traitement aux 4 mois maximum selon les r\u00e9sultats escompt\u00e9s, vous devez faire une consultation pour faire le plan de traitement. Il arrive qu\u2019un seul soin soit suffisant. Les r\u00e9sultats \u00e9voluent pendant les 3 mois suivants le soin et durent pendant 1 an 1\/2. Vous aurez entre 40 et 50% des r\u00e9sultats d\u2019un lifting chirurgical.[\/vc_column_text][\/vc_column][\/vc_row][vc_row][vc_column][vc_column_text]<strong>PRENDRE VOTRE RENDEZ-VOUS EN CLIQUANT ICI<\/strong> :<\/p>\n<div class=\"gorendezvous-button\" data-professionalpagename=\"formlab\" data-bookingwidgeturlparams=\"companyId=101752\" data-language=\"fr\" data-label=\"Prendre un rendez-vous\" data-url=\"https:\/\/www.gorendezvous.com\/\" data-buttoncolor=\"GOrendezvous\" data-width=\"undefined\" data-height=\"undefined\"><a href=\"https:\/\/www.gorendezvous.com\/formlab?companyId=101752\" target=\"GOrendezvous\" rel=\"noopener\">Prendre un rendez-vous<\/a><\/div>\n<p><script>!function (d, s) { var js, sid = \"gorendezvous-bookingwidget-script\"; var sEl = d.getElementById(sid); if(sEl) { sEl.parentNode.removeChild(sEl); } js = d.createElement(s); js.id = sid; js.src = \"https:\/\/www.gorendezvous.com\/Scripts\/gorendezvous.bookingWidgetV2.min.js?v=\" + (Math.floor(new Date().getTime()\/(1000*60*30))*(1000*60*30)).toString(); d.body.appendChild(js); } (document, \"script\");<\/script>[\/vc_column_text][\/vc_column][\/vc_row][vc_row][vc_column][vc_column_text]<\/p>\n<h3><strong>HIFU 4D pour le visage<\/strong><\/h3>\n<p>[\/vc_column_text][vc_single_image image=\u00a0\u00bb1225&Prime; img_size=\u00a0\u00bb650&#215;850&Prime;][\/vc_column][\/vc_row]<\/p>\n<\/div>","protected":false},"excerpt":{"rendered":"<p>[vc_row][vc_column][vc_column_text] HIFU 4D [\/vc_column_text][\/vc_column][\/vc_row][vc_row][vc_column][vc_column_text] HIFU 4D Le HIFU (Hi Intensity Focused Ultrasound) est une technique de traitement qui utilise des vibrations sonores de haute intensit\u00e9 pour stimuler la production de collag\u00e8ne pour raffermir la peau que pour diminuer les zones graisseuses du corps et du visage. Le traitement HIFU 4D offre de nombreux avantages pour&hellip;<\/p>\n","protected":false},"author":1,"featured_media":801,"parent":0,"menu_order":0,"comment_status":"closed","ping_status":"closed","template":"","meta":[],"_links":{"self":[{"href":"http:\/\/www.formlab.ca\/A23\/wp-json\/wp\/v2\/pages\/738"}],"collection":[{"href":"http:\/\/www.formlab.ca\/A23\/wp-json\/wp\/v2\/pages"}],"about":[{"href":"http:\/\/www.formlab.ca\/A23\/wp-json\/wp\/v2\/types\/page"}],"author":[{"embeddable":true,"href":"http:\/\/www.formlab.ca\/A23\/wp-json\/wp\/v2\/users\/1"}],"replies":[{"embeddable":true,"href":"http:\/\/www.formlab.ca\/A23\/wp-json\/wp\/v2\/comments?post=738"}],"version-history":[{"count":8,"href":"http:\/\/www.formlab.ca\/A23\/wp-json\/wp\/v2\/pages\/738\/revisions"}],"predecessor-version":[{"id":1226,"href":"http:\/\/www.formlab.ca\/A23\/wp-json\/wp\/v2\/pages\/738\/revisions\/1226"}],"wp:featuredmedia":[{"embeddable":true,"href":"http:\/\/www.formlab.ca\/A23\/wp-json\/wp\/v2\/media\/801"}],"wp:attachment":[{"href":"http:\/\/www.formlab.ca\/A23\/wp-json\/wp\/v2\/media?parent=738"}],"curies":[{"name":"wp","href":"https:\/\/api.w.org\/{rel}","templated":true}]}}