{"id":749,"date":"2023-01-29T21:52:13","date_gmt":"2023-01-30T02:52:13","guid":{"rendered":"http:\/\/www.formlab.ca\/A23\/?page_id=749"},"modified":"2023-07-13T12:48:45","modified_gmt":"2023-07-13T16:48:45","slug":"cryofacial","status":"publish","type":"page","link":"http:\/\/www.formlab.ca\/A23\/cryofacial\/","title":{"rendered":"Cryofacial"},"content":{"rendered":"<div class=\"wpb-content-wrapper\"><p>[vc_row][vc_column][vc_column_text]<\/p>\n<h3><strong>Le cryofacial<\/strong><\/h3>\n<p>Le cryofacial est une technique de th\u00e9rapie pour le visage qui utilise une m\u00e9thode de refroidissement pour resserrer et raffermir la peau, tout en r\u00e9duisant l&rsquo;apparence des rides et des ridules. La th\u00e9rapie par le froid offre plusieurs avantages et b\u00e9n\u00e9fices pour votre visage :<\/p>\n<ol>\n<li><strong>Raffermissement de la peau<\/strong> : En stimulant la production de collag\u00e8ne et d&rsquo;\u00e9lastine, cela va permettre de raffermir et de tonifier la peau, en r\u00e9duisant l&rsquo;apparence des pores dilat\u00e9s, des ridules et des rides. Cela procure \u00e9galement l\u2019augmentation du flux lymphatique. Ce qui est excellent pour les poches et cernes, double menton, lift le regard, la r\u00e9g\u00e9n\u00e9ration cellulaire, sculpter la m\u00e2choire, raffermir le cou et m\u00eame les mains.<\/li>\n<li><strong>R\u00e9duction de l&rsquo;inflammation<\/strong> : Le froid va aider \u00e0 r\u00e9duire l&rsquo;inflammation de la peau, en particulier pour les personnes souffrant d&rsquo;acn\u00e9 ou de rosac\u00e9e.<\/li>\n<li><strong>Am\u00e9lioration de l&rsquo;apparence de la peau<\/strong> : La cryoth\u00e9rapie va am\u00e9liorer la texture et la couleur de la peau, en r\u00e9duisant les taches pigmentaire et en am\u00e9liorant la circulation sanguine.<\/li>\n<li><strong>R\u00e9cup\u00e9ration rapide<\/strong> : Les s\u00e9ances de cryoth\u00e9rapie sont g\u00e9n\u00e9ralement courtes et ne n\u00e9cessitent pas de temps de r\u00e9cup\u00e9ration important. Nos clientes peuvent reprendre leurs activit\u00e9s normales imm\u00e9diatement apr\u00e8s la s\u00e9ance.<\/li>\n<li><strong>S\u00e9curitaire<\/strong>\u00a0: Nous avons choisi une technologie \u00ab gliss\u00e9e \u00bb, car elle est plus s\u00e9curitaire que la cryoth\u00e9rapie \u00ab aspir\u00e9e \u00bb et elle offre de meilleurs r\u00e9sultats au niveau de la fermet\u00e9, car les tissus ne sont pas tir\u00e9s dans une chambre de traitement. C&rsquo;est une m\u00e9thode non invasive et sans douleur, qui ne n\u00e9cessite pas d&rsquo;anesth\u00e9sie ou d&rsquo;incision. C&rsquo;est une alternative s\u00fbre et efficace aux traitements plus invasifs comme les injections de Botox ou les agents de comblement.<\/li>\n<li><strong>Un autre avantage <\/strong>: La cryofacial nous permet d\u2019aller partout o\u00f9 il y a de la peau, exemple tant pour la l\u00e8vre sup\u00e9rieure pour les rides, que pour le talon d\u2019Achille qui limite les mouvements.<\/li>\n<\/ol>\n<h3>Cryoraffermissement ou cryofacial<\/h3>\n<p>Que ce soit pour le corps ou le visage, le processus est tr\u00e8s simple et imm\u00e9diat, les veines se contractent et ensuite se dilatent ce qui apporte un important flux sanguin et de l&rsquo;oxyg\u00e8ne dans la zone travaill\u00e9e. La peau refroidie d\u00e9clenche une r\u00e9action en cha\u00eene biologique qui permet d&rsquo;augmenter la production de nouveau collag\u00e8ne naturel et d\u2019\u00e9lastine. Ce traitement est toujours suivi de votre drainage m\u00e9dical.<\/p>\n<h4>Probl\u00e9matiques qui peuvent \u00eatre trait\u00e9es avec Cryofacial:<\/h4>\n<ul>\n<li>Rides et ridules<\/li>\n<li>R\u00e9duction du double menton<\/li>\n<li>Rel\u00e2chement et perte de tonus visage et cou<\/li>\n<li>Taches pigmentaire<\/li>\n<li>Couperose &amp; rosac\u00e9e<\/li>\n<\/ul>\n<p>On recommande une cure entre 4 \u00e0 6 soins, 1 fois par semaine \u00e0 confirmer avec votre th\u00e9rapeute (ou un professionnel de la sant\u00e9)*[\/vc_column_text][\/vc_column][\/vc_row][vc_row][vc_column][vc_column_text]<strong>PRENDRE VOTRE RENDEZ-VOUS EN CLIQUANT ICI<\/strong> :<\/p>\n<div class=\"gorendezvous-button\" data-professionalpagename=\"formlab\" data-bookingwidgeturlparams=\"companyId=101752\" data-language=\"fr\" data-label=\"Prendre un rendez-vous\" data-url=\"https:\/\/www.gorendezvous.com\/\" data-buttoncolor=\"GOrendezvous\" data-width=\"undefined\" data-height=\"undefined\"><a href=\"https:\/\/www.gorendezvous.com\/formlab?companyId=101752\" target=\"GOrendezvous\" rel=\"noopener\">Prendre un rendez-vous<\/a><\/div>\n<p><script>!function (d, s) { var js, sid = \"gorendezvous-bookingwidget-script\"; var sEl = d.getElementById(sid); if(sEl) { sEl.parentNode.removeChild(sEl); } js = d.createElement(s); js.id = sid; js.src = \"https:\/\/www.gorendezvous.com\/Scripts\/gorendezvous.bookingWidgetV2.min.js?v=\" + (Math.floor(new Date().getTime()\/(1000*60*30))*(1000*60*30)).toString(); d.body.appendChild(js); } (document, \"script\");<\/script>[\/vc_column_text][\/vc_column][\/vc_row][vc_row][vc_column][vc_column_text]<\/p>\n<h3 style=\"text-align: center;\"><strong>Cryofacial<\/strong><\/h3>\n<p>[\/vc_column_text][vc_single_image image=\u00a0\u00bb1177&Prime; img_size=\u00a0\u00bb650&#215;850&Prime;][\/vc_column][\/vc_row]<\/p>\n<\/div>","protected":false},"excerpt":{"rendered":"<p>[vc_row][vc_column][vc_column_text] Le cryofacial Le cryofacial est une technique de th\u00e9rapie pour le visage qui utilise une m\u00e9thode de refroidissement pour resserrer et raffermir la peau, tout en r\u00e9duisant l&rsquo;apparence des rides et des ridules. La th\u00e9rapie par le froid offre plusieurs avantages et b\u00e9n\u00e9fices pour votre visage : Raffermissement de la peau : En stimulant&hellip;<\/p>\n","protected":false},"author":1,"featured_media":792,"parent":0,"menu_order":0,"comment_status":"closed","ping_status":"closed","template":"","meta":[],"_links":{"self":[{"href":"http:\/\/www.formlab.ca\/A23\/wp-json\/wp\/v2\/pages\/749"}],"collection":[{"href":"http:\/\/www.formlab.ca\/A23\/wp-json\/wp\/v2\/pages"}],"about":[{"href":"http:\/\/www.formlab.ca\/A23\/wp-json\/wp\/v2\/types\/page"}],"author":[{"embeddable":true,"href":"http:\/\/www.formlab.ca\/A23\/wp-json\/wp\/v2\/users\/1"}],"replies":[{"embeddable":true,"href":"http:\/\/www.formlab.ca\/A23\/wp-json\/wp\/v2\/comments?post=749"}],"version-history":[{"count":7,"href":"http:\/\/www.formlab.ca\/A23\/wp-json\/wp\/v2\/pages\/749\/revisions"}],"predecessor-version":[{"id":1223,"href":"http:\/\/www.formlab.ca\/A23\/wp-json\/wp\/v2\/pages\/749\/revisions\/1223"}],"wp:featuredmedia":[{"embeddable":true,"href":"http:\/\/www.formlab.ca\/A23\/wp-json\/wp\/v2\/media\/792"}],"wp:attachment":[{"href":"http:\/\/www.formlab.ca\/A23\/wp-json\/wp\/v2\/media?parent=749"}],"curies":[{"name":"wp","href":"https:\/\/api.w.org\/{rel}","templated":true}]}}