{"id":766,"date":"2023-05-15T14:05:48","date_gmt":"2023-05-15T18:05:48","guid":{"rendered":"http:\/\/www.formlab.ca\/A23\/?page_id=766"},"modified":"2023-09-21T11:17:12","modified_gmt":"2023-09-21T15:17:12","slug":"problematiques-visage","status":"publish","type":"page","link":"http:\/\/www.formlab.ca\/A23\/problematiques-visage\/","title":{"rendered":"Probl\u00e9matiques visage"},"content":{"rendered":"<div class=\"wpb-content-wrapper\"><p>[vc_row][vc_column][vc_column_text]<\/p>\n<h2 style=\"text-align: left;\"><strong>Probl\u00e9matiques visage<\/strong><\/h2>\n<p>[\/vc_column_text][\/vc_column][\/vc_row][vc_row][vc_column][vc_column_text]<\/p>\n<h3>1. Acn\u00e9<\/h3>\n<p>L&rsquo;acn\u00e9 est une affection cutan\u00e9e courante qui se manifeste par la formation de boutons sous diff\u00e9rentes formes, tels que des pores dilat\u00e9s, des points blancs et des points noirs, r\u00e9sultant de l&rsquo;inflammation des glandes s\u00e9bac\u00e9es qui obstruent la peau. Elle est caus\u00e9e par une augmentation de la production de s\u00e9bum, combin\u00e9e \u00e0 l&rsquo;accumulation de cellules mortes de la peau et \u00e0 la prolif\u00e9ration de bact\u00e9ries. Les boutons d&rsquo;acn\u00e9 peuvent appara\u00eetre sur diff\u00e9rentes parties du corps, mais sont le plus souvent observ\u00e9s sur le visage, le dos et la poitrine. Ils peuvent varier en taille et en gravit\u00e9, allant de petites \u00e9ruptions cutan\u00e9es occasionnelles \u00e0 des l\u00e9sions douloureuses et enflamm\u00e9es. Plusieurs facteurs peuvent causer de l&rsquo;acn\u00e9 notamment des changements hormonaux pendant l&rsquo;adolescence, la grossesse ou en raison de d\u00e9s\u00e9quilibres hormonaux, ainsi que des facteurs g\u00e9n\u00e9tiques, le stress, une mauvaise alimentation, un manque d&rsquo;hygi\u00e8ne de la peau et l&rsquo;utilisation de certains produits cosm\u00e9tiques.<\/p>\n<h4>Traitements<\/h4>\n<ul>\n<li>Soins de la peau<\/li>\n<li><a href=\"http:\/\/www.formlab.ca\/A23\/soins-du-visage-davincia\/\" target=\"_blank\" rel=\"noopener\"><strong>Soin biocompatible<\/strong><\/a><\/li>\n<li><a href=\"http:\/\/www.formlab.ca\/A23\/cryofacial\/\" target=\"_blank\" rel=\"noopener\"><strong>Cryofacial<\/strong><\/a><\/li>\n<li>Bio-Luminoth\u00e9rapie<\/li>\n<\/ul>\n<p><strong>Produits\u00a0<\/strong>: Purifica, Exfolia, Curativo, Sunbrella, Davincia<\/p>\n<h3>2. Cicatrices d&rsquo;acn\u00e9<\/h3>\n<p>Les cicatrices d&rsquo;acn\u00e9 sont des marques qui peuvent se former apr\u00e8s la gu\u00e9rison des boutons d&rsquo;acn\u00e9. Au d\u00e9but, elles peuvent \u00eatre rouges ou pigment\u00e9es, mais il est possible de les traiter et de les inverser \u00e0 un stade pr\u00e9coce. Cependant, si l&rsquo;inflammation est importante, profonde, persiste ou si les boutons sont tripot\u00e9s, elles peuvent devenir des cicatrices permanentes. Les cicatrices d&rsquo;acn\u00e9 peuvent se pr\u00e9senter sous diff\u00e9rentes formes, telles que des irr\u00e9gularit\u00e9s de la peau, des creux ou des bosses (hypertrophiques ou ch\u00e9lo\u00efdes). Les cicatrices d&rsquo;acn\u00e9 sont caus\u00e9es par des boutons qui sont pinc\u00e9s ou gratt\u00e9s, ainsi qu&rsquo;une production excessive de collag\u00e8ne pendant la gu\u00e9rison de l&rsquo;acn\u00e9 et une perte de tissu cutan\u00e9. Les personnes ayant des boutons d&rsquo;acn\u00e9 s\u00e9v\u00e8res, persistants ou une peau sensible sont plus susceptibles de d\u00e9velopper des cicatrices d&rsquo;acn\u00e9. Il est important d&rsquo;\u00e9viter de tripoter ou de gratter les boutons d&rsquo;acn\u00e9 pour r\u00e9duire le risque de cicatrices permanentes.<\/p>\n<h4>Traitements<\/h4>\n<ul>\n<li><a href=\"http:\/\/www.formlab.ca\/A23\/soins-du-visage-davincia\/\" target=\"_blank\" rel=\"noopener\"><strong>Soin biocompatible<\/strong><\/a><\/li>\n<li><a href=\"http:\/\/www.formlab.ca\/A23\/bloomea\/\" target=\"_blank\" rel=\"noopener\"><strong>Bloomea<\/strong><\/a><\/li>\n<\/ul>\n<h3>3. Rides &amp; ridules<\/h3>\n<p>Les rides et les ridules sont des signes courants du vieillissement cutan\u00e9 qui peuvent appara\u00eetre sur le visage, le cou, les mains et d&rsquo;autres parties du corps. Elles sont souvent caus\u00e9es par le processus naturel de vieillissement de la peau, ainsi que par d&rsquo;autres facteurs tels que l&rsquo;exposition au soleil, le tabagisme, le stress et une mauvaise hygi\u00e8ne de vie. Les rides sont des plis ou des creux dans la peau qui se forment lorsque la production de collag\u00e8ne et d&rsquo;\u00e9lastine, deux prot\u00e9ines cl\u00e9s responsables de la structure et de l&rsquo;\u00e9lasticit\u00e9 de la peau, diminue avec l&rsquo;\u00e2ge. Les ridules, quant \u00e0 elles, sont de petites rides superficielles qui apparaissent g\u00e9n\u00e9ralement autour des yeux, de la bouche et du front. Heureusement, il existe diverses options pour aider \u00e0 r\u00e9duire l&rsquo;apparence et \u00e0 am\u00e9liorer l&rsquo;aspect de la peau. Des soins de la peau adapt\u00e9s, peuvent contribuer \u00e0 maintenir une peau saine et bien nourrie, des traitements bas\u00e9s selon vos besoins.<\/p>\n<h4>Traitements<\/h4>\n<ul>\n<li>Soins de la peau et masque<\/li>\n<li><a href=\"http:\/\/www.formlab.ca\/A23\/soins-du-visage-davincia\/\" target=\"_blank\" rel=\"noopener\"><strong>Soin biocompatible<\/strong><\/a><\/li>\n<li><a href=\"http:\/\/www.formlab.ca\/A23\/cryofacial\/\" target=\"_blank\" rel=\"noopener\"><strong>Cryofacial<\/strong><\/a><\/li>\n<li><a href=\"http:\/\/www.formlab.ca\/A23\/hifu-4d\/\" target=\"_blank\" rel=\"noopener\"><strong>HIFU<\/strong><\/a><\/li>\n<li><a href=\"http:\/\/www.formlab.ca\/A23\/endermolift-visage\/\" target=\"_blank\" rel=\"noopener\"><strong>Endermologie<\/strong><\/a><\/li>\n<\/ul>\n<p><strong>Produit<\/strong> : <a href=\"https:\/\/www.davincia.ca\/shop?aff_key=7MKU71JP&amp;fbclid=IwAR09PopLS6gMX46jt9gGy4tm0KNVrkljQvu-hVz-d4nQdHxmiSzvuFV7viE\" target=\"_blank\" rel=\"noopener\"><strong>Davincia<\/strong><\/a><\/p>\n<h3>4. Rel\u00e2chement perte de tonus du visage<\/h3>\n<p>C\u2019est un ph\u00e9nom\u00e8ne physiologique normal qui touche tout le monde. \u00c0 partir de l&rsquo;\u00e2ge de 20 ans, nous perdons 1% de notre collag\u00e8ne donc la peau devient moins ferme avec le temps L&rsquo;\u00e2ge, le temps, l&rsquo;alimentation, la g\u00e9n\u00e9tique, la gravit\u00e9, prise ou perte de poids rapide.<\/p>\n<h4>Traitements<\/h4>\n<ul>\n<li><a href=\"http:\/\/www.formlab.ca\/A23\/endermolift-visage\/\" target=\"_blank\" rel=\"noopener\"><strong>Endermologie<\/strong><\/a><\/li>\n<li><a href=\"http:\/\/www.formlab.ca\/A23\/cryofacial\/\" target=\"_blank\" rel=\"noopener\"><strong>Cryofacial<\/strong><\/a><\/li>\n<li><a href=\"http:\/\/www.formlab.ca\/A23\/labsculpt\/\" target=\"_blank\" rel=\"noopener\"><strong>Labsculpt<\/strong><\/a><\/li>\n<li><a href=\"http:\/\/www.formlab.ca\/A23\/hifu-4d\/\" target=\"_blank\" rel=\"noopener\"><strong>HIFU<\/strong><\/a><\/li>\n<\/ul>\n<h4>5. Taches pigmentaires visage<\/h4>\n<p>Les taches brunes sont de l&rsquo;hyperpigmention de la peau, le m\u00e9lanocyte est la cellules qui cause la couleur. Cette coloration est aussi due \u00e0 la pr\u00e9sence de m\u00e9lanine, en trop grande quantit\u00e9, dans les cellules de l\u2019\u00e9piderme. Elles peuvent appara\u00eetre sur la peau pour diverses raisons, comme l&rsquo;exposition au soleil, le vieillissement, les hormones, ou d&rsquo;autres facteurs g\u00e9n\u00e9tiques ou environnementaux. Elles peuvent se manifester sous diff\u00e9rentes formes, notamment les taches brunes, les taches de rousseur, les taches de vieillesse, ou les taches de naissance.<\/p>\n<h4>Traitements<\/h4>\n<ul>\n<li><a href=\"http:\/\/www.formlab.ca\/A23\/soins-du-visage-davincia\/\" target=\"_blank\" rel=\"noopener\"><strong>Soin biocompatible<\/strong><\/a><\/li>\n<li><a href=\"http:\/\/www.formlab.ca\/A23\/cryofacial\/\" target=\"_blank\" rel=\"noopener\"><strong>Cryofacial<\/strong><\/a><\/li>\n<li><a href=\"http:\/\/www.formlab.ca\/A23\/bloomea\/\" target=\"_blank\" rel=\"noopener\"><strong>Bloomea<\/strong><\/a><\/li>\n<li><a href=\"https:\/\/www.davincia.ca\/shop?aff_key=7MKU71JP&amp;fbclid=IwAR09PopLS6gMX46jt9gGy4tm0KNVrkljQvu-hVz-d4nQdHxmiSzvuFV7viE\" target=\"_blank\" rel=\"noopener\"><strong>Produits Davincia<\/strong><\/a><\/li>\n<\/ul>\n<h3>6. Couperose et rosac\u00e9e<\/h3>\n<p>Des rougeurs plus ou moins importante au niveau des joues, du menton et du front qu&rsquo;on apelles la couperose. La rosac\u00e9e, est l&rsquo;\u00e9tape suivant, \u00a0qui devient une affection chronique de la peau.<br \/>\nCe qui cause la rosac\u00e9e sont les changements de temp\u00e9rature, la pr\u00e9sence de d\u00e9modex, la g\u00e9n\u00e9tique, la consommation d&rsquo;alcool ou de certain aliments ainsi que la consommation de tabac.<\/p>\n<h4>Traitements<\/h4>\n<ul>\n<li><a href=\"http:\/\/www.formlab.ca\/A23\/soins-du-visage-davincia\/\" target=\"_blank\" rel=\"noopener\"><strong>Soin biocompatible<\/strong><\/a><\/li>\n<li><a href=\"http:\/\/www.formlab.ca\/A23\/cryofacial\/\" target=\"_blank\" rel=\"noopener\"><strong>Cryofacial<\/strong><\/a><\/li>\n<li>Bio-Luminoth\u00e9rapie<\/li>\n<\/ul>\n<p><strong>Produits<\/strong> : Purifica, Curativo, Sunbrella<\/p>\n<h3>7. Double menton<\/h3>\n<h4>Traitements<\/h4>\n<ul>\n<li><a href=\"http:\/\/www.formlab.ca\/A23\/hifu-4d\/\" target=\"_blank\" rel=\"noopener\"><strong>HIFU<\/strong><\/a><\/li>\n<li><a href=\"http:\/\/www.formlab.ca\/A23\/endermolift-visage\/\" target=\"_blank\" rel=\"noopener\"><strong>Endermo visage<\/strong><\/a><\/li>\n<li><a href=\"http:\/\/www.formlab.ca\/A23\/cryofacial\/\" target=\"_blank\" rel=\"noopener\"><strong>Cryofacial<\/strong><\/a><\/li>\n<\/ul>\n<p>[\/vc_column_text][\/vc_column][\/vc_row]<\/p>\n<\/div>","protected":false},"excerpt":{"rendered":"<p>[vc_row][vc_column][vc_column_text] Probl\u00e9matiques visage [\/vc_column_text][\/vc_column][\/vc_row][vc_row][vc_column][vc_column_text] 1. Acn\u00e9 L&rsquo;acn\u00e9 est une affection cutan\u00e9e courante qui se manifeste par la formation de boutons sous diff\u00e9rentes formes, tels que des pores dilat\u00e9s, des points blancs et des points noirs, r\u00e9sultant de l&rsquo;inflammation des glandes s\u00e9bac\u00e9es qui obstruent la peau. Elle est caus\u00e9e par une augmentation de la production de&hellip;<\/p>\n","protected":false},"author":1,"featured_media":0,"parent":0,"menu_order":0,"comment_status":"closed","ping_status":"closed","template":"","meta":[],"_links":{"self":[{"href":"http:\/\/www.formlab.ca\/A23\/wp-json\/wp\/v2\/pages\/766"}],"collection":[{"href":"http:\/\/www.formlab.ca\/A23\/wp-json\/wp\/v2\/pages"}],"about":[{"href":"http:\/\/www.formlab.ca\/A23\/wp-json\/wp\/v2\/types\/page"}],"author":[{"embeddable":true,"href":"http:\/\/www.formlab.ca\/A23\/wp-json\/wp\/v2\/users\/1"}],"replies":[{"embeddable":true,"href":"http:\/\/www.formlab.ca\/A23\/wp-json\/wp\/v2\/comments?post=766"}],"version-history":[{"count":15,"href":"http:\/\/www.formlab.ca\/A23\/wp-json\/wp\/v2\/pages\/766\/revisions"}],"predecessor-version":[{"id":1264,"href":"http:\/\/www.formlab.ca\/A23\/wp-json\/wp\/v2\/pages\/766\/revisions\/1264"}],"wp:attachment":[{"href":"http:\/\/www.formlab.ca\/A23\/wp-json\/wp\/v2\/media?parent=766"}],"curies":[{"name":"wp","href":"https:\/\/api.w.org\/{rel}","templated":true}]}}