{"id":774,"date":"2023-05-15T16:40:50","date_gmt":"2023-05-15T20:40:50","guid":{"rendered":"http:\/\/www.formlab.ca\/A23\/?page_id=774"},"modified":"2023-09-21T11:28:58","modified_gmt":"2023-09-21T15:28:58","slug":"problematiques-corps","status":"publish","type":"page","link":"http:\/\/www.formlab.ca\/A23\/problematiques-corps\/","title":{"rendered":"Probl\u00e9matiques corps"},"content":{"rendered":"<div class=\"wpb-content-wrapper\"><p>[vc_row][vc_column][vc_column_text]<\/p>\n<h2><strong>Probl\u00e9matiques corps<\/strong><\/h2>\n<p>[\/vc_column_text][\/vc_column][\/vc_row][vc_row][vc_column][vc_column_text]<\/p>\n<h3>1. Amas de graisse tenace et localis\u00e9<\/h3>\n<p>Un amas graisseux est une accumulation anormale de graisse dans le corps. Cela peut se produire n&rsquo;importe o\u00f9 dans le corps o\u00f9 il y a des cellules adipeuses, mais est souvent concentr\u00e9 dans certaines zones telles que l&rsquo;abdomen, les hanches et les cuisses. Les amas graisseux peuvent entra\u00eener des probl\u00e8mes de sant\u00e9 tels que le diab\u00e8te, les maladies cardiaques et l&rsquo;hypertension art\u00e9rielle, ainsi que des probl\u00e8mes esth\u00e9tiques. La g\u00e9n\u00e9tique joue un r\u00f4le important, les anomalies hormonales, une alimentation riche en calories, en sucre et en gras, un manque d&rsquo;exercice physique, un mode de vie s\u00e9dentaire, un mauvais sommeil. Elles peuvent \u00eatre accompagn\u00e9 des probl\u00e8mes de sant\u00e9 tels que le diab\u00e8te et le syndrome m\u00e9tabolique.<\/p>\n<h4>Traitements<\/h4>\n<ul>\n<li><a href=\"http:\/\/www.formlab.ca\/A23\/endermologie\/\" target=\"_blank\" rel=\"noopener\"><strong>Endermologie<\/strong><\/a><\/li>\n<li><a href=\"http:\/\/www.formlab.ca\/A23\/cryotherapie\/\" target=\"_blank\" rel=\"noopener\"><strong>Cryoth\u00e9rapie<\/strong><\/a><\/li>\n<li><a href=\"http:\/\/www.formlab.ca\/A23\/labsculpt\/\" target=\"_blank\" rel=\"noopener\"><strong>LabSculpt<\/strong><\/a><\/li>\n<li><a href=\"http:\/\/www.formlab.ca\/A23\/hifu-corps\/\" target=\"_blank\" rel=\"noopener\"><strong>HIFU<\/strong><\/a><\/li>\n<\/ul>\n<h3>2. Cellulite<\/h3>\n<p>La cellulite est une condition fr\u00e9quente qui touche essentiellement les femmes, avec ou sans surcharge pond\u00e9rale et qui se caract\u00e9rise par une apparence de peau d\u2019orange souvent sur les cuisses, les hanches, le ventre, les bras et les fesses. Elle est caus\u00e9e par des anomalies du tissu conjonctif sous-cutan\u00e9 qui causent une accumulation de graisse de l\u2019hypoderme et un mauvais drainage de la zone, les vaisseaux sanguins et lymphatiques traversant l\u2019hypoderme \u00e9tant comprim\u00e9s par les cellules graisseuses gonfl\u00e9es ou en surnombre. Les principales causes de la cellulite incluent les hormones, la g\u00e9n\u00e9tique, un mode de vie s\u00e9dentaire, une mauvaise alimentation, la consommation d&rsquo;alcool, le tabagisme, porter des v\u00eatements trop serr\u00e9s, prendre des douches chaudes souvent ou encore rester en position assise trop longtemps.<\/p>\n<h4>Traitements<\/h4>\n<ul>\n<li><a href=\"http:\/\/www.formlab.ca\/A23\/endermologie\/\" target=\"_blank\" rel=\"noopener\"><strong>Endermologie<\/strong><\/a><\/li>\n<li><a href=\"http:\/\/www.formlab.ca\/A23\/labsculpt\/\" target=\"_blank\" rel=\"noopener\"><strong>Labsulpt<\/strong><\/a><\/li>\n<li><a href=\"http:\/\/www.formlab.ca\/A23\/cryotherapie\/\" target=\"_blank\" rel=\"noopener\"><strong>Cryoth\u00e9rapie<\/strong><\/a><\/li>\n<li><a href=\"http:\/\/www.formlab.ca\/A23\/hifu-corps\/\" target=\"_blank\" rel=\"noopener\"><strong>HIFU<\/strong><\/a><\/li>\n<li><a href=\"http:\/\/www.formlab.ca\/A23\/le-reset-programme-pour-la-perte-de-pois\/\" target=\"_blank\" rel=\"noopener\"><strong>Reset<\/strong><\/a><\/li>\n<\/ul>\n<h3>3. Cicatrices<\/h3>\n<p>Lorsqu&rsquo;il y a une l\u00e9sion cutan\u00e9e, telle qu&rsquo;une br\u00fblure, une blessure, une intervention chirurgicale, une maladie inflammatoire, etc., la peau se r\u00e9pare naturellement pour se prot\u00e9ger contre les infections, gu\u00e9rir la zone affect\u00e9e et se refermer. Si la l\u00e9sion est superficielle, la peau peut se r\u00e9g\u00e9n\u00e9rer compl\u00e8tement. Cependant, pour les blessures plus profondes, il peut souvent rester une cicatrice.<\/p>\n<p><strong>Voici diff\u00e9rents types de cicatrices<\/strong> :<\/p>\n<ol>\n<li>Cicatrices plates ou blanches : Ce sont les cicatrices les plus courantes. Elles sont lisses et discr\u00e8tes, et avec le temps, elles peuvent devenir presque invisibles.<\/li>\n<li>Cicatrices hypertrophiques : Elles sont gonfl\u00e9es et rouge\u00e2tres \u00e0 l&rsquo;endroit de la l\u00e9sion initiale, et peuvent \u00eatre douloureuses.<\/li>\n<li>Cicatrices ch\u00e9lo\u00efdes : Elles sont rouges, boursoufl\u00e9es et souvent douloureuses. Elles s&rsquo;\u00e9tendent au-del\u00e0 de la plaie d&rsquo;origine.<\/li>\n<li>Cicatrices atrophiques : Elles sont souvent circulaires et l\u00e9g\u00e8rement creus\u00e9es dans la peau.<\/li>\n<\/ol>\n<p>Le processus de gu\u00e9rison et l&rsquo;apparence \u00e0 long terme des cicatrices d\u00e9pendent de divers facteurs tels que l&rsquo;\u00e2ge, le syst\u00e8me immunitaire, le type de peau, le mode de vie (notamment la consommation de cigarette), ainsi que de certains facteurs m\u00e9taboliques comme la nutrition ou certaines maladies telles que l&rsquo;an\u00e9mie, le diab\u00e8te, les maladies du tissu interstitiel (collag\u00e9nose), ainsi que des effets secondaires de certains m\u00e9dicaments tels que la chimioth\u00e9rapie et les traitements immunosuppresseurs, ainsi que certaines pathologies qui affectent la vascularisation et l&rsquo;oxyg\u00e9nation des tissus. En plus des causes d\u00e9j\u00e0 mentionn\u00e9es, il existe \u00e9galement de nombreuses variables inconnues li\u00e9es \u00e0 tout le processus de gu\u00e9rison des tissus.<\/p>\n<h4>Traitements <strong>(inflammation, cicatrisation, douleur, apparence) :<\/strong><\/h4>\n<ul>\n<li><a href=\"http:\/\/www.formlab.ca\/A23\/endermologie\/\" target=\"_blank\" rel=\"noopener\"><strong>Endermologie<\/strong><\/a><\/li>\n<li><strong><a href=\"http:\/\/www.formlab.ca\/A23\/soins-du-visage-davincia\/\" target=\"_blank\" rel=\"noopener\">Soin Biocompatible<\/a><\/strong><\/li>\n<li><a href=\"http:\/\/www.formlab.ca\/A23\/bloomea-corps\/\" target=\"_blank\" rel=\"noopener\"><strong>Bloomea<\/strong><\/a><\/li>\n<\/ul>\n<h3>4. Douleurs musculaires et articulaires<\/h3>\n<p>La douleur musculaire et articulaire est un sympt\u00f4me fr\u00e9quent dans de nombreux probl\u00e8mes li\u00e9s au syst\u00e8me musculosquelettique. Elle peut varier en intensit\u00e9, de l\u00e9g\u00e8re \u00e0 s\u00e9v\u00e8re, \u00eatre aigu\u00eb et de courte dur\u00e9e \u00e0 chronique, et se manifester localement ou de mani\u00e8re diffuse. Les sympt\u00f4mes peuvent inclure des sensations de br\u00fblure, des chocs \u00e9lectriques, une tension dans les muscles, les articulations, les tendons, les ligaments, les bourses s\u00e9reuses, ou une combinaison de ces \u00e9l\u00e9ments. Les causes de ces douleurs sont multiples, parmi lesquelles les blessures ou traumatismes, le surmenage musculaire, les stress r\u00e9p\u00e9titifs dus \u00e0 une demande excessive sur une articulation, la tension ou le stress, la m\u00e9nopause, les spasmes musculaires, les infections virales, une mauvaise posture au travail ou pendant le sommeil, ainsi que la d\u00e9shydratation, qui peut \u00e9galement contribuer \u00e0 la douleur.<\/p>\n<h4>Traitements<\/h4>\n<ul>\n<li><a href=\"http:\/\/www.formlab.ca\/A23\/produit\/massotherapie-specialisee\/\" target=\"_blank\" rel=\"noopener\"><strong>Masso traditionnelle ou sp\u00e9cialis\u00e9e<\/strong><\/a><\/li>\n<li><a href=\"http:\/\/www.formlab.ca\/A23\/endermologie\/\" target=\"_blank\" rel=\"noopener\"><strong>Endermologie<\/strong><\/a><\/li>\n<li>Recalibration neuro<\/li>\n<li><a href=\"http:\/\/www.formlab.ca\/A23\/huber-motion-lab\/\" target=\"_blank\" rel=\"noopener\"><strong>Huber MotionLab<\/strong><\/a><\/li>\n<\/ul>\n<h3>5. Fibromyalgie<\/h3>\n<p>La fibromyalgie est une maladie qui affecte le syst\u00e8me nerveux central et se caract\u00e9rise par un ensemble de sympt\u00f4mes. La douleur est le sympt\u00f4me le plus fr\u00e9quent, avec des douleurs importantes ressenties dans une ou plusieurs parties du corps. La nature de la douleur peut varier d&rsquo;une personne \u00e0 l&rsquo;autre et se d\u00e9placer d&rsquo;une partie du corps \u00e0 une autre. De plus, son intensit\u00e9 peut fluctuer consid\u00e9rablement. En plus de la douleur, d&rsquo;autres sympt\u00f4mes associ\u00e9s peuvent inclure la fatigue, les troubles du sommeil, les probl\u00e8mes de m\u00e9moire et de concentration, les sautes d&rsquo;humeur, les troubles gastro-intestinaux tels que la constipation ou la diarrh\u00e9e, ainsi qu&rsquo;une sensibilit\u00e9 accrue au toucher et \u00e0 la pression cutan\u00e9e. Les recherches n\u2019ont pas encore r\u00e9ussi \u00e0 cerner la cause exacte de la fibromyalgie. La maladie peut se d\u00e9velopper d\u2019elle-m\u00eame, mais on a aussi \u00e9tabli des liens avec les facteurs suivants: notamment l&rsquo;\u00e2ge (g\u00e9n\u00e9ralement entre 20 et 50 ans), le sexe (80 \u00e0 90 % des personnes atteintes de fibromyalgie sont des femmes), les ant\u00e9c\u00e9dents familiaux, les maladies rhumatismales comme la polyarthrite rhumato\u00efde, la spondylarthrite ankylosante ou le lupus, ainsi que les traumatismes ou le stress \u00e9motionnel.<\/p>\n<h4>Traitements<\/h4>\n<ul>\n<li><a href=\"http:\/\/www.formlab.ca\/A23\/endermologie\/\" target=\"_blank\" rel=\"noopener\"><strong>Endermologie<\/strong><\/a><\/li>\n<li><a href=\"http:\/\/www.formlab.ca\/A23\/produit\/massotherapie-specialisee\/\"><strong>Masso sp\u00e9cialis\u00e9 et traditionnelle<\/strong><\/a><\/li>\n<\/ul>\n<h3>6. Rel\u00e2chement et perte de tonus du corps<\/h3>\n<p>C\u2019est un ph\u00e9nom\u00e8ne physiologique normal qui touche tout le monde. \u00c0 partir de l&rsquo;\u00e2ge de 20 ans, nous perdons 1% de notre collag\u00e8ne donc la peau devient moins ferme avec le temps L&rsquo;\u00e2ge, le temps, l&rsquo;alimentation, la g\u00e9n\u00e9tique, la gravit\u00e9, prise ou perte de poids rapide.<\/p>\n<h4>Traitements<\/h4>\n<ul>\n<li><a href=\"http:\/\/www.formlab.ca\/A23\/endermologie\/\" target=\"_blank\" rel=\"noopener\"><strong>Endermologie<\/strong><\/a><\/li>\n<li><a href=\"http:\/\/www.formlab.ca\/A23\/cryotherapie\/\" target=\"_blank\" rel=\"noopener\"><strong>Cryoth\u00e9rapie<\/strong><\/a><\/li>\n<li><a href=\"http:\/\/www.formlab.ca\/A23\/labsculpt\/\" target=\"_blank\" rel=\"noopener\"><strong>Labsculpt<\/strong><\/a><\/li>\n<li><a href=\"http:\/\/www.formlab.ca\/A23\/hifu-corps\/\" target=\"_blank\" rel=\"noopener\"><strong>HIFU<\/strong><\/a><\/li>\n<\/ul>\n<h3>7. Rel\u00e2chement des muscles du plancher pelvien &amp; perte urinaire<\/h3>\n<p>Le plancher pelvien est un groupe de muscles en forme de hamac qui soutiennent les organes du bas du ventre Le rel\u00e2chement des muscles du plancher pelvien et la perte urinaire sont des probl\u00e8mes de sant\u00e9 courants chez les femmes, qui peuvent causer de l&#8217;embarras, de l&rsquo;inconfort et affecter la qualit\u00e9 de vie. Les muscles du plancher pelvien sont responsables de soutenir les organes pelviens et de maintenir le contr\u00f4le urinaire. Plusieurs facteurs peuvent contribuer au rel\u00e2chement des muscles du plancher pelvien, tels que la grossesse, l&rsquo;accouchement, le vieillissement, la m\u00e9nopause et d&rsquo;autres conditions m\u00e9dicales. Lorsque ces muscles sont affaiblis, cela peut entra\u00eener une perte urinaire involontaire lors d&rsquo;activit\u00e9s simples comme la toux, l&rsquo;\u00e9ternuement, l&rsquo;exercice physique ou m\u00eame en se d\u00e9pla\u00e7ant.<\/p>\n<h4>Traitement<\/h4>\n<ul>\n<li><a href=\"http:\/\/www.formlab.ca\/A23\/labsculpt\/\" target=\"_blank\" rel=\"noopener\"><strong>LabSculpt<\/strong><\/a><\/li>\n<\/ul>\n<h3>8. Vergetures<\/h3>\n<p>Les vergetures sont des lignes rouge\u00e2tres, des l\u00e9sions des fibres \u00e9lastiques de la peau, soumise \u00e0 une trop grande tension. Au d\u00e9but elles sont lilas, au moment de la rupture des fibres de la peau, elles deviennent blanches en vieillissant, apr\u00e8s plusieurs mois, puis s\u2019att\u00e9nuent, et laissent juste une petite trace sur la peau, soulign\u00e9e par une ligne blanche qui est la d\u00e9chirure de la peau. Un \u00e9tirement trop important, trop rapide, et trop brutal de la peau comme grossesse, prise de poids ou r\u00e9gime yo-yo, pouss\u00e9e de croissance \u00e0 la pubert\u00e9 (ados) ou prise de masse musculaire trop rapide.<\/p>\n<h4>Traitements<\/h4>\n<ul>\n<li><a href=\"http:\/\/www.formlab.ca\/A23\/soins-du-visage-davincia\/\" target=\"_blank\" rel=\"noopener\"><strong>Soin biocompatible<\/strong><\/a><\/li>\n<li><a href=\"http:\/\/www.formlab.ca\/A23\/bloomea-corps\/\" target=\"_blank\" rel=\"noopener\"><strong>Bloomea<\/strong><\/a><\/li>\n<\/ul>\n<h3>9. Jambes lourdes ou impatientes<\/h3>\n<p>La sensation d&rsquo;avoir les jambes lourdes (impatientes) ou m\u00eame parfois de br\u00fblures dans le membre inf\u00e9rieur. Cette sensation peut-\u00eatre caus\u00e9e par plusieurs factures tels qu&rsquo;un manque de circulation sanguine et lymphatique, l&rsquo;inactivit\u00e9 physique, la g\u00e9n\u00e9tique et certaines maladies comme le diab\u00e8te ou le lymphoedeme.<\/p>\n<h4>Traitements<\/h4>\n<ul>\n<li><a href=\"http:\/\/www.formlab.ca\/A23\/endermologie\/\" target=\"_blank\" rel=\"noopener\"><strong>Endermologie<\/strong><\/a><\/li>\n<li>Drainage br\u00e9silien<\/li>\n<\/ul>\n<h3>10. Inflammation<\/h3>\n<p>L&rsquo;inflammation est une r\u00e9ponse de l&rsquo;organisme \u00e0 un stress. Ce qui provoque une accumulation de liquide qui lui va s&rsquo;infiltr\u00e9 \u00e0 l&rsquo;int\u00e9rieur des tissus. La cause peut-\u00eatre due \u00e0 une blessure, \u00e0 la suite d&rsquo;une chirurgie, \u00e0 l&rsquo;alimentation et aussi \u00e0 la prise de certains m\u00e9dicaments.<\/p>\n<h4>Traitements<\/h4>\n<ul>\n<li><a href=\"http:\/\/www.formlab.ca\/A23\/endermologie\/\" target=\"_blank\" rel=\"noopener\"><strong>Endermologie<\/strong><\/a><\/li>\n<li>Drainage br\u00e9silien<\/li>\n<\/ul>\n<h3>11. Lymphod\u00e8me &amp; r\u00e9tention d\u2019eau<\/h3>\n<p>Le lymphod\u00e8me et la r\u00e9tention d&rsquo;eau sont une forme d&rsquo;infiltration dans les tissus. On parle alors, d&rsquo;un d\u00e9sordre des tissus adipeux. Le lymph\u0153d\u00e8me est une cons\u00e9quence secondaire du lip\u0153d\u00e8me. Les cause une mauvaise circulation sanguine et lymphatique, une consommation en exc\u00e8s de sel, des changements hormonaux, du diab\u00e8te, une grossesse, un cancer ou une prise de m\u00e9dicaments.<\/p>\n<h4>Traitements<\/h4>\n<ul>\n<li>Drainage br\u00e9silien<\/li>\n<li><a href=\"http:\/\/www.formlab.ca\/A23\/endermologie\/\" target=\"_blank\" rel=\"noopener\"><strong>Endermologie<\/strong><\/a><\/li>\n<\/ul>\n<h3>12. Diastase<\/h3>\n<p>Une diastase c&rsquo;est une s\u00e9paration ou un \u00e9cartement des muscles abdominaux, en particulier du muscle droit de l&rsquo;abdomen. Les exercices de renforcement des muscles abdominaux peuvent aider \u00e0 am\u00e9liorer cette condition. Une diastase est souvent observ\u00e9e chez les femmes enceintes ou chez les personnes ayant subi une chirurgie abdominale. Les sympt\u00f4mes peuvent inclure un bourrelet ou une protub\u00e9rance dans la r\u00e9gion abdominale, des douleurs ou une faiblesse musculaire.<\/p>\n<h4>Traitement<\/h4>\n<ul>\n<li><a href=\"http:\/\/www.formlab.ca\/A23\/labsculpt\/\" target=\"_blank\" rel=\"noopener\"><strong>LabSculpt<\/strong><\/a><\/li>\n<\/ul>\n<h3>13. Exc\u00e8s de poids<\/h3>\n<h4>Traitements<\/h4>\n<ul>\n<li><a href=\"http:\/\/www.formlab.ca\/A23\/endermologie\/\" target=\"_blank\" rel=\"noopener\"><strong>Endermologie<\/strong><\/a><\/li>\n<li><a href=\"http:\/\/www.formlab.ca\/A23\/cryotherapie\/\" target=\"_blank\" rel=\"noopener\"><strong>Cryoth\u00e9rapie<\/strong><\/a><\/li>\n<li><a href=\"http:\/\/www.formlab.ca\/A23\/hifu-corps\/\" target=\"_blank\" rel=\"noopener\"><strong>HIFU<\/strong><\/a><\/li>\n<li><a href=\"http:\/\/www.formlab.ca\/A23\/labsculpt\/\" target=\"_blank\" rel=\"noopener\"><strong>Labsculpt<\/strong><\/a><\/li>\n<li><a href=\"http:\/\/www.formlab.ca\/A23\/le-reset-programme-pour-la-perte-de-pois\/\" target=\"_blank\" rel=\"noopener\"><strong>Reset<\/strong><\/a><\/li>\n<\/ul>\n<p>[\/vc_column_text][\/vc_column][\/vc_row]<\/p>\n<\/div>","protected":false},"excerpt":{"rendered":"<p>[vc_row][vc_column][vc_column_text] Probl\u00e9matiques corps [\/vc_column_text][\/vc_column][\/vc_row][vc_row][vc_column][vc_column_text] 1. Amas de graisse tenace et localis\u00e9 Un amas graisseux est une accumulation anormale de graisse dans le corps. Cela peut se produire n&rsquo;importe o\u00f9 dans le corps o\u00f9 il y a des cellules adipeuses, mais est souvent concentr\u00e9 dans certaines zones telles que l&rsquo;abdomen, les hanches et les cuisses. Les&hellip;<\/p>\n","protected":false},"author":1,"featured_media":0,"parent":0,"menu_order":0,"comment_status":"closed","ping_status":"closed","template":"","meta":[],"_links":{"self":[{"href":"http:\/\/www.formlab.ca\/A23\/wp-json\/wp\/v2\/pages\/774"}],"collection":[{"href":"http:\/\/www.formlab.ca\/A23\/wp-json\/wp\/v2\/pages"}],"about":[{"href":"http:\/\/www.formlab.ca\/A23\/wp-json\/wp\/v2\/types\/page"}],"author":[{"embeddable":true,"href":"http:\/\/www.formlab.ca\/A23\/wp-json\/wp\/v2\/users\/1"}],"replies":[{"embeddable":true,"href":"http:\/\/www.formlab.ca\/A23\/wp-json\/wp\/v2\/comments?post=774"}],"version-history":[{"count":11,"href":"http:\/\/www.formlab.ca\/A23\/wp-json\/wp\/v2\/pages\/774\/revisions"}],"predecessor-version":[{"id":1267,"href":"http:\/\/www.formlab.ca\/A23\/wp-json\/wp\/v2\/pages\/774\/revisions\/1267"}],"wp:attachment":[{"href":"http:\/\/www.formlab.ca\/A23\/wp-json\/wp\/v2\/media?parent=774"}],"curies":[{"name":"wp","href":"https:\/\/api.w.org\/{rel}","templated":true}]}}