{"id":78,"date":"2016-11-16T17:17:27","date_gmt":"2016-11-16T16:17:27","guid":{"rendered":"http:\/\/www.espace-bbta.com\/sophieshop\/?page_id=78"},"modified":"2023-07-13T11:33:16","modified_gmt":"2023-07-13T15:33:16","slug":"huber-motion-lab","status":"publish","type":"page","link":"http:\/\/www.formlab.ca\/A23\/huber-motion-lab\/","title":{"rendered":"Huber Motion Lab"},"content":{"rendered":"<div class=\"wpb-content-wrapper\"><p>[vc_row][vc_column][vc_column_text]<\/p>\n<h2><strong>Huber Motion Lab<\/strong><\/h2>\n<p>[\/vc_column_text][\/vc_column][\/vc_row][vc_row][vc_column][vc_column_text]<\/p>\n<h3><strong>HUBER MOTION LAB<\/strong><\/h3>\n<p><strong>Huber Motion Lab\u2122<\/strong><br \/>\nBas\u00e9e sur une technologie innovante, Huber Motion Lab\u2122 est un v\u00e9ritable laboratoire du mouvement humain qui propose des exercices pour am\u00e9liorer vos capacit\u00e9s physiques, sculpter votre silhouette tout en corrigeant votre posture. Cette machine est la derni\u00e8re-n\u00e9e de la famille LPG.<br \/>\nElle pr\u00e9sente de nombreuses am\u00e9liorations en comparaison \u00e0 son pr\u00e9d\u00e9cesseur, le SpineForce, qui se concentrait essentiellement sur le dos.<\/p>\n<p><strong>Applications Huber Motion Lab<\/strong><\/p>\n<ul>\n<li><a href=\"http:\/\/www.formlab.ca\/A23\/196-2\/\">Perte de poids rapide<\/a><\/li>\n<li><a href=\"http:\/\/www.formlab.ca\/A23\/entrainement-sportif-et-personnalise\/\">Entrainement sportif et personnalis\u00e9<\/a><\/li>\n<li><a href=\"http:\/\/www.formlab.ca\/A23\/renforcer-et-tonifier-votre-corps-en-entier\/\">Renforcer et tonifier votre corps en entier<\/a><\/li>\n<li><a href=\"http:\/\/www.formlab.ca\/A23\/augmenter-coordination-et-souplesse\/\">Augmenter coordination et souplesse<\/a><\/li>\n<li><a href=\"http:\/\/www.formlab.ca\/A23\/remise-en-forme-pour-tous\/\">Remise en forme pour tous<\/a><\/li>\n<\/ul>\n<h3>Perte de poids rapide<\/h3>\n<ul>\n<li><strong>Br\u00fbler les graisses pour maigrir<\/strong> : Vous souhaitez perdre du poids de durablement? Pourquoi ne pas le faire dans le confort d\u2019un centre \u00e0 la fine pointe de la technologie? Le Centre D\u2019endermologie St-Bruno vous propose les programmes Lipomassage\u2122 et Huber Motion Lab\u2122.<br \/>\nNotre \u00e9quipe \u00e9valuera lequel de ces deux traitements, combin\u00e9s ou de mani\u00e8re s\u00e9par\u00e9e, vous aidera \u00e0 br\u00fbler les graisses le plus rapidement.<\/li>\n<li><strong>Le lipomassage affine la silhouette <\/strong>: La technique de Lipomassage\u2122 par endermologie\u2122 aide \u00e0 maigrir rapidement, naturellement et en douceur. Elle lutte contre la cellulite en combattant l\u2019\u0153d\u00e8me et remod\u00e8le la silhouette. Selon les r\u00e9glages, les effets recherch\u00e9s peuvent \u00eatre drainants, tonifiants ou raffermissants.<br \/>\nCe traitement, particuli\u00e8rement indiqu\u00e9 pour la perte de graisse localis\u00e9e, est efficace d\u00e8s les premi\u00e8res s\u00e9ances.<\/li>\n<li><strong>Renforcer sa musculature :<\/strong>\u00a0Huber Motion Lab\u2122 est un v\u00e9ritable br\u00fbleur de graisses qui permet en m\u00eame temps de renforcer les muscles de la colonne vert\u00e9brale. Le programme Fat Burning associe l\u2019entrainement cardio et la musculation : en trois minutes, l\u2019organisme entre dans la zone maximale de combustion des graisses.<\/li>\n<\/ul>\n<p>Vos mouvements augmentent la tonicit\u00e9 de votre peau, corrigent la posture et allongent la silhouette.<br \/>\n<strong>100% naturel<\/strong><\/p>\n<h3><strong>Am\u00e9liorez vos performances sportives<\/strong><\/h3>\n<p><strong>Un entra\u00eenement de haut niveau pour tous <\/strong>:Le plateau oscillant du Huber Motion Lab\u2122 g\u00e9n\u00e8re une instabilit\u00e9 basse, la colonne mobile une instabilit\u00e9 haute, les poign\u00e9es captent la force, le feedback sur l\u2019\u00e9cran informe. L\u2019enchainement simultan\u00e9 des postures permet \u00e0 toutes les cha\u00eenes musculaires de reprendre leurs fonctions et d\u2019augmenter le m\u00e9tabolisme.<br \/>\nUn entrainement digne de celui d\u2019un sportif de haut niveau qui am\u00e9liore consid\u00e9rablement ses capacit\u00e9s physiques !<\/p>\n<p><strong>Renforcez vos muscles de mani\u00e8re cibl\u00e9e :\u00a0<\/strong>Avec Huber Motion Lab\u2122, vous ciblez un muscle, coordonnez vos mouvements, r\u00e9gulez votre rythme cardiaque. Des programmes complets et sp\u00e9cifiques sont offerts pour plus de 12 disciplines sportives<\/p>\n<ul>\n<li>Soccer<\/li>\n<li>Rugby<\/li>\n<li>Basketball<\/li>\n<li>Tennis<\/li>\n<li>Golf<\/li>\n<li>Patinage de vitesse<\/li>\n<li>Ski<\/li>\n<li>Snowboard<\/li>\n<li>Athl\u00e9tisme<\/li>\n<li>Natation<\/li>\n<li>Boxe<\/li>\n<li>Judo<\/li>\n<\/ul>\n<p>Huber Motion Lab\u2122 peut aussi \u00eatre utilis\u00e9 pour un entrainement pouss\u00e9 dans d\u2019autres pratiques sportives!<\/p>\n<p><strong>Am\u00e9liorez votre swing<\/strong> : Vous n\u2019\u00eates pas satisfait de vos performances au golf? Huber Motion Lab\u2122 vous propose des exercices de golf sur mesure pour travailler la biom\u00e9canique de votre geste. La technologie unique Cible 2D permet de mod\u00e9liser les composants de force pour reproduire et analyser le geste sportif \u00e0 une force et \u00e0 une direction donn\u00e9e.<\/p>\n<p>Pratiquez donc vos coups de d\u00e9part avec Huber Motion Lab\u2122!<br \/>\n<strong>100% naturel<\/strong><\/p>\n<h3><strong>Renforcez et tonifiez votre corps en entier<\/strong><\/h3>\n<p><strong>Renforcez vos abdos <\/strong>: Huber Motion Lab\u2122 am\u00e9liore votre posture et votre silhouette car il vous permet de faire travailler vos abdominaux de mani\u00e8re efficace. En renfor\u00e7ant la sangle abdominale et tout le syst\u00e8me de musculature abdo-lombaire, Huber Motion Lab\u2122 tonifie votre ventre tout en donnant \u00e0 votre silhouette une allure plus \u00e9lanc\u00e9e.<br \/>\nDites Adieu aux exercices de raffermissement abdominal qui se r\u00e9v\u00e8lent toujours inefficaces!<\/p>\n<p><strong>La solution pour tonifier vos fessiers <\/strong>:Vous trouvez vos fesses trop plates, pas assez rebondies ? Vous redoutez l\u2019\u00e9preuve du maillot de bain sur la plage ? Pas de panique, vous allez enfin pouvoir donner forme et volume \u00e0 vos fessiers gr\u00e2ce \u00e0 Huber Motion Lab\u2122. En une seule s\u00e9ance, vos muscles fessiers vont se galber \u00e0 votre enti\u00e8re satisfaction.<br \/>\n<strong>R\u00e9sultats<\/strong> : des fesses tonifi\u00e9es gr\u00e2ce \u00e0 un entra\u00eenement ludique.<\/p>\n<p><strong>Efficace aussi pour un renforcement des muscles des cuisses <\/strong>:Si la graisse rebelle sur vos cuisses est votre pire ennemi, Huber Motion Lab\u2122 est tout indiqu\u00e9 pour vous. En moins de 3 minutes, l\u2019organisme entre dans la zone maximale de combustion des graisses. Les diff\u00e9rents exercices vous permettent de sculpter vos cuisses et de diminuer votre tour de cuisse de fa\u00e7on spectaculaire.<br \/>\nEn quelques s\u00e9ances, vous remarquerez que vous perdez des centim\u00e8tres.<br \/>\n100% naturel<\/p>\n<h3><strong>Gagnez en souplesse<\/strong><\/h3>\n<p><strong>Termin\u00e9 les muscles endoloris <\/strong>:Le travail physique r\u00e9alis\u00e9 gr\u00e2ce au Huber Motion Lab\u2122 augmente r\u00e9ellement la tonicit\u00e9 et la souplesse. Les exercices de coordination motrice qui sont propos\u00e9s s\u2019adressent particuli\u00e8rement aux personnes qui souhaitent am\u00e9liorer leur flexibilit\u00e9 musculaire. En position assise ou debout sur la plateforme, il vous suffit de suivre la progression des exercices qui apparaissent sur l\u2019\u00e9cran. Vous retrouvez ainsi force et souplesse en toute s\u00e9curit\u00e9.<\/p>\n<p><strong>\u00a0Souplesse et bien-\u00eatre <\/strong>:Une mauvaise posture au bureau, de longs moments assis dans l\u2019auto, des sacs d\u2019\u00e9picerie lourds \u00e0 transporter. Tous ces gestes de la vie quotidienne p\u00e8sent sur notre posture. Avec Huber Motion Lab\u2122, vous allez enfin assouplir vos articulations et vous d\u00e9barrasser des tensions pour acc\u00e9der \u00e0 un bien-\u00eatre global.<\/p>\n<p><strong>R\u00e9sultats<\/strong> : Un meilleur \u00e9quilibre musculaire qui vous fera vous sentir en forme.<\/p>\n<p><strong>Exercices d&rsquo;\u00e9tirements plus efficaces et moins douloureux <\/strong>:Les exercices de flexibilit\u00e9 et d\u2019\u00e9quilibre propos\u00e9s par Huber Motion Lab\u2122 permettent de r\u00e9\u00e9duquer l\u2019ensemble de votre corps pour qu\u2019il retrouve son \u00e9quilibre. Gr\u00e2ce aux diff\u00e9rents exercices de flexibilit\u00e9 propos\u00e9s, vous allez soulager vos tensions. Votre dos, vos membres sup\u00e9rieurs et inf\u00e9rieurs sont sollicit\u00e9s en douceur dans le cadre d\u2019un effort dos\u00e9 et progressif sous supervision d\u2019un professionnel\u00a0<strong>100% naturel<\/strong><\/p>\n<h3><strong>\u00c0 l\u2019avant-garde de la mise en forme<\/strong><\/h3>\n<p><strong>Une machine innovante <\/strong>:Bas\u00e9e sur une technologie innovante, Huber Motion Lab\u2122 est un v\u00e9ritable laboratoire du mouvement humain qui propose des exercices pour am\u00e9liorer vos capacit\u00e9s physiques, sculpter votre silhouette tout en corrigeant votre posture. Cette machine est la derni\u00e8re-n\u00e9e de la famille LPG. Elle pr\u00e9sente de nombreuses am\u00e9liorations en comparaison \u00e0 son pr\u00e9d\u00e9cesseur, le SpineForce, qui se concentrait essentiellement sur le dos.<\/p>\n<p><strong>Des exercices pour tous <\/strong>: Que vous cherchiez \u00e0 am\u00e9liorer votre sant\u00e9, reprendre contr\u00f4le de votre corps ou augmenter vos performances sportives, Huber Motion Lab\u2122 est fait pour vous. Chez FormLab, notre but est d\u2019offrir les meilleurs services \u00e0 nos clients et c\u2019est pour cela que nous proposons des \u00e9quipements \u00e0 la fine pointe de la technologie.<br \/>\nParce que votre satisfaction est notre priorit\u00e9.<\/p>\n<p><strong>Un maximum d&rsquo;avantages <\/strong>:Huber Motion Lab\u2122, c\u2019est un ensemble d\u2019exercices en 3 dimensions uniques au monde. Tout votre corps stimul\u00e9 retrouve sa tonicit\u00e9. Toutes les chaines musculaires se remettent en marche, votre corps entier se gaine!<br \/>\nLes exercices de remise en forme que vous avez effectu\u00e9s par le pass\u00e9 se sont r\u00e9v\u00e9l\u00e9s inefficaces! Essayez Huber Motion Lab\u2122, vous ne serez pas d\u00e9\u00e7us\u00a0<strong>100% naturel<\/strong><\/p>\n<h4 style=\"text-align: center;\"><\/h4>\n<p>[\/vc_column_text][\/vc_column][\/vc_row][vc_row][vc_column][vc_column_text]<strong>PRENDRE VOTRE RENDEZ-VOUS EN CLIQUANT ICI<\/strong> :<\/p>\n<div class=\"gorendezvous-button\" data-professionalpagename=\"formlab\" data-bookingwidgeturlparams=\"companyId=101752\" data-language=\"fr\" data-label=\"Prendre un rendez-vous\" data-url=\"https:\/\/www.gorendezvous.com\/\" data-buttoncolor=\"GOrendezvous\" data-width=\"undefined\" data-height=\"undefined\"><a href=\"https:\/\/www.gorendezvous.com\/formlab?companyId=101752\" target=\"GOrendezvous\" rel=\"noopener\">Prendre un rendez-vous<\/a><\/div>\n<p><script>!function (d, s) { var js, sid = \"gorendezvous-bookingwidget-script\"; var sEl = d.getElementById(sid); if(sEl) { sEl.parentNode.removeChild(sEl); } js = d.createElement(s); js.id = sid; js.src = \"https:\/\/www.gorendezvous.com\/Scripts\/gorendezvous.bookingWidgetV2.min.js?v=\" + (Math.floor(new Date().getTime()\/(1000*60*30))*(1000*60*30)).toString(); d.body.appendChild(js); } (document, \"script\");<\/script>[\/vc_column_text][\/vc_column][\/vc_row][vc_row][vc_column][vc_column_text]<\/p>\n<h3 style=\"text-align: center;\"><strong>Huber Motion Lab<\/strong><\/h3>\n<p>[\/vc_column_text][vc_single_image image=\u00a0\u00bb339&Prime; img_size=\u00a0\u00bb650&#215;850&Prime;][\/vc_column][\/vc_row]<\/p>\n<\/div>","protected":false},"excerpt":{"rendered":"<p>[vc_row][vc_column][vc_column_text] Huber Motion Lab [\/vc_column_text][\/vc_column][\/vc_row][vc_row][vc_column][vc_column_text] HUBER MOTION LAB Huber Motion Lab\u2122 Bas\u00e9e sur une technologie innovante, Huber Motion Lab\u2122 est un v\u00e9ritable laboratoire du mouvement humain qui propose des exercices pour am\u00e9liorer vos capacit\u00e9s physiques, sculpter votre silhouette tout en corrigeant votre posture. Cette machine est la derni\u00e8re-n\u00e9e de la famille LPG. Elle pr\u00e9sente de&hellip;<\/p>\n","protected":false},"author":1,"featured_media":0,"parent":0,"menu_order":0,"comment_status":"closed","ping_status":"closed","template":"","meta":[],"_links":{"self":[{"href":"http:\/\/www.formlab.ca\/A23\/wp-json\/wp\/v2\/pages\/78"}],"collection":[{"href":"http:\/\/www.formlab.ca\/A23\/wp-json\/wp\/v2\/pages"}],"about":[{"href":"http:\/\/www.formlab.ca\/A23\/wp-json\/wp\/v2\/types\/page"}],"author":[{"embeddable":true,"href":"http:\/\/www.formlab.ca\/A23\/wp-json\/wp\/v2\/users\/1"}],"replies":[{"embeddable":true,"href":"http:\/\/www.formlab.ca\/A23\/wp-json\/wp\/v2\/comments?post=78"}],"version-history":[{"count":22,"href":"http:\/\/www.formlab.ca\/A23\/wp-json\/wp\/v2\/pages\/78\/revisions"}],"predecessor-version":[{"id":1215,"href":"http:\/\/www.formlab.ca\/A23\/wp-json\/wp\/v2\/pages\/78\/revisions\/1215"}],"wp:attachment":[{"href":"http:\/\/www.formlab.ca\/A23\/wp-json\/wp\/v2\/media?parent=78"}],"curies":[{"name":"wp","href":"https:\/\/api.w.org\/{rel}","templated":true}]}}