{"id":794,"date":"2023-05-18T14:01:45","date_gmt":"2023-05-18T18:01:45","guid":{"rendered":"http:\/\/www.formlab.ca\/A23\/?page_id=794"},"modified":"2023-07-13T12:45:48","modified_gmt":"2023-07-13T16:45:48","slug":"bloomea","status":"publish","type":"page","link":"http:\/\/www.formlab.ca\/A23\/bloomea\/","title":{"rendered":"Bloomea"},"content":{"rendered":"<div class=\"wpb-content-wrapper\"><p>[vc_row][vc_column][vc_column_text]<\/p>\n<h2><strong>Bloomea<\/strong><\/h2>\n<p>[\/vc_column_text][\/vc_column][\/vc_row][vc_row][vc_column][vc_column_text]<\/p>\n<h3 style=\"text-align: left;\">Nouveau soin &#8211; Bloomea<\/h3>\n<p>\u00c0 l\u2019origine, c\u2019est en cherchant un proc\u00e9d\u00e9 pour estomper les cicatrices post op\u00e9ratoires, que des chirurgiens esth\u00e9tiques fran\u00e7ais ont d\u00e9velopp\u00e9, il y a plus de 10 ans, le premier appareil de Macro-exfoliation par oscillations (non-m\u00e9dical). Un appareil efficace, inoffensif et indolore qui pouvait \u00eatre utilis\u00e9 dans un cabinet.<\/p>\n<h3>Bloomea<\/h3>\n<p>Le traitement Bloomea pour le visage, est une m\u00e9thode non-invasive qui utilise une technologie d&rsquo;exfoliation et de resurfa\u00e7age de la peau pour am\u00e9liorer son apparence. Le traitement est bas\u00e9 sur l&rsquo;utilisation de t\u00eates de traitement brevet\u00e9es, qui permettent d&rsquo;exfolier les couches superficielles de la peau tout en stimulant la r\u00e9g\u00e9n\u00e9ration cellulaire. Ce traitement peut \u00eatre utilis\u00e9 pour traiter une vari\u00e9t\u00e9 de probl\u00e8mes de peau :<\/p>\n<ul>\n<li>Les taches pigmentaires<\/li>\n<li>Les rides, les ridules<\/li>\n<li>Les cicatrices d&rsquo;acn\u00e9<\/li>\n<li>Les pores dilat\u00e9s<\/li>\n<li>La peau terne et irr\u00e9guli\u00e8re<\/li>\n<\/ul>\n<h4>Les b\u00e9n\u00e9fices du traitement Bloomea pour le visage sont :<\/h4>\n<ol>\n<li>R\u00e9g\u00e9n\u00e9ration de la peau : stimule la r\u00e9g\u00e9n\u00e9ration cellulaire de la peau, en am\u00e9liorant sa texture et son \u00e9clat naturel.<\/li>\n<li>R\u00e9duction des rides et des ridules : la macro-exfoliation aide \u00e0 stimuler la production de collag\u00e8ne et d&rsquo;\u00e9lastine (jusqu&rsquo;a 20% d&rsquo;augmentation apr\u00e8s 4 s\u00e9ances), ce qui peut r\u00e9duire l&rsquo;apparence des rides et des ridules.<\/li>\n<li>Att\u00e9nuation des taches pigmentaires : Il peut aider \u00e0 r\u00e9duire l&rsquo;apparence des taches pigmentaires en \u00e9liminant les cellules mortes de la peau qui contiennent de la m\u00e9lanine.<\/li>\n<li>R\u00e9duction des pores dilat\u00e9s : peut aussi aider \u00e0 d\u00e9boucher les pores, ce qui peut r\u00e9duire leur apparence et am\u00e9liorer la texture de la peau<\/li>\n<li>Am\u00e9lioration de la circulation sanguine : Va am\u00e9liorer la circulation sanguine de la peau, ce qui peut stimuler la r\u00e9g\u00e9n\u00e9ration cellulaire et am\u00e9liorer l&rsquo;apparence globale de la peau.<\/li>\n<li>Am\u00e9lioration des cicatrices et cicatrices d&rsquo;acn\u00e9 Bloomea peut aussi cibler les cicatrices post-op\u00e9ratoires, les cicatrices d&rsquo;acn\u00e9, l&rsquo;hyperpigmentation (masque de grossesse), les ridules et rides profondes, les vergetures, et bien plus !<\/li>\n<\/ol>\n<p><strong>Probl\u00e9matiques vis\u00e9es pour le Visage<\/strong> : * Rides et ridules profondes * Pores dilat\u00e9s * Cicatrices au visage * Cicatrices d\u2019acn\u00e9 * Taches de soleil.[\/vc_column_text][\/vc_column][\/vc_row][vc_row][vc_column][vc_column_text]<strong>PRENDRE VOTRE RENDEZ-VOUS EN CLIQUANT ICI<\/strong> :<\/p>\n<div class=\"gorendezvous-button\" data-professionalpagename=\"formlab\" data-bookingwidgeturlparams=\"companyId=101752\" data-language=\"fr\" data-label=\"Prendre un rendez-vous\" data-url=\"https:\/\/www.gorendezvous.com\/\" data-buttoncolor=\"GOrendezvous\" data-width=\"undefined\" data-height=\"undefined\"><a href=\"https:\/\/www.gorendezvous.com\/formlab?companyId=101752\" target=\"GOrendezvous\" rel=\"noopener\">Prendre un rendez-vous<\/a><\/div>\n<p><script>!function (d, s) { var js, sid = \"gorendezvous-bookingwidget-script\"; var sEl = d.getElementById(sid); if(sEl) { sEl.parentNode.removeChild(sEl); } js = d.createElement(s); js.id = sid; js.src = \"https:\/\/www.gorendezvous.com\/Scripts\/gorendezvous.bookingWidgetV2.min.js?v=\" + (Math.floor(new Date().getTime()\/(1000*60*30))*(1000*60*30)).toString(); d.body.appendChild(js); } (document, \"script\");<\/script>[\/vc_column_text][\/vc_column][\/vc_row][vc_row][vc_column][vc_column_text]<\/p>\n<h3 style=\"text-align: center;\"><strong>Bloomea pour le visage<\/strong><\/h3>\n<p>[\/vc_column_text][vc_single_image image=\u00a0\u00bb1191&Prime; img_size=\u00a0\u00bb850&#215;650&Prime;][\/vc_column][\/vc_row]<\/p>\n<\/div>","protected":false},"excerpt":{"rendered":"<p>[vc_row][vc_column][vc_column_text] Bloomea [\/vc_column_text][\/vc_column][\/vc_row][vc_row][vc_column][vc_column_text] Nouveau soin &#8211; Bloomea \u00c0 l\u2019origine, c\u2019est en cherchant un proc\u00e9d\u00e9 pour estomper les cicatrices post op\u00e9ratoires, que des chirurgiens esth\u00e9tiques fran\u00e7ais ont d\u00e9velopp\u00e9, il y a plus de 10 ans, le premier appareil de Macro-exfoliation par oscillations (non-m\u00e9dical). Un appareil efficace, inoffensif et indolore qui pouvait \u00eatre utilis\u00e9 dans un cabinet.&hellip;<\/p>\n","protected":false},"author":1,"featured_media":796,"parent":0,"menu_order":0,"comment_status":"closed","ping_status":"closed","template":"","meta":[],"_links":{"self":[{"href":"http:\/\/www.formlab.ca\/A23\/wp-json\/wp\/v2\/pages\/794"}],"collection":[{"href":"http:\/\/www.formlab.ca\/A23\/wp-json\/wp\/v2\/pages"}],"about":[{"href":"http:\/\/www.formlab.ca\/A23\/wp-json\/wp\/v2\/types\/page"}],"author":[{"embeddable":true,"href":"http:\/\/www.formlab.ca\/A23\/wp-json\/wp\/v2\/users\/1"}],"replies":[{"embeddable":true,"href":"http:\/\/www.formlab.ca\/A23\/wp-json\/wp\/v2\/comments?post=794"}],"version-history":[{"count":7,"href":"http:\/\/www.formlab.ca\/A23\/wp-json\/wp\/v2\/pages\/794\/revisions"}],"predecessor-version":[{"id":1222,"href":"http:\/\/www.formlab.ca\/A23\/wp-json\/wp\/v2\/pages\/794\/revisions\/1222"}],"wp:featuredmedia":[{"embeddable":true,"href":"http:\/\/www.formlab.ca\/A23\/wp-json\/wp\/v2\/media\/796"}],"wp:attachment":[{"href":"http:\/\/www.formlab.ca\/A23\/wp-json\/wp\/v2\/media?parent=794"}],"curies":[{"name":"wp","href":"https:\/\/api.w.org\/{rel}","templated":true}]}}