{"id":822,"date":"2023-05-18T15:34:02","date_gmt":"2023-05-18T19:34:02","guid":{"rendered":"http:\/\/www.formlab.ca\/A23\/?page_id=822"},"modified":"2025-02-11T15:20:13","modified_gmt":"2025-02-11T20:20:13","slug":"soins-medicaux","status":"publish","type":"page","link":"http:\/\/www.formlab.ca\/A23\/soins-medicaux\/","title":{"rendered":"Soins m\u00e9dicaux"},"content":{"rendered":"<div class=\"wpb-content-wrapper\"><p>[vc_row][vc_column][vc_column_text]<\/p>\n<h2><strong>Soins m\u00e9dicaux<\/strong><\/h2>\n<p>[\/vc_column_text][\/vc_column][\/vc_row][vc_row][vc_column][vc_column_text css=\u00a0\u00bb\u00a0\u00bb]<\/p>\n<h3 style=\"text-align: left;\">Autres soins m\u00e9dicaux<\/h3>\n<h4>Autres soins m\u00e9dicaux offerts au centre Formlab :<\/h4>\n<ol>\n<li>Drainage m\u00e9dical<\/li>\n<li>Endermologie m\u00e9dicale<\/li>\n<li>Recalibration Neuro<\/li>\n<li>Correction posturale<\/li>\n<\/ol>\n<p>[\/vc_column_text][\/vc_column][\/vc_row][vc_row][vc_column][vc_column_text]<strong>PRENDRE VOTRE RENDEZ-VOUS EN CLIQUANT ICI<\/strong> :<\/p>\n<div class=\"gorendezvous-button\" data-professionalpagename=\"formlab\" data-bookingwidgeturlparams=\"companyId=101752\" data-language=\"fr\" data-label=\"Prendre un rendez-vous\" data-url=\"https:\/\/www.gorendezvous.com\/\" data-buttoncolor=\"GOrendezvous\" data-width=\"undefined\" data-height=\"undefined\"><a href=\"https:\/\/www.gorendezvous.com\/formlab?companyId=101752\" target=\"GOrendezvous\" rel=\"noopener\">Prendre un rendez-vous<\/a><\/div>\n<p><script>!function (d, s) { var js, sid = \"gorendezvous-bookingwidget-script\"; var sEl = d.getElementById(sid); if(sEl) { sEl.parentNode.removeChild(sEl); } js = d.createElement(s); js.id = sid; js.src = \"https:\/\/www.gorendezvous.com\/Scripts\/gorendezvous.bookingWidgetV2.min.js?v=\" + (Math.floor(new Date().getTime()\/(1000*60*30))*(1000*60*30)).toString(); d.body.appendChild(js); } (document, \"script\");<\/script>[\/vc_column_text][\/vc_column][\/vc_row]<\/p>\n<\/div>","protected":false},"excerpt":{"rendered":"<p>[vc_row][vc_column][vc_column_text] Soins m\u00e9dicaux [\/vc_column_text][\/vc_column][\/vc_row][vc_row][vc_column][vc_column_text css=\u00a0\u00bb\u00a0\u00bb] Autres soins m\u00e9dicaux Autres soins m\u00e9dicaux offerts au centre Formlab : Drainage m\u00e9dical Endermologie m\u00e9dicale Recalibration Neuro Correction posturale [\/vc_column_text][\/vc_column][\/vc_row][vc_row][vc_column][vc_column_text]PRENDRE VOTRE RENDEZ-VOUS EN CLIQUANT ICI : Prendre un rendez-vous [\/vc_column_text][\/vc_column][\/vc_row]<\/p>\n","protected":false},"author":1,"featured_media":0,"parent":0,"menu_order":0,"comment_status":"closed","ping_status":"closed","template":"","meta":[],"_links":{"self":[{"href":"http:\/\/www.formlab.ca\/A23\/wp-json\/wp\/v2\/pages\/822"}],"collection":[{"href":"http:\/\/www.formlab.ca\/A23\/wp-json\/wp\/v2\/pages"}],"about":[{"href":"http:\/\/www.formlab.ca\/A23\/wp-json\/wp\/v2\/types\/page"}],"author":[{"embeddable":true,"href":"http:\/\/www.formlab.ca\/A23\/wp-json\/wp\/v2\/users\/1"}],"replies":[{"embeddable":true,"href":"http:\/\/www.formlab.ca\/A23\/wp-json\/wp\/v2\/comments?post=822"}],"version-history":[{"count":6,"href":"http:\/\/www.formlab.ca\/A23\/wp-json\/wp\/v2\/pages\/822\/revisions"}],"predecessor-version":[{"id":1293,"href":"http:\/\/www.formlab.ca\/A23\/wp-json\/wp\/v2\/pages\/822\/revisions\/1293"}],"wp:attachment":[{"href":"http:\/\/www.formlab.ca\/A23\/wp-json\/wp\/v2\/media?parent=822"}],"curies":[{"name":"wp","href":"https:\/\/api.w.org\/{rel}","templated":true}]}}