{"id":824,"date":"2023-05-18T15:38:14","date_gmt":"2023-05-18T19:38:14","guid":{"rendered":"http:\/\/www.formlab.ca\/A23\/?page_id=824"},"modified":"2023-07-13T11:29:54","modified_gmt":"2023-07-13T15:29:54","slug":"bloomea-corps","status":"publish","type":"page","link":"http:\/\/www.formlab.ca\/A23\/bloomea-corps\/","title":{"rendered":"Bloomea corps"},"content":{"rendered":"<div class=\"wpb-content-wrapper\"><p>[vc_row][vc_column][vc_column_text]<\/p>\n<h2><strong>Bloomea corps<\/strong><\/h2>\n<p>[\/vc_column_text][\/vc_column][\/vc_row][vc_row][vc_column][vc_column_text]<\/p>\n<h3 style=\"text-align: left;\">Bloomea pour le corps<\/h3>\n<p>Le soin Bloomea pour le corps est une technique de soin de la peau qui utilise un dispositif de microdermabrasion pour exfolier la peau et stimuler la r\u00e9g\u00e9n\u00e9ration cellulaire. Cette technique est utilis\u00e9e pour am\u00e9liorer la texture de la peau, r\u00e9duire l&rsquo;apparence des imperfections et des cicatrices, et am\u00e9liorer la circulation sanguine.<\/p>\n<h3>Les avantages du soin Bloomea pour le corps incluent :<\/h3>\n<ul>\n<li>R\u00e9duction de l&rsquo;apparence des cicatrices, des vergetures et des taches pigmentaires<\/li>\n<li>Am\u00e9lioration de la texture et de la luminosit\u00e9 de la peau<\/li>\n<li>R\u00e9duction de la cellulite et de la peau d&rsquo;orange<\/li>\n<li>Am\u00e9lioration de la circulation sanguine et lymphatique<\/li>\n<\/ul>\n<p>Le soin Bloomea pour le corps peut \u00eatre utilis\u00e9 sur diff\u00e9rentes parties du corps, y compris les bras, les jambes, le ventre, les fesses et le dos. Il peut \u00eatre particuli\u00e8rement efficace sur les zones o\u00f9 la peau est rugueuse ou a une texture in\u00e9gale, comme les cuisses et les fesses.[\/vc_column_text][\/vc_column][\/vc_row][vc_row][vc_column][vc_column_text]<strong>PRENDRE VOTRE RENDEZ-VOUS EN CLIQUANT ICI<\/strong> :<\/p>\n<div class=\"gorendezvous-button\" data-professionalpagename=\"formlab\" data-bookingwidgeturlparams=\"companyId=101752\" data-language=\"fr\" data-label=\"Prendre un rendez-vous\" data-url=\"https:\/\/www.gorendezvous.com\/\" data-buttoncolor=\"GOrendezvous\" data-width=\"undefined\" data-height=\"undefined\"><a href=\"https:\/\/www.gorendezvous.com\/formlab?companyId=101752\" target=\"GOrendezvous\" rel=\"noopener\">Prendre un rendez-vous<\/a><\/div>\n<p><script>!function (d, s) { var js, sid = \"gorendezvous-bookingwidget-script\"; var sEl = d.getElementById(sid); if(sEl) { sEl.parentNode.removeChild(sEl); } js = d.createElement(s); js.id = sid; js.src = \"https:\/\/www.gorendezvous.com\/Scripts\/gorendezvous.bookingWidgetV2.min.js?v=\" + (Math.floor(new Date().getTime()\/(1000*60*30))*(1000*60*30)).toString(); d.body.appendChild(js); } (document, \"script\");<\/script>[\/vc_column_text][\/vc_column][\/vc_row][vc_row][vc_column][vc_column_text]<\/p>\n<h3 style=\"text-align: center;\"><strong>Bloomea pour le corps<\/strong><\/h3>\n<p>[\/vc_column_text][vc_single_image image=\u00a0\u00bb1194&Prime; img_size=\u00a0\u00bb650&#215;850&Prime;][\/vc_column][\/vc_row]<\/p>\n<\/div>","protected":false},"excerpt":{"rendered":"<p>[vc_row][vc_column][vc_column_text] Bloomea corps [\/vc_column_text][\/vc_column][\/vc_row][vc_row][vc_column][vc_column_text] Bloomea pour le corps Le soin Bloomea pour le corps est une technique de soin de la peau qui utilise un dispositif de microdermabrasion pour exfolier la peau et stimuler la r\u00e9g\u00e9n\u00e9ration cellulaire. Cette technique est utilis\u00e9e pour am\u00e9liorer la texture de la peau, r\u00e9duire l&rsquo;apparence des imperfections et des cicatrices,&hellip;<\/p>\n","protected":false},"author":1,"featured_media":0,"parent":0,"menu_order":0,"comment_status":"closed","ping_status":"closed","template":"","meta":[],"_links":{"self":[{"href":"http:\/\/www.formlab.ca\/A23\/wp-json\/wp\/v2\/pages\/824"}],"collection":[{"href":"http:\/\/www.formlab.ca\/A23\/wp-json\/wp\/v2\/pages"}],"about":[{"href":"http:\/\/www.formlab.ca\/A23\/wp-json\/wp\/v2\/types\/page"}],"author":[{"embeddable":true,"href":"http:\/\/www.formlab.ca\/A23\/wp-json\/wp\/v2\/users\/1"}],"replies":[{"embeddable":true,"href":"http:\/\/www.formlab.ca\/A23\/wp-json\/wp\/v2\/comments?post=824"}],"version-history":[{"count":11,"href":"http:\/\/www.formlab.ca\/A23\/wp-json\/wp\/v2\/pages\/824\/revisions"}],"predecessor-version":[{"id":1214,"href":"http:\/\/www.formlab.ca\/A23\/wp-json\/wp\/v2\/pages\/824\/revisions\/1214"}],"wp:attachment":[{"href":"http:\/\/www.formlab.ca\/A23\/wp-json\/wp\/v2\/media?parent=824"}],"curies":[{"name":"wp","href":"https:\/\/api.w.org\/{rel}","templated":true}]}}