{"id":91,"date":"2016-11-16T17:47:15","date_gmt":"2016-11-16T16:47:15","guid":{"rendered":"http:\/\/www.espace-bbta.com\/sophieshop\/?page_id=91"},"modified":"2023-05-21T14:35:47","modified_gmt":"2023-05-21T18:35:47","slug":"aide-aux-conditions-chroniques","status":"publish","type":"page","link":"http:\/\/www.formlab.ca\/A23\/aide-aux-conditions-chroniques\/","title":{"rendered":"Aide aux conditions chroniques"},"content":{"rendered":"<p><img decoding=\"async\" loading=\"lazy\" class=\"aligncenter size-full wp-image-333\" src=\"http:\/\/www.formlab.ca\/A23\/wp-content\/uploads\/2016\/11\/endermologie-1.jpg\" alt=\"endermologie\" width=\"740\" height=\"493\" srcset=\"http:\/\/www.formlab.ca\/A23\/wp-content\/uploads\/2016\/11\/endermologie-1.jpg 740w, http:\/\/www.formlab.ca\/A23\/wp-content\/uploads\/2016\/11\/endermologie-1-600x400.jpg 600w, http:\/\/www.formlab.ca\/A23\/wp-content\/uploads\/2016\/11\/endermologie-1-300x200.jpg 300w\" sizes=\"(max-width: 740px) 100vw, 740px\" \/><br \/>\nChez FormLab, nous avons votre sant\u00e9 et votre bien-\u00eatre \u00e0 coeur c\u2019est pourquoi nous offrons des soins et nous utilisons des techniques qui peuvent grandement am\u00e9liorer votre qualit\u00e9 de vie si vous souffrez d\u2019une maladie chronique.<br \/>\nGr\u00e2ce \u00e0 nos appareils technologiques nous sommes en mesure d\u2019atteindre plus en profondeur qu\u2019avec un traitement manuel, les causes et maux associ\u00e9es aux maladies dites chroniques comme la : scl\u00e9rose en plaques, le diab\u00e8te, la fibromyalgie, etc. Avec nos m\u00e9thodes et notre technologie nous pouvons vous offrir un soulagement, une pause dans le but de vous aider \u00e0 retrouver un meilleur sommeil et une meilleure qualit\u00e9 de vie.<\/p>\n<h4 style=\"text-align: center;\">Voici les soins que nous vous proposons si vous souffrez<br \/>\nd&rsquo;une de ces maladies chroniques<\/h4>\n<p class=\"vc_tta-panel-title vc_tta-controls-icon-position-left\"><span class=\"vc_tta-title-text\"><strong>Scl\u00e9rose en plaques<\/strong><br \/>\nLe massage technique et sp\u00e9cialis\u00e9 dans les cas de scl\u00e9rose en plaques r\u00e9duit les spasmes musculaires, les tremblements, les maux de dos, les troubles intestinaux (constipation), les fourmillements, la d\u00e9sensibilisation. En plus d\u2019aider \u00e0 retrouver un meilleur sommeil, il am\u00e9liore l\u2019humeur et par le fait m\u00eame la qualit\u00e9 de vie en g\u00e9n\u00e9ral.<\/span><\/p>\n<p class=\"vc_tta-panel-title vc_tta-controls-icon-position-left\"><strong>Fibromyalgie<br \/>\n<\/strong>Cette maladie, de plus en plus r\u00e9pandue et souvent m\u00e9connue, affecte beaucoup la qualit\u00e9 de vie de ceux et celles qui en souffrent. Les sympt\u00f4mes associ\u00e9s le plus souvent \u00e0 la fibromyalgie sont : de la fatigue, des troubles du sommeil, des troubles de la concentration, des maux de t\u00eate, des douleurs musculaires aigu\u00ebs, des raideurs, des picotements, des engourdissements pour ne nommer que ceux-l\u00e0. La fibromyalgie est un syndrome caract\u00e9ris\u00e9 par des douleurs diffuses dans tout le corps, comme nous savons que les moments de crises ne sont jamais pareils pour cette raiosn nous sommes heureux de pouvoir vous offrir un traitement efficace pour vous aider \u00e0 calmer et soulager vos crises.<\/p>\n<p><strong>Diab\u00e8te<\/strong><br \/>\nComme l\u2019hyperglyc\u00e9mie endommage les vaisseaux sanguins et les nerfs, la circulation sanguine est affect\u00e9 ce qui cause \u00e0 plus ou moins long terme des troubles circulatoires aux extr\u00e9mit\u00e9s. Ces troubles de la circulation causent de la douleur, des picotements et des engourdissements. D\u2019autres probl\u00e8mes peuvent engendrer d\u2019autres maux, par exemple une prise de poids caus\u00e9e par une gestion des sucres alt\u00e9r\u00e9e. L\u2019exercice devient donc de plus en plus difficile \u00e0 cause des douleurs dans les jambes. Un cercle vicieux apparait douleur aux jambes, moins d\u2019exercice et prise de poids. Avec notre technologies, nous sommes en mesure de faciliter la circulation et le confort dans les jambes et d\u2019aider au destockage des graisses dans le but de vous aider et garder ou \u00e0 retrouver une certaine mobilit\u00e9.<\/p>\n<p class=\"vc_tta-panel-title vc_tta-controls-icon-position-left\"><span class=\"vc_tta-title-text\"><strong>Syndrome des jambes impatientes<\/strong><br \/>\nCertains disent que c\u2019est le syst\u00e8me nerveux central, d\u2019autres disent que c\u2019est un trouble circulatoire, dans les deux cas, ce syndrome affecte \u00e9norm\u00e9ment le sommeil de ceux et celles qui en souffrent. Notre traitement pour ce syndrome vous donnera l\u00e9g\u00e8ret\u00e9 et am\u00e9liorera vos nuits pendant plusieurs jours voir m\u00eame des semaines.<\/span><\/p>\n<p><strong><span class=\"vc_tta-title-text\">Insuffisances veineuses et jambes lourdes<br \/>\n<\/span><\/strong>L\u2019insuffisance veineuse est caract\u00e9ris\u00e9e par une alt\u00e9ration des valvules, sortes de petits clapets qui emp\u00eachent normalement le sang de redescendre dans les jambes. Lorsque ces valvules ne sont plus \u00e9tanches, le sang reflue vers le bas et notamment dans les petites veines, on parle alors de stase veineuse. Cette stagnation sanguine entra\u00eene un affaiblissement global de la paroi des veines. Les sympt\u00f4mes les plus fr\u00e9quents sont : Les fourmillements ou les lourdeurs dans les jambes.<br \/>\nNous avons une action 6 \u00e0 7 fois plus profonde avec notre technologie que les m\u00e9thodes plus traditionnelles. Pour vous aider \u00e0 soulager ces sympt\u00f4mes notre technologie est tr\u00e8s efficace, un traitement et vous sentirez les r\u00e9sultats et un soulagement presque instentan\u00e9!<\/p>\n<p><strong><span class=\"vc_tta-title-text\">Lymphoed\u00e8me et r\u00e9tention d\u2019eau<br \/>\n<\/span><\/strong><span class=\"vc_tta-title-text\">Le lymph\u0153d\u00e8me est une forme de r\u00e9tention d\u2019eau qui se traduit par un \u0153d\u00e8me (c\u2019est-\u00e0-dire un gonflement) du pied, de la cheville ou de la jambe. Ses deux principaux signes cliniques sont l\u2019atteinte des orteils et la pr\u00e9sence de plis cutan\u00e9s, notamment au niveau des mall\u00e9oles \u00e0 la cheville. Il y a plusieurs \u00e9tudes qui prouvent que l\u2019endermotherapie r\u00e9duit l\u2019enflure et est donc tr\u00e8s efficace. Pendant le traitement, il est tr\u00e8s fr\u00e9quent que nos clientes perdent plusieurs centim\u00e8tres d\u2019enflure avant m\u00eame d\u2019avoir quitt\u00e9 le centre.<\/span><\/p>\n<p><strong>Cicatrices<\/strong><br \/>\nIl est connu que les cicatrices font des adh\u00e9rences ce qui peut affect\u00e9 votre posture et peut causer des tensions. Gr\u00e2ce \u00e0 l\u2019endermologie nous sommes capable d\u2019aider votre corps \u00e0 cr\u00e9er de nouveaux vaiseaux sains pour lui permettre de se remettre plus rapidement d\u2019une chirurgie et de faire en sorte que la cicatrice soit le moins visible possible. Avec ce traitement, une amelioration des cicatrices plus vieilles au niveau des adh\u00e9rences pourra \u00eatre faite, mais pas au niveau esth\u00e9tique. Que ce soit \u00e0 cause d\u2019un cancer, d\u2019un accident, d\u2019une chirurgie m\u00e9dicale ou esthetique les r\u00e9sultats de ce traitement sont impressionnants.<\/p>\n<p><strong>PRENDRE VOTRE RENDEZ-VOUS EN CLIQUANT SUR LE LIEN SUIVANT<\/strong> :<\/p>\n<div class=\"gorendezvous-button\" data-professionalpagename=\"formlab\" data-bookingwidgeturlparams=\"companyId=101752\" data-language=\"fr\" data-label=\"Prendre un rendez-vous\" data-url=\"https:\/\/www.gorendezvous.com\/\" data-buttoncolor=\"GOrendezvous\" data-width=\"undefined\" data-height=\"undefined\"><a href=\"https:\/\/www.gorendezvous.com\/formlab?companyId=101752\" target=\"GOrendezvous\">Prendre un rendez-vous<\/a><\/div>\n<p><script>!function (d, s) { var js, sid = \"gorendezvous-bookingwidget-script\"; var sEl = d.getElementById(sid); if(sEl) { sEl.parentNode.removeChild(sEl); } js = d.createElement(s); js.id = sid; js.src = \"https:\/\/www.gorendezvous.com\/Scripts\/gorendezvous.bookingWidgetV2.min.js?v=\" + (Math.floor(new Date().getTime()\/(1000*60*30))*(1000*60*30)).toString(); d.body.appendChild(js); } (document, \"script\");<\/script>&nbsp;<\/p>\n<p class=\"vc_tta-panel-title vc_tta-controls-icon-position-left\">\n","protected":false},"excerpt":{"rendered":"<p>Chez FormLab, nous avons votre sant\u00e9 et votre bien-\u00eatre \u00e0 coeur c\u2019est pourquoi nous offrons des soins et nous utilisons des techniques qui peuvent grandement am\u00e9liorer votre qualit\u00e9 de vie si vous souffrez d\u2019une maladie chronique. Gr\u00e2ce \u00e0 nos appareils technologiques nous sommes en mesure d\u2019atteindre plus en profondeur qu\u2019avec un traitement manuel, les causes&hellip;<\/p>\n","protected":false},"author":1,"featured_media":0,"parent":0,"menu_order":0,"comment_status":"closed","ping_status":"closed","template":"","meta":[],"_links":{"self":[{"href":"http:\/\/www.formlab.ca\/A23\/wp-json\/wp\/v2\/pages\/91"}],"collection":[{"href":"http:\/\/www.formlab.ca\/A23\/wp-json\/wp\/v2\/pages"}],"about":[{"href":"http:\/\/www.formlab.ca\/A23\/wp-json\/wp\/v2\/types\/page"}],"author":[{"embeddable":true,"href":"http:\/\/www.formlab.ca\/A23\/wp-json\/wp\/v2\/users\/1"}],"replies":[{"embeddable":true,"href":"http:\/\/www.formlab.ca\/A23\/wp-json\/wp\/v2\/comments?post=91"}],"version-history":[{"count":9,"href":"http:\/\/www.formlab.ca\/A23\/wp-json\/wp\/v2\/pages\/91\/revisions"}],"predecessor-version":[{"id":879,"href":"http:\/\/www.formlab.ca\/A23\/wp-json\/wp\/v2\/pages\/91\/revisions\/879"}],"wp:attachment":[{"href":"http:\/\/www.formlab.ca\/A23\/wp-json\/wp\/v2\/media?parent=91"}],"curies":[{"name":"wp","href":"https:\/\/api.w.org\/{rel}","templated":true}]}}