{"id":260,"date":"2016-12-01T23:08:46","date_gmt":"2016-12-01T22:08:46","guid":{"rendered":"http:\/\/www.espace-bbta.com\/sophieshop\/?page_id=260"},"modified":"2025-02-13T12:22:55","modified_gmt":"2025-02-13T17:22:55","slug":"accueil","status":"publish","type":"page","link":"https:\/\/www.formlab.ca\/A23\/","title":{"rendered":"Accueil"},"content":{"rendered":"<div class=\"wpb-content-wrapper\"><p>[vc_row][vc_column][vc_single_image image=\u00a0\u00bb933&Prime; img_size=\u00a0\u00bb1500&#215;1050&Prime;][\/vc_column][\/vc_row][vc_row][vc_column][vc_empty_space height=\u00a0\u00bb18px\u00a0\u00bb][\/vc_column][\/vc_row][vc_row][vc_column][vc_column_text]<\/p>\n<h2 style=\"text-align: center;\"><span style=\"color: #000000;\"><strong>NOS SERVICES<\/strong><\/span><\/h2>\n<p>[\/vc_column_text][vc_empty_space height=\u00a0\u00bb15px\u00a0\u00bb][vc_column_text]<\/p>\n<h3 style=\"text-align: center;\"><strong>Votre sant\u00e9 nous tient \u00e0 c\u0153ur!<\/strong><\/h3>\n<p>[\/vc_column_text][\/vc_column][\/vc_row][vc_row][vc_column][vc_empty_space height=\u00a0\u00bb18px\u00a0\u00bb][\/vc_column][\/vc_row][vc_row][vc_column width=\u00a0\u00bb1\/5&Prime;][vc_single_image image=\u00a0\u00bb1249&Prime; img_size=\u00a0\u00bb450&#215;650&Prime; alignment=\u00a0\u00bbcenter\u00a0\u00bb style=\u00a0\u00bbvc_box_border_circle_2&Prime; onclick=\u00a0\u00bbcustom_link\u00a0\u00bb image_hovers=\u00a0\u00bbfalse\u00a0\u00bb link=\u00a0\u00bbhttp:\/\/www.formlab.ca\/A23\/rendez-vous\/\u00a0\u00bb][\/vc_column][vc_column width=\u00a0\u00bb1\/5&Prime;][vc_single_image image=\u00a0\u00bb987&Prime; img_size=\u00a0\u00bb450&#215;650&Prime; alignment=\u00a0\u00bbcenter\u00a0\u00bb style=\u00a0\u00bbvc_box_border_circle_2&Prime; onclick=\u00a0\u00bbcustom_link\u00a0\u00bb image_hovers=\u00a0\u00bbfalse\u00a0\u00bb link=\u00a0\u00bbhttp:\/\/www.formlab.ca\/A23\/accueil-problematiques\/\u00a0\u00bb][\/vc_column][vc_column width=\u00a0\u00bb1\/5&Prime;][vc_single_image image=\u00a0\u00bb1245&Prime; img_size=\u00a0\u00bb450&#215;650&Prime; alignment=\u00a0\u00bbcenter\u00a0\u00bb style=\u00a0\u00bbvc_box_border_circle_2&Prime; onclick=\u00a0\u00bbcustom_link\u00a0\u00bb image_hovers=\u00a0\u00bbfalse\u00a0\u00bb link=\u00a0\u00bbhttp:\/\/www.formlab.ca\/A23\/accueil-traitements\/\u00a0\u00bb][\/vc_column][vc_column width=\u00a0\u00bb1\/5&Prime;][vc_single_image image=\u00a0\u00bb986&Prime; img_size=\u00a0\u00bb450&#215;650&Prime; alignment=\u00a0\u00bbcenter\u00a0\u00bb style=\u00a0\u00bbvc_box_border_circle_2&Prime; onclick=\u00a0\u00bbcustom_link\u00a0\u00bb image_hovers=\u00a0\u00bbfalse\u00a0\u00bb link=\u00a0\u00bbhttp:\/\/www.formlab.ca\/A23\/massotherapie\/\u00a0\u00bb][\/vc_column][vc_column width=\u00a0\u00bb1\/5&Prime;][vc_single_image image=\u00a0\u00bb988&Prime; img_size=\u00a0\u00bb450&#215;650&Prime; alignment=\u00a0\u00bbcenter\u00a0\u00bb style=\u00a0\u00bbvc_box_border_circle_2&Prime; onclick=\u00a0\u00bbcustom_link\u00a0\u00bb image_hovers=\u00a0\u00bbfalse\u00a0\u00bb link=\u00a0\u00bbhttp:\/\/www.formlab.ca\/A23\/le-reset-programme-pour-la-perte-de-pois\/\u00a0\u00bb][\/vc_column][\/vc_row][vc_row][vc_column][vc_empty_space height=\u00a0\u00bb18x\u00a0\u00bb][\/vc_column][\/vc_row][vc_row][vc_column][vc_column_text]<\/p>\n<h2 style=\"text-align: center;\"><strong>L&rsquo;\u00c9QUIPE FORMLAB<\/strong><\/h2>\n<p>[\/vc_column_text][vc_row_inner][vc_column_inner width=\u00a0\u00bb1\/4&Prime;][vc_single_image image=\u00a0\u00bb1071&Prime; img_size=\u00a0\u00bb350&#215;450&Prime; alignment=\u00a0\u00bbcenter\u00a0\u00bb][vc_empty_space height=\u00a0\u00bb6px\u00a0\u00bb][vc_column_text]<\/p>\n<p style=\"text-align: center;\"><strong>Sophie<\/strong><br \/>\n<strong>Gosselin<\/strong><\/p>\n<p>[\/vc_column_text][\/vc_column_inner][vc_column_inner width=\u00a0\u00bb1\/4&Prime;][vc_single_image image=\u00a0\u00bb1084&Prime; img_size=\u00a0\u00bb350&#215;450&Prime; alignment=\u00a0\u00bbcenter\u00a0\u00bb][vc_empty_space height=\u00a0\u00bb6px\u00a0\u00bb][vc_column_text]<\/p>\n<p style=\"text-align: center;\"><strong>Doroth\u00e9e<\/strong><br \/>\n<strong>Simard<\/strong><\/p>\n<p>[\/vc_column_text][\/vc_column_inner][vc_column_inner width=\u00a0\u00bb1\/4&Prime;][vc_single_image image=\u00a0\u00bb1087&Prime; img_size=\u00a0\u00bb350&#215;450&Prime; alignment=\u00a0\u00bbcenter\u00a0\u00bb][vc_empty_space height=\u00a0\u00bb6px\u00a0\u00bb][vc_column_text]<\/p>\n<p style=\"text-align: center;\"><strong>Paola<\/strong><br \/>\n<strong>Cabrera<\/strong><\/p>\n<p>[\/vc_column_text][\/vc_column_inner][vc_column_inner width=\u00a0\u00bb1\/4&Prime;][vc_single_image image=\u00a0\u00bb1089&Prime; img_size=\u00a0\u00bb350&#215;450&Prime; alignment=\u00a0\u00bbcenter\u00a0\u00bb][vc_empty_space height=\u00a0\u00bb6px\u00a0\u00bb][vc_column_text]<\/p>\n<p style=\"text-align: center;\"><strong>Rebecca<\/strong><br \/>\n<strong>Beaubien<\/strong><\/p>\n<p>[\/vc_column_text][\/vc_column_inner][\/vc_row_inner][\/vc_column][\/vc_row][vc_row][vc_column][vc_empty_space height=\u00a0\u00bb10px\u00a0\u00bb][\/vc_column][\/vc_row][vc_row][vc_column][vc_column_text]<\/p>\n<h2 style=\"text-align: center;\"><span style=\"color: #000000;\"><strong>NOS DERNI\u00c8RES NOUVELLES<\/strong><\/span><\/h2>\n<p>[\/vc_column_text][\/vc_column][\/vc_row][vc_row][vc_column][vc_empty_space height=\u00a0\u00bb10px\u00a0\u00bb][\/vc_column][\/vc_row][vc_row][vc_column][vc_basic_grid post_type=\u00a0\u00bbpost\u00a0\u00bb max_items=\u00a0\u00bb4&Prime; element_width=\u00a0\u00bb3&Prime; gap=\u00a0\u00bb15&Prime; item=\u00a0\u00bbbasicGrid_NoAnimation\u00a0\u00bb initial_loading_animation=\u00a0\u00bbnone\u00a0\u00bb grid_id=\u00a0\u00bbvc_gid:1739467291102-25488e5b-c9fd-8&Prime;][\/vc_column][\/vc_row]<\/p>\n<\/div>","protected":false},"excerpt":{"rendered":"<p>[vc_row][vc_column][vc_single_image image=\u00a0\u00bb933&Prime; img_size=\u00a0\u00bb1500&#215;1050&Prime;][\/vc_column][\/vc_row][vc_row][vc_column][vc_empty_space height=\u00a0\u00bb18px\u00a0\u00bb][\/vc_column][\/vc_row][vc_row][vc_column][vc_column_text] NOS SERVICES [\/vc_column_text][vc_empty_space height=\u00a0\u00bb15px\u00a0\u00bb][vc_column_text] Votre sant\u00e9 nous tient \u00e0 c\u0153ur! [\/vc_column_text][\/vc_column][\/vc_row][vc_row][vc_column][vc_empty_space height=\u00a0\u00bb18px\u00a0\u00bb][\/vc_column][\/vc_row][vc_row][vc_column width=\u00a0\u00bb1\/5&Prime;][vc_single_image image=\u00a0\u00bb1249&Prime; img_size=\u00a0\u00bb450&#215;650&Prime; alignment=\u00a0\u00bbcenter\u00a0\u00bb style=\u00a0\u00bbvc_box_border_circle_2&Prime; onclick=\u00a0\u00bbcustom_link\u00a0\u00bb image_hovers=\u00a0\u00bbfalse\u00a0\u00bb link=\u00a0\u00bbhttp:\/\/www.formlab.ca\/A23\/rendez-vous\/\u00a0\u00bb][\/vc_column][vc_column width=\u00a0\u00bb1\/5&Prime;][vc_single_image image=\u00a0\u00bb987&Prime; img_size=\u00a0\u00bb450&#215;650&Prime; alignment=\u00a0\u00bbcenter\u00a0\u00bb style=\u00a0\u00bbvc_box_border_circle_2&Prime; onclick=\u00a0\u00bbcustom_link\u00a0\u00bb image_hovers=\u00a0\u00bbfalse\u00a0\u00bb link=\u00a0\u00bbhttp:\/\/www.formlab.ca\/A23\/accueil-problematiques\/\u00a0\u00bb][\/vc_column][vc_column width=\u00a0\u00bb1\/5&Prime;][vc_single_image image=\u00a0\u00bb1245&Prime; img_size=\u00a0\u00bb450&#215;650&Prime; alignment=\u00a0\u00bbcenter\u00a0\u00bb style=\u00a0\u00bbvc_box_border_circle_2&Prime; onclick=\u00a0\u00bbcustom_link\u00a0\u00bb image_hovers=\u00a0\u00bbfalse\u00a0\u00bb link=\u00a0\u00bbhttp:\/\/www.formlab.ca\/A23\/accueil-traitements\/\u00a0\u00bb][\/vc_column][vc_column width=\u00a0\u00bb1\/5&Prime;][vc_single_image image=\u00a0\u00bb986&Prime; img_size=\u00a0\u00bb450&#215;650&Prime; alignment=\u00a0\u00bbcenter\u00a0\u00bb style=\u00a0\u00bbvc_box_border_circle_2&Prime; onclick=\u00a0\u00bbcustom_link\u00a0\u00bb image_hovers=\u00a0\u00bbfalse\u00a0\u00bb link=\u00a0\u00bbhttp:\/\/www.formlab.ca\/A23\/massotherapie\/\u00a0\u00bb][\/vc_column][vc_column width=\u00a0\u00bb1\/5&Prime;][vc_single_image image=\u00a0\u00bb988&Prime; img_size=\u00a0\u00bb450&#215;650&Prime; alignment=\u00a0\u00bbcenter\u00a0\u00bb style=\u00a0\u00bbvc_box_border_circle_2&Prime; onclick=\u00a0\u00bbcustom_link\u00a0\u00bb image_hovers=\u00a0\u00bbfalse\u00a0\u00bb&hellip;<\/p>\n","protected":false},"author":1,"featured_media":933,"parent":0,"menu_order":0,"comment_status":"closed","ping_status":"closed","template":"","meta":[],"_links":{"self":[{"href":"https:\/\/www.formlab.ca\/A23\/wp-json\/wp\/v2\/pages\/260"}],"collection":[{"href":"https:\/\/www.formlab.ca\/A23\/wp-json\/wp\/v2\/pages"}],"about":[{"href":"https:\/\/www.formlab.ca\/A23\/wp-json\/wp\/v2\/types\/page"}],"author":[{"embeddable":true,"href":"https:\/\/www.formlab.ca\/A23\/wp-json\/wp\/v2\/users\/1"}],"replies":[{"embeddable":true,"href":"https:\/\/www.formlab.ca\/A23\/wp-json\/wp\/v2\/comments?post=260"}],"version-history":[{"count":50,"href":"https:\/\/www.formlab.ca\/A23\/wp-json\/wp\/v2\/pages\/260\/revisions"}],"predecessor-version":[{"id":1310,"href":"https:\/\/www.formlab.ca\/A23\/wp-json\/wp\/v2\/pages\/260\/revisions\/1310"}],"wp:featuredmedia":[{"embeddable":true,"href":"https:\/\/www.formlab.ca\/A23\/wp-json\/wp\/v2\/media\/933"}],"wp:attachment":[{"href":"https:\/\/www.formlab.ca\/A23\/wp-json\/wp\/v2\/media?parent=260"}],"curies":[{"name":"wp","href":"https:\/\/api.w.org\/{rel}","templated":true}]}}